{"id":225942,"date":"2025-06-17T20:04:50","date_gmt":"2025-06-17T18:04:50","guid":{"rendered":"https:\/\/neocarbone.com\/?post_type=product&#038;p=225942"},"modified":"2025-06-17T20:04:51","modified_gmt":"2025-06-17T18:04:51","slug":"marker-pescador","status":"publish","type":"product","link":"https:\/\/neocarbone.com\/en\/product\/marker-pescador\/","title":{"rendered":"Marker \u2013 Pescador"},"content":{"rendered":"<p><strong>PESCADOR SUB BELT FLOAT MARKER <\/strong><\/p>\n<p>A floating marker is designed to find fishing spots on the seabed.<\/p>\n<p>It is YELLOW for easy identification from the surface.<\/p>\n<p>The 30-meter-long, white, 1.5 mm line guides the diver to the seabed, to the place where he left the lead anchor.<\/p>\n<p>The central floating buoy, once freed, rises to the surface.<\/p>\n<p>It also has a hook and some useful cuts on the sides to lock the line, preventing it from continuing to unfold.<\/p>\n<p>Once the line is locked under the surface, it stays vertically at the point at the bottom.<\/p>\n<p>It is equipped with a 400-gram rubberized lead to minimize sound as it reaches the bottom. The elastic band has a tear-off strap that allows it to be applied to the belt without having to remove the lead.<\/p>\n<p><strong>MARQUEUR FLOTTEUR PESCADOR SUB BELT<\/strong><\/p>\n<p>Marqueur flotant con\u00e7u pour rep\u00e9rer les spots de p\u00eache au fond marin.<\/p>\n<p>Jaune, il est facilement identifiable depuis la surface.<\/p>\n<p>La cordelette blanche de 1.5 mm, longue de 30 m\u00e8tres, guide le plongeur jusqu&#039;au fond, \u00e0 l&#039;endroit o\u00f9 il a laiss\u00e9 son ancre plomb\u00e9e.<\/p>\n<p>Une fois lib\u00e9r\u00e9e, la bou\u00e9e flottante centrale remonte \u00e0 la surface. Elle est \u00e9galement dot\u00e9e d&#039;un crochet et de d\u00e9coupages laterales pratiques pour blocker la ligne et l&#039;imp\u00eacher de se unroller. Une fois bloqu\u00e9e sous la surface, la ligne reste verticalement sur la pointe au fund.<\/p>\n<p>Elle est \u00e9quip\u00e9e d&#039;un plomb caoutchout\u00e9 de 400 grammes pour minimiser le bruit lorsqu&#039;elle atteint le fond.<\/p>\n<p>La bande \u00e9lastique est dot\u00e9e d&#039;une sangle d\u00e9tachable permissant de l&#039;attacher \u00e0 la ceinture sans avoir \u00e0 retirer le plomb.<\/p>","protected":false},"excerpt":{"rendered":"<p>PESCADOR SUB BELT FLOAT MARKER A floating marker is designed to find fishing spots on the seabed. It is YELLOW\u00a0 for easy identification from the surface. The 30-meter-long, white, 1.5 mm line guides the diver to the seabed, to the place where he left the lead anchor. The central floating buoy, once freed, rises to [&hellip;]<\/p>\n","protected":false},"featured_media":225943,"template":"","meta":{"_et_pb_use_builder":"","_et_pb_old_content":"","_et_gb_content_width":""},"product_brand":[],"product_cat":[54,170,82],"product_tag":[],"class_list":{"0":"post-225942","1":"product","2":"type-product","3":"status-publish","4":"has-post-thumbnail","6":"product_cat-novi-proizvodi","7":"product_cat-pescador","8":"product_cat-plutace-i-pribor","10":"first","11":"instock","12":"shipping-taxable","13":"purchasable","14":"product-type-simple"},"_links":{"self":[{"href":"https:\/\/neocarbone.com\/en\/wp-json\/wp\/v2\/product\/225942","targetHints":{"allow":["GET"]}}],"collection":[{"href":"https:\/\/neocarbone.com\/en\/wp-json\/wp\/v2\/product"}],"about":[{"href":"https:\/\/neocarbone.com\/en\/wp-json\/wp\/v2\/types\/product"}],"wp:featuredmedia":[{"embeddable":true,"href":"https:\/\/neocarbone.com\/en\/wp-json\/wp\/v2\/media\/225943"}],"wp:attachment":[{"href":"https:\/\/neocarbone.com\/en\/wp-json\/wp\/v2\/media?parent=225942"}],"wp:term":[{"taxonomy":"product_brand","embeddable":true,"href":"https:\/\/neocarbone.com\/en\/wp-json\/wp\/v2\/product_brand?post=225942"},{"taxonomy":"product_cat","embeddable":true,"href":"https:\/\/neocarbone.com\/en\/wp-json\/wp\/v2\/product_cat?post=225942"},{"taxonomy":"product_tag","embeddable":true,"href":"https:\/\/neocarbone.com\/en\/wp-json\/wp\/v2\/product_tag?post=225942"}],"curies":[{"name":"wp","href":"https:\/\/api.w.org\/{rel}","templated":true}]}}