{"id":225955,"date":"2025-06-17T20:21:14","date_gmt":"2025-06-17T18:21:14","guid":{"rendered":"https:\/\/neocarbone.com\/?post_type=product&#038;p=225955"},"modified":"2025-06-17T20:21:14","modified_gmt":"2025-06-17T18:21:14","slug":"cistac-ribe-inox-pescador","status":"publish","type":"product","link":"https:\/\/neocarbone.com\/en\/product\/cistac-ribe-inox-pescador\/","title":{"rendered":"Stainless steel fish cleaner - Pescador"},"content":{"rendered":"<p><strong>STAINLESS FISH SCALER BY PESCADOR SUB<\/strong><\/p>\n<p>Perfect to complete your spearfishing gear<\/p>\n<p>Use it before leaving the sea, in salt water, rather than using fresh water, to maintain the quality of the fish and to make the cleaning process easier<\/p>\n<p><strong>\u00c9CAILLEUR \u00c0 POISSON EN INOX PAR PESCADOR SUB<\/strong><\/p>\n<p>Parfait pour completer votre \u00e9quipement de chasse sous-marine<\/p>\n<p>Utilize-le avant de quitter la mer, en eau sal\u00e9e, pl\u00fbt\u00f4t qu&#039;en eau douce, pour pr\u00e9servater la qualit\u00e9 du poisson et facilitaire le nettoyage.<\/p>","protected":false},"excerpt":{"rendered":"<p>STAINLESS FISH SCALER BY PESCADOR SUB Perfect to complete your spearfishing gear Use it before leaving the sea, in salt water, rather than using fresh water, to maintain the quality of the fish and to make the cleaning process easier \u00c9CAILLEUR \u00c0 POISSON EN INOX PAR PESCADOR SUB Parfait pour compl\u00e9ter votre \u00e9quipement de chasse [&hellip;]<\/p>\n","protected":false},"featured_media":225956,"template":"","meta":{"_et_pb_use_builder":"","_et_pb_old_content":"","_et_gb_content_width":""},"product_brand":[],"product_cat":[54,170,53],"product_tag":[],"class_list":{"0":"post-225955","1":"product","2":"type-product","3":"status-publish","4":"has-post-thumbnail","6":"product_cat-novi-proizvodi","7":"product_cat-pescador","8":"product_cat-razni-dodaci","10":"first","11":"instock","12":"shipping-taxable","13":"purchasable","14":"product-type-simple"},"_links":{"self":[{"href":"https:\/\/neocarbone.com\/en\/wp-json\/wp\/v2\/product\/225955","targetHints":{"allow":["GET"]}}],"collection":[{"href":"https:\/\/neocarbone.com\/en\/wp-json\/wp\/v2\/product"}],"about":[{"href":"https:\/\/neocarbone.com\/en\/wp-json\/wp\/v2\/types\/product"}],"wp:featuredmedia":[{"embeddable":true,"href":"https:\/\/neocarbone.com\/en\/wp-json\/wp\/v2\/media\/225956"}],"wp:attachment":[{"href":"https:\/\/neocarbone.com\/en\/wp-json\/wp\/v2\/media?parent=225955"}],"wp:term":[{"taxonomy":"product_brand","embeddable":true,"href":"https:\/\/neocarbone.com\/en\/wp-json\/wp\/v2\/product_brand?post=225955"},{"taxonomy":"product_cat","embeddable":true,"href":"https:\/\/neocarbone.com\/en\/wp-json\/wp\/v2\/product_cat?post=225955"},{"taxonomy":"product_tag","embeddable":true,"href":"https:\/\/neocarbone.com\/en\/wp-json\/wp\/v2\/product_tag?post=225955"}],"curies":[{"name":"wp","href":"https:\/\/api.w.org\/{rel}","templated":true}]}}