{"id":790378,"date":"2026-03-10T16:46:56","date_gmt":"2026-03-10T14:46:56","guid":{"rendered":"https:\/\/neocarbone.com\/?post_type=product&#038;p=790378"},"modified":"2026-03-10T16:49:48","modified_gmt":"2026-03-10T14:49:48","slug":"torba-za-opremu-sub-pescador","status":"publish","type":"product","link":"https:\/\/neocarbone.com\/en\/product\/torba-za-opremu-sub-pescador\/","title":{"rendered":"SUB equipment bag \u2013 Pescador"},"content":{"rendered":"<p><strong>PESCADOR SUB EQUIPMENT BAG<\/strong><\/p>\n<p>The pescador equipment bag is an oversized 100 liter waterproof PVC gear bag with high-frequency welded seams that ensures your wet gear is kept contained.<\/p>\n<p>Perfect for transporting long fins and bulky equipment in your vehicle or on the boat.<\/p>\n<p>Additionally, it has a convenient waterproof side pocket for objects that need to be protected from the water.<\/p>\n<p>A bung in one end allows for easy washing out or drainage of excess water.\u200b\u200b<\/p>\n<p>Travel bag, Free diving equipment bag, ,<\/p>\n<p>&nbsp;<\/p>\n<p><strong>SAC PESCADOR SUB EQUIPMENT<\/strong><\/p>\n<p>Le sac \u00e0 \u00e9quipement de p\u00eache est un sac surdimensionn\u00e9 de 100 liters en PVC \u00e9tante avec des coutures soud\u00e9es \u00e0 haute fr\u00e9quence qui garantissent que votre \u00e9quipement mouill\u00e9 reste bien en place.<\/p>\n<p>Id\u00e9al pour transporter de longues palmes et du mat\u00e9riel encombrant dans votre v\u00e9hicule ou sur votre bateau.<\/p>\n<p>De plus, elle possesde une poche laterale \u00e9tanche tr\u00e8s pratique pour les objets qui doivent \u00eatre prot\u00e9g\u00e9s de l&#039;eau.<\/p>\n<p>Un bouchon \u00e0 une extremit\u00e9 permet d&#039;\u00e9vacuer facilement l&#039;exc\u00e8s d&#039;eau ou de la rincer.<\/p>\n<p>Sac de voyage, sac pour \u00e9quipement de plong\u00e9e en apn\u00e9e,<\/p>\n<p>&nbsp;<\/p>\n<p>&nbsp;<\/p>\n<p>&nbsp;<\/p>","protected":false},"excerpt":{"rendered":"<p>PESCADOR SUB EQUIMENT BAG The pescador equiment bag\u00a0 is an oversized 100 litre waterproof PVC gearbag with high-frequency welded seams that ensures your wet gear is kept contained. Perfect for transporting long fins and bulky equipment in your vehicle or on the boat. Additionally, it has a convenient watertight side pocket for objects that need [&hellip;]<\/p>\n","protected":false},"featured_media":790367,"template":"","meta":{"_et_pb_use_builder":"","_et_pb_old_content":"","_et_gb_content_width":""},"product_brand":[],"product_cat":[161,54,86],"product_tag":[],"class_list":{"0":"post-790378","1":"product","2":"type-product","3":"status-publish","4":"has-post-thumbnail","6":"product_cat-imersion","7":"product_cat-novi-proizvodi","8":"product_cat-torbe","10":"first","11":"instock","12":"shipping-taxable","13":"purchasable","14":"product-type-simple"},"_links":{"self":[{"href":"https:\/\/neocarbone.com\/en\/wp-json\/wp\/v2\/product\/790378","targetHints":{"allow":["GET"]}}],"collection":[{"href":"https:\/\/neocarbone.com\/en\/wp-json\/wp\/v2\/product"}],"about":[{"href":"https:\/\/neocarbone.com\/en\/wp-json\/wp\/v2\/types\/product"}],"wp:featuredmedia":[{"embeddable":true,"href":"https:\/\/neocarbone.com\/en\/wp-json\/wp\/v2\/media\/790367"}],"wp:attachment":[{"href":"https:\/\/neocarbone.com\/en\/wp-json\/wp\/v2\/media?parent=790378"}],"wp:term":[{"taxonomy":"product_brand","embeddable":true,"href":"https:\/\/neocarbone.com\/en\/wp-json\/wp\/v2\/product_brand?post=790378"},{"taxonomy":"product_cat","embeddable":true,"href":"https:\/\/neocarbone.com\/en\/wp-json\/wp\/v2\/product_cat?post=790378"},{"taxonomy":"product_tag","embeddable":true,"href":"https:\/\/neocarbone.com\/en\/wp-json\/wp\/v2\/product_tag?post=790378"}],"curies":[{"name":"wp","href":"https:\/\/api.w.org\/{rel}","templated":true}]}}