{"id":790492,"date":"2026-03-10T21:22:08","date_gmt":"2026-03-10T19:22:08","guid":{"rendered":"https:\/\/neocarbone.com\/?post_type=product&#038;p=790492"},"modified":"2026-03-11T10:05:07","modified_gmt":"2026-03-11T08:05:07","slug":"odijelo-pescador-fire-gray-7mm","status":"publish","type":"product","link":"https:\/\/neocarbone.com\/en\/product\/odijelo-pescador-fire-gray-7mm\/","title":{"rendered":"Suit Pescador Fire Gray \u2013 7mm"},"content":{"rendered":"<p><strong>Wetsuit \u201cFire Gray\u201d Yamamoto \u2013 7mm<\/strong><\/p>\n<p><strong>Wetsuits Yamamoto &quot;Bio&quot; Neoprene - Friendly skin<\/strong><\/p>\n<ul>\n<li>The rubber products from Yamamoto Corporation are made of fully closed-cell foam (honeycomb structure), which offers excellent thermal insulation qualities, high flexibility, and a very low density (lightweight).<\/li>\n<li>Yamamoto Corporation can supply excellent, high-quality materials at the appropriate thicknesses that satisfy environmental and usage requirements.<\/li>\n<li>Yamamoto neoprene is separated based on its strength and flexibility. Material Yamamoto 39 is the most widely used.<\/li>\n<li>This neoprene is used in spearfishing, free diving, surfing, and triathlons.<\/li>\n<li>All materials boast the following superior qualities:<\/li>\n<li>Ultra-low resistance:<\/li>\n<li>High heat retention<\/li>\n<li>Light Weight<\/li>\n<li>High durability<\/li>\n<li>The comfort and well-being of underwater hunters were the primary considerations in the design of the PESCADOR SUB Wetsuits.<\/li>\n<li>When an underwater fisherman has an anatomical cut, he can move around underwater with the same freedom as when he is not wearing a wetsuit. Apart from cutting the wetsuit&#039;s ability to retain heat, it allows users to spend hours in water with temperatures between 10 and 15 degrees Celsius without even realizing it.<\/li>\n<li>You can choose the one that works best for you based on the type and the fishing zone you create, thanks to its camouflaged palette.<\/li>\n<li>The fish that is waiting for you to take it home is the only thing on your mind when you are enjoying your hobby, because PESCADOR SUB values all the important factors in creating products of excellence.<\/li>\n<li>We have suits in 1 point: 5 mm, 3 mm, 5 mm, 7 mm, and 9 mm.<\/li>\n<li><strong><strong>Sizes: M, L, XL, 2XL, 3XL, 4XL<\/strong><\/strong><\/li>\n<\/ul>\n<p>&nbsp;<\/p>\n<p><strong>Combinaison de Chasse sous-marine \u201cFire Gray\u201d Yamamoto \u2013 7mm<\/strong><\/p>\n<p><strong>Combinaisons &quot;Bio&quot; Neopr\u00e8ne Yamamoto - hypoallergenic<\/strong><\/p>\n<ul>\n<li>Les combinaisons Pescador sub use a camouflage 3D using a technique d&#039;impression 3D based on motifs inspired by nature avec une coupe anatomique de pointe. Ces combinaisons s&#039;adressent \u00e0 ceux qui attendant un camouflage beaucoup plus efficace, s&#039;int\u00e9grant parfaitment \u00e0 l&#039;environnement.<\/li>\n<li>Par exemple, les poissons que nous aimons tant ne sont pas compl\u00e8tement unicolore, 99 % des poissons ont un ventre blanc avec un dos fonc\u00e9. La raison en est que lorsque le poisson est vu d&#039;en bas, il se confond avec la luminosity du ciel et vice versa lorsque&#039;il est vu d&#039;en haut, se camouflant facilement avec l&#039;obscurit\u00e9 des fonds marins.<\/li>\n<li>La couleur noire \u00ab traditionnelle \u00bb est toujours une silhouette facilement reconnaissable dans l&#039;eau. Un bon exemple sont les phoques, ils ont cette couleur pour efficaciously absorb la chaleur du soleil pour lutter contre les temp\u00e9ratures froides dans les environnements glaciales, mais lorsque&#039;ils entrent dans l&#039;eau, ils deviennet des proies faciles pour les pr\u00e9dateurs en raison de leur silhouette bien defini.<\/li>\n<li>Le r\u00e9alisme 3D utilisate par Pescador presents a effet d&#039;arri\u00e8re-plan adouci, avec une profondeur de champ r\u00e9duite pour ameliorater l&#039;efficacyt du camouflage.<\/li>\n<li>Notre n\u00e9oprene de choix est le Yamamoto 39, considered comme le meilleur au monde pour les combinaisons d&#039;apn\u00e9e, de surf et de triathlon.<\/li>\n<li>During un certain temps, il n&#039;a pas \u00e9t\u00e9 possible d&#039;ameliorier davantage ce materiaul, le Yamamoto 39, jusqu&#039;\u00e0 ce qu&#039;un materiaul externe soit disponible offrant 30 % de flexibility en plus que les autres materiaul actuellement sur le march\u00e9.<\/li>\n<li>Yamamoto 39 est notre meilleur n\u00e9opr\u00e8ne, created by Yamamoto Japon, compos\u00e9 de cellules ferm\u00e9es dans une structure hexagonale technically connue sous le nom de HONEYCOMB, qui ofre une densit\u00e0 plus faible (moins de poids), une plus grande flexibility et une excellente isolation thermique sans fuites.<\/li>\n<li>Le n\u00e9oprene utilisate dans notre \u00e9quipement Yamamoto presents the following characteristics:<\/li>\n<li>\u2013 Higher mobility<\/li>\n<li>\u2013 More comfort<\/li>\n<li>\u2013 Haute capacit\u00e9 de r\u00e9tention de chaleur<\/li>\n<li>\u2013 Light<\/li>\n<li>\u2013 Great durability<\/li>\n<li>Les combinaisons de p\u00eacheur sont fabriqu\u00e9es dans une grande vari\u00e9t\u00e9 de motifs color\u00e9s pour diff\u00e9rences types d&#039;environnements marins et sous-marins, con\u00e7u avec une coupe anatomique moderne et \u00e0 la pointe de la technologie. L&#039;objectif principal est d&#039;offrir un maximum de confort et de bien-\u00eatre pendant l&#039;utilisation, en permissive une plus grande libert\u00e9 de mouvement et une isolation thermique sup\u00e9rieure.<\/li>\n<li>Pescador valorise tous les points cruciaux, en se concentrant sur l&#039;offre d&#039;un produit d&#039;excellence, en utilisant des materials de pointe disponibles sur le march\u00e9 mondial pour garantir un maximum de confort et de plaisir lors de la pratique de votre sport pr\u00e9f\u00e9r\u00e9.<\/li>\n<li>Nos combinaisons sont disponibles en 3 mm, 5 mm, 7 mm, 8 mm et 9 mm<\/li>\n<li><strong>Sizes: M, L, XL, 2XL, 3XL, 4XL<\/strong><\/li>\n<\/ul>","protected":false},"excerpt":{"rendered":"<p>Wetsuit \u201cFire Gray\u201d Yamamoto \u2013 7mm Wetsuits Yamamoto \u201cBio\u201d Neoprene \u2013 Friendly skin The rubber products from Yamamoto Corporation are made of fully closed-cell foam (honeycomb structure), which offers excellent thermal insulation qualities, high flexibility, and a very low density (lightweight). Yamamoto Corporation can supply excellent, high-quality materials at the appropriate thicknesses that satisfy environmental [&hellip;]<\/p>\n","protected":false},"featured_media":790420,"template":"","meta":{"_et_pb_use_builder":"","_et_pb_old_content":"","_et_gb_content_width":""},"product_brand":[],"product_cat":[54,50,43,170],"product_tag":[],"class_list":{"0":"post-790492","1":"product","2":"type-product","3":"status-publish","4":"has-post-thumbnail","6":"product_cat-novi-proizvodi","7":"product_cat-odijela-7mm","8":"product_cat-odijela-za-podvodni-ribolov","9":"product_cat-pescador","11":"first","12":"instock","13":"shipping-taxable","14":"purchasable","15":"product-type-variable"},"_links":{"self":[{"href":"https:\/\/neocarbone.com\/en\/wp-json\/wp\/v2\/product\/790492","targetHints":{"allow":["GET"]}}],"collection":[{"href":"https:\/\/neocarbone.com\/en\/wp-json\/wp\/v2\/product"}],"about":[{"href":"https:\/\/neocarbone.com\/en\/wp-json\/wp\/v2\/types\/product"}],"wp:featuredmedia":[{"embeddable":true,"href":"https:\/\/neocarbone.com\/en\/wp-json\/wp\/v2\/media\/790420"}],"wp:attachment":[{"href":"https:\/\/neocarbone.com\/en\/wp-json\/wp\/v2\/media?parent=790492"}],"wp:term":[{"taxonomy":"product_brand","embeddable":true,"href":"https:\/\/neocarbone.com\/en\/wp-json\/wp\/v2\/product_brand?post=790492"},{"taxonomy":"product_cat","embeddable":true,"href":"https:\/\/neocarbone.com\/en\/wp-json\/wp\/v2\/product_cat?post=790492"},{"taxonomy":"product_tag","embeddable":true,"href":"https:\/\/neocarbone.com\/en\/wp-json\/wp\/v2\/product_tag?post=790492"}],"curies":[{"name":"wp","href":"https:\/\/api.w.org\/{rel}","templated":true}]}}