{"id":102110,"date":"2023-04-28T10:48:50","date_gmt":"2023-04-28T08:48:50","guid":{"rendered":"https:\/\/neocarbone.com\/?page_id=102110"},"modified":"2023-04-28T10:50:06","modified_gmt":"2023-04-28T08:50:06","slug":"podaci-o-poslovnom-subjektu-neocarbon-d-o-o","status":"publish","type":"page","link":"https:\/\/neocarbone.com\/fr\/podaci-o-poslovnom-subjektu-neocarbon-d-o-o\/","title":{"rendered":"INFORMATIONS SUR L&#039;ENTIT\u00c9 COMMERCIALE NEOCARBON doo"},"content":{"rendered":"<p><\/p>\n\n\n\n<p><strong>Entreprise:<\/strong> NEO CARBON doo pour le commerce<\/p>\n\n\n\n<p>Porte NEO CARBON<\/p>\n\n\n\n<p><strong>OIB\u00a0:<\/strong> 89500555483<\/p>\n\n\n\n<p><strong>Si\u00e8ge social:<\/strong> Rue Cetinska 15, Solin (Ville de Solin)<\/p>\n\n\n\n<p><strong>Adresse e-mail:<\/strong> stephan@neocarbone.com<\/p>\n\n\n\n<p><strong>Repr\u00e9sentant autoris\u00e9:<\/strong> ST\u00c9PHANE CHRISTOPHE MACCHI, OIB : 75262111436<\/p>\n\n\n\n<p>membre du conseil d&#039;administration - administrateur, repr\u00e9sente la Soci\u00e9t\u00e9 de mani\u00e8re ind\u00e9pendante et individuelle<\/p>\n\n\n\n<p><strong>Tribunal d&#039;inscription au registre judiciaire :<\/strong> Tribunal de Commerce de Split \/ num\u00e9ro \/ Tt-20\/10525-1<\/p>\n\n\n\n<p>MBS\u00a0: 89500555483<\/p>\n\n\n\n<p>IDUE\u00a0:\u00a0HRSR.060399932<\/p>\n\n\n\n<p><strong>Montant du capital social de la soci\u00e9t\u00e9 :<\/strong> 20 000,00 HRK \/ 2 654,46 EUR (taux de conversion fixe 7,53450)<\/p>\n\n\n\n<p>capital social lib\u00e9r\u00e9 int\u00e9gralement en num\u00e9raire<\/p>\n\n\n\n<p><strong>Soci\u00e9t\u00e9 et si\u00e8ge social des personnes morales aupr\u00e8s desquelles le compte professionnel est tenu\u00a0:<\/strong><\/p>\n\n\n\n<p>Privredna banka Zagreb dd, Radni\u010dka cesta 50, 10000 Zagreb, OIB : 02535697732<\/p>\n\n\n\n<p>Compte chez Privredna banka Zagreb dd - IBAN: HR8223400091110988156<\/p>\n\n\n\n<p>SWIFT\u00a0:\u00a0PBZGHR2X<\/p>","protected":false},"excerpt":{"rendered":"<p>Tvrtka: NEO CARBON d.o.o. za trgovinu NEO CARBON d.o.o. OIB: 89500555483 Sjedi\u0161te: Cetinska ulica 15, Solin (Grad Solin) Adresa elektroni\u010dke po\u0161te: stephan@neocarbone.com Osobe ovla\u0161tene za zastupanje: STEPHANE CHRISTOPHE MACCHI, &nbsp;OIB: 75262111436 \u010dlan uprave \u2013 direktor, zastupa Dru\u0161tvo samostalno i pojedina\u010dno Sud upisa u sudski registar: Trgova\u010dki sud u Splitu \/ broj \/ Tt-20\/10525-1 MBS: &nbsp;89500555483 [&hellip;]<\/p>\n","protected":false},"author":1,"featured_media":0,"parent":0,"menu_order":0,"comment_status":"closed","ping_status":"closed","template":"","meta":{"_et_pb_use_builder":"off","_et_pb_old_content":"","_et_gb_content_width":"","footnotes":""},"class_list":["post-102110","page","type-page","status-publish","hentry"],"_links":{"self":[{"href":"https:\/\/neocarbone.com\/fr\/wp-json\/wp\/v2\/pages\/102110","targetHints":{"allow":["GET"]}}],"collection":[{"href":"https:\/\/neocarbone.com\/fr\/wp-json\/wp\/v2\/pages"}],"about":[{"href":"https:\/\/neocarbone.com\/fr\/wp-json\/wp\/v2\/types\/page"}],"author":[{"embeddable":true,"href":"https:\/\/neocarbone.com\/fr\/wp-json\/wp\/v2\/users\/1"}],"replies":[{"embeddable":true,"href":"https:\/\/neocarbone.com\/fr\/wp-json\/wp\/v2\/comments?post=102110"}],"version-history":[{"count":0,"href":"https:\/\/neocarbone.com\/fr\/wp-json\/wp\/v2\/pages\/102110\/revisions"}],"wp:attachment":[{"href":"https:\/\/neocarbone.com\/fr\/wp-json\/wp\/v2\/media?parent=102110"}],"curies":[{"name":"wp","href":"https:\/\/api.w.org\/{rel}","templated":true}]}}