{"id":102116,"date":"2023-04-28T10:54:35","date_gmt":"2023-04-28T08:54:35","guid":{"rendered":"https:\/\/neocarbone.com\/?page_id=102116"},"modified":"2023-04-28T10:55:16","modified_gmt":"2023-04-28T08:55:16","slug":"opci-uvjeti-poslovanja","status":"publish","type":"page","link":"https:\/\/neocarbone.com\/fr\/opci-uvjeti-poslovanja\/","title":{"rendered":"conditions commerciales g\u00e9n\u00e9rales"},"content":{"rendered":"<strong>CONDITIONS G\u00c9N\u00c9RALES COMMERCIALES<\/strong>\n<strong>DISPOSITIONS G\u00c9N\u00c9RALES<\/strong>\n\n<!-- \/wp:post-content --><!-- wp:paragraph -->\n\nLa soci\u00e9t\u00e9 NEO CARBON doo fournit un service en ligne via le World Wide Web (Internet), c&#039;est-\u00e0-dire la fourniture de services d&#039;information et de gestion de contenu via son site Web sur le domaine <a href=\"https:\/\/neocarbone.com\/fr\/\">https:\/\/neocarbone.com<\/a>\n\n<!-- \/wp:paragraph --><!-- wp:paragraph -->\n\nLes conditions d&#039;utilisation prescrivent les conditions et les r\u00e8gles pour les utilisateurs finaux et se r\u00e9f\u00e8rent \u00e0 l&#039;utilisation du site Web <a href=\"https:\/\/neocarbone.com\/fr\/\">https:\/\/neocarbone.com<\/a>\n\n<!-- \/wp:paragraph --><!-- wp:paragraph -->\n\nEn utilisant le site Web, les utilisateurs finaux indiquent qu&#039;ils acceptent les pr\u00e9sentes conditions g\u00e9n\u00e9rales et acceptent d&#039;utiliser le site Web. <a href=\"https:\/\/neocarbone.com\/fr\/\">https:\/\/neocarbone.com<\/a> et conform\u00e9ment \u00e0 eux. Le droit d&#039;utiliser le site Web est un droit personnel de l&#039;utilisateur final, et il ne peut en aucun cas \u00eatre transf\u00e9r\u00e9 \u00e0 d&#039;autres personnes physiques ou morales, et aucun utilisateur n&#039;est autoris\u00e9 \u00e0 enregistrer d&#039;autres personnes physiques ou morales. L&#039;utilisateur final est personnellement responsable de la protection de la confidentialit\u00e9 des mots de passe, lorsqu&#039;ils existent en tant que tels. L&#039;utilisateur final est conscient du fait qu&#039;il y a parfois des interruptions de service ou des \u00e9v\u00e9nements ind\u00e9pendants de la volont\u00e9 de NEO CARBON doo et accepte que NEO CARBON doo ne soit pas responsable de toute perte de donn\u00e9es pouvant survenir lors de la transmission d&#039;informations sur Internet. L&#039;Utilisateur Final reconna\u00eet et accepte que l&#039;acc\u00e8s au Site Web puisse parfois \u00eatre interrompu, temporairement indisponible ou d\u00e9sactiv\u00e9.\n\n<!-- \/wp:paragraph --><!-- wp:paragraph -->\n\nLa soci\u00e9t\u00e9 NEO CARBON doo se r\u00e9serve le droit de modifier ou de mettre fin \u00e0 tout segment d&#039;activit\u00e9 \u00e0 tout moment, y compris, sans limitation, le contenu, le temps de disponibilit\u00e9, ainsi que l&#039;\u00e9quipement n\u00e9cessaire pour acc\u00e9der ou utiliser les pages. En outre, la soci\u00e9t\u00e9 NEO CARBON doo peut cesser d&#039;envoyer toute partie d&#039;informations, ou tout type d&#039;informations, peut modifier ou mettre fin \u00e0 tout mode de transmission de donn\u00e9es, et peut modifier les vitesses de transmission des donn\u00e9es, ainsi que toutes leurs autres caract\u00e9ristiques.\n\n<!-- \/wp:paragraph --><!-- wp:paragraph -->\n\nEn utilisant ces pages Internet, l&#039;utilisateur final confirme qu&#039;il a pris connaissance et qu&#039;il accepte les conditions g\u00e9n\u00e9rales de vente et d&#039;utilisation. La soci\u00e9t\u00e9 NEO CARBON doo conseille \u00e0 l&#039;utilisateur final : Si vous n&#039;\u00eates pas d&#039;accord avec les conditions d&#039;utilisation et les r\u00e8gles \u00e9nonc\u00e9es ici ou si vous avez moins de 16 ans, veuillez vous abstenir d&#039;utiliser ce site Web.\n\n<!-- \/wp:paragraph --><!-- wp:paragraph -->\n\nLa soci\u00e9t\u00e9 NEO CARBON doo se r\u00e9serve le droit, \u00e0 tout moment et sans pr\u00e9avis, si elle l&#039;estime n\u00e9cessaire, d&#039;annuler ou de modifier l&#039;une quelconque de ces <em>Conditions g\u00e9n\u00e9rales de vente et d&#039;utilisation et\/ou d\u00e9claration de confidentialit\u00e9<\/em>. Par cons\u00e9quent, il conseille aux utilisateurs finaux de relire de temps en temps les informations contenues dans les Conditions G\u00e9n\u00e9rales de Vente et d&#039;Utilisation et la D\u00e9claration de Confidentialit\u00e9, afin de rester inform\u00e9s de ces modifications. L&#039;utilisation continue du site Web m\u00eame apr\u00e8s la publication sur Internet des nouvelles conditions g\u00e9n\u00e9rales de vente et d&#039;utilisation modifi\u00e9es, c&#039;est-\u00e0-dire la d\u00e9claration de confidentialit\u00e9, signifie que l&#039;utilisateur final accepte les modifications.\n\n<!-- \/wp:paragraph --><!-- wp:paragraph -->\n\nL&#039;utilisateur final est responsable de l&#039;acquisition et de l&#039;entretien de son \u00e9quipement informatique, y compris de tous les logiciels et mat\u00e9riels qu&#039;il poss\u00e8de et utilise, ainsi que des autres \u00e9quipements n\u00e9cessaires pour acc\u00e9der et utiliser ces pages Internet et de tous les co\u00fbts y aff\u00e9rents. La soci\u00e9t\u00e9 NEO CARBON doo n&#039;est pas responsable des dommages caus\u00e9s au mat\u00e9riel de l&#039;utilisateur final qui pourraient r\u00e9sulter de l&#039;utilisation de ces sites.\n\n<!-- \/wp:paragraph --><!-- wp:paragraph -->\n\nCe site Web est une propri\u00e9t\u00e9 priv\u00e9e. Toutes les communications et interactions mutuelles qui ont lieu par le biais de ces pages Internet doivent \u00eatre conformes aux pr\u00e9sentes conditions g\u00e9n\u00e9rales de vente et d&#039;utilisation. Les utilisateurs finaux ne peuvent pas publier ou transmettre via ce site Web tout mat\u00e9riel qui menace ou viole de quelque mani\u00e8re que ce soit les droits d&#039;autrui, tout mat\u00e9riel qui est par nature ill\u00e9gal, mena\u00e7ant, offensant, diffamatoire, qui viole ou met en danger la vie priv\u00e9e, qui est vulgaire, obsc\u00e8ne, ou autrement ind\u00e9sirable dans une communication mesur\u00e9e, qui encourage des activit\u00e9s ill\u00e9gales, ou viole autrement toute r\u00e9glementation et qui, sans l&#039;approbation expresse, pr\u00e9alable et \u00e9crite de NEO CARBON doo, contient de la publicit\u00e9 ou des offres de produits et services. L&#039;utilisateur final ne peut pas utiliser ce site Web pour faire de la publicit\u00e9 ou effectuer une promotion commerciale, religieuse, politique ou non commerciale.\n\n<!-- \/wp:paragraph --><!-- wp:paragraph -->\n\nTous les mat\u00e9riaux trouv\u00e9s sur <a href=\"https:\/\/neocarbone.com\/fr\/\">https:\/\/neocarbone.com<\/a> Le site est la propri\u00e9t\u00e9 exclusive de la soci\u00e9t\u00e9 NEO CARBON doo, ou est utilis\u00e9 avec l&#039;autorisation expresse du titulaire des droits d&#039;auteur et du titulaire des droits de marque et\/ou de mod\u00e8le. TOUTE COPIE, DISTRIBUTION, TRANSMISSION, PUBLICATION, LIAISON, DEEP LINKING OU AUTRE MODIFICATION DE CES PAGES INTERNET SANS L&#039;APPROBATION EXPRESSE ET \u00c9CRITE DE LA SOCI\u00c9T\u00c9 NEO CARBON DOO EST STRICTEMENT INTERDITE\u00a0! La violation des Conditions G\u00e9n\u00e9rales de Vente et d&#039;Utilisation peut entra\u00eener l&#039;engagement de poursuites judiciaires et\/ou de poursuites p\u00e9nales \u00e0 l&#039;encontre de l&#039;auteur du fait de la violation des droits d&#039;auteur, des droits des marques ou des droits de toute autre forme de propri\u00e9t\u00e9 intellectuelle.\n\n<!-- \/wp:paragraph --><!-- wp:paragraph -->\n\nLe site Web contient des \u00e9l\u00e9ments prot\u00e9g\u00e9s par le droit d&#039;auteur, la marque, la conception et d&#039;autres informations couvertes par d&#039;autres droits de personnes physiques ou morales, y compris, mais sans s&#039;y limiter, des textes, des logiciels, des photos, du mat\u00e9riel vid\u00e9o, des graphiques, de la musique, du son, ainsi que que l&#039;ensemble des pages Internet de contenu <a href=\"https:\/\/neocarbone.com\/fr\/\">https:\/\/neocarbone.com<\/a> , et conform\u00e9ment \u00e0 la r\u00e9glementation de la R\u00e9publique de Croatie. L&#039;utilisateur final ne peut modifier, publier, transf\u00e9rer, participer au transfert ou \u00e0 la vente, cr\u00e9er des produits d\u00e9riv\u00e9s ou exploiter de quelque mani\u00e8re que ce soit tout contenu, en tout ou en partie. L&#039;utilisateur final peut t\u00e9l\u00e9charger, imprimer et enregistrer les documents prot\u00e9g\u00e9s par le droit d&#039;auteur pour leur propre usage uniquement. La copie, la redistribution, la retransmission, la publication ou l&#039;exploitation commerciale du mat\u00e9riel t\u00e9l\u00e9charg\u00e9 n&#039;est pas autoris\u00e9e sans l&#039;autorisation \u00e9crite expresse de NEO CARBON doo et du d\u00e9tenteur des droits d&#039;auteur.\n\n<!-- \/wp:paragraph --><!-- wp:paragraph -->\n\nL&#039;utilisateur final ne peut pas afficher, publier ou autrement rendre disponible sur ce site Web tout mat\u00e9riel soumis au droit d&#039;auteur, \u00e0 la marque ou \u00e0 d&#039;autres droits de propri\u00e9t\u00e9 intellectuelle, sans l&#039;autorisation expresse du titulaire de ces droits. La soci\u00e9t\u00e9 NEO CARBON doo n&#039;a aucune obligation d&#039;informer l&#039;utilisateur final, ni de l&#039;aider \u00e0 d\u00e9terminer si un \u00e9l\u00e9ment est soumis au droit d&#039;auteur. L&#039;utilisateur final est seul et exclusivement responsable des dommages pouvant r\u00e9sulter de violations du droit d&#039;auteur, de l&#039;utilisation abusive de marques et d&#039;autres droits de propri\u00e9t\u00e9 intellectuelle, ou de tout probl\u00e8me li\u00e9 \u00e0 la publication de ces documents. En pla\u00e7ant des \u00e9l\u00e9ments sur toute partie accessible au public de ce site Web, l&#039;utilisateur final d\u00e9clare qu&#039;il est le titulaire des droits sur ces \u00e9l\u00e9ments et qu&#039;il accorde express\u00e9ment \u00e0 la soci\u00e9t\u00e9 NEO CARBON doo un temps et un espace illimit\u00e9s, gratuits, permanents, irr\u00e9vocables, non -droit et licence exclusifs d&#039;utilisation, de reproduction, de modification, d&#039;adaptation, de publication, de traduction et de distribution de ce mat\u00e9riel (en tout ou en partie). L&#039;Utilisateur final accorde \u00e9galement aux autres Utilisateurs finaux le droit d&#039;acc\u00e9der, de visualiser, de sauvegarder ou de reproduire ce mat\u00e9riel pour leur propre usage. L&#039;utilisateur final accorde par la pr\u00e9sente \u00e0 NEO CARBON doo le droit de modifier, copier, publier et distribuer tout mat\u00e9riel que l&#039;utilisateur final met \u00e0 disposition sur le site Web. <a href=\"https:\/\/neocarbone.com\/fr\/\">https:\/\/neocarbone.com<\/a>\n\n<!-- \/wp:paragraph --><!-- wp:paragraph -->\n\nL&#039;utilisateur final accepte express\u00e9ment que l&#039;utilisation du site Internet <a href=\"https:\/\/neocarbone.com\/fr\/\">https:\/\/neocarbone.com<\/a> sous la seule responsabilit\u00e9 de l&#039;utilisateur final, la soci\u00e9t\u00e9 NEO CARBON doo ne garantit donc pas\n\n<!-- \/wp:paragraph --><!-- wp:list {\"ordered\":true,\"type\":\"a\"} -->\n<ol type=\"a\">\n \t<li>POUR LES CONS\u00c9QUENCES QUI PEUVENT R\u00c9SULTER DE L&#039;UTILISATION DE CE SITE WEB, OU<\/li>\n \t<li>POUR L&#039;EXACTITUDE, LA FIABILIT\u00c9 OU LE CONTENU DE TOUTE INFORMATION, SERVICE OU BIENS FOURNIS SUR CE SITE WEB.<\/li>\n<\/ol>\n<!-- \/wp:list --><!-- wp:paragraph -->\n\nLa responsabilit\u00e9 de l&#039;utilisateur final se r\u00e9f\u00e8re \u00e0 tous les dommages ou blessures possibles caus\u00e9s par une erreur, une omission, une interruption, une suppression, un dysfonctionnement, un retard de fonctionnement ou de transmission, un virus informatique, une interruption de la ligne de communication, un vol, une destruction ou un acc\u00e8s non autoris\u00e9, une alt\u00e9ration ou mauvaise utilisation des dossiers. , r\u00e9siliation du contrat, comportement inappropri\u00e9, n\u00e9gligence ou toute autre action. L&#039;utilisateur final confirme express\u00e9ment que la soci\u00e9t\u00e9 NEO CARBON doo n&#039;est pas responsable du comportement offensant, inappropri\u00e9 ou ill\u00e9gal de l&#039;utilisateur final ou de tiers et que le risque de dommages pouvant r\u00e9sulter de ce qui pr\u00e9c\u00e8de incombe enti\u00e8rement \u00e0 l&#039;utilisateur final. .\n\n<!-- \/wp:paragraph --><!-- wp:paragraph -->\n\nEn aucun cas la soci\u00e9t\u00e9 NEO CARBON doo ne pourra \u00eatre tenue responsable de tout dommage pouvant r\u00e9sulter de l&#039;utilisation ou de l&#039;impossibilit\u00e9 d&#039;utiliser ce site. L&#039;utilisateur final confirme express\u00e9ment que les termes de ce chapitre s&#039;appliquent \u00e0 l&#039;ensemble du contenu du site.\n\n<!-- \/wp:paragraph --><!-- wp:paragraph -->\n\nOutre les conditions pr\u00e9cit\u00e9es, la soci\u00e9t\u00e9 NEO CARBON doo ne sera pas responsable, quelle qu&#039;en soit la cause ou la dur\u00e9e, des \u00e9ventuelles erreurs, inexactitudes, ou autres d\u00e9fauts, inad\u00e9quation ou manque d&#039;originalit\u00e9 des informations pr\u00e9sentes sur ce site, ainsi que de toute retard ou interruption dans la transmission des informations \u00e0 l&#039;utilisateur final, pour toute r\u00e9clamation ou perte en d\u00e9coulant. NEO CARBON doo ne sera pas responsable des r\u00e9clamations ou pertes de tiers, y compris les pertes de profits.\n\n<!-- \/wp:paragraph --><!-- wp:paragraph -->\n\nLa soci\u00e9t\u00e9 NEO CARBON doo n&#039;est pas responsable du contenu qu&#039;un utilisateur, abonn\u00e9 ou utilisateur non autoris\u00e9 pourrait publier sur le site. La soci\u00e9t\u00e9 NEO CARBON doo se r\u00e9serve le droit de changer, d&#039;adapter, de modifier, de supprimer ou de supprimer tout contenu qu&#039;elle jugerait inappropri\u00e9.\n\n<!-- \/wp:paragraph --><!-- wp:paragraph -->\n\nL&#039;utilisateur final confirme que toutes les discussions, \u00e9valuations, commentaires et messages priv\u00e9s sont publi\u00e9s sur le site <a href=\"https:\/\/neocarbone.com\/fr\/\">https:\/\/neocarbone.com<\/a> et pages de r\u00e9seaux sociaux, de nature publique et non priv\u00e9e, et que par cons\u00e9quent les employ\u00e9s de la soci\u00e9t\u00e9 NEO CARBON doo peuvent surveiller les communications d\u00e9crites des utilisateurs finaux \u00e0 leur insu et sans leur autorisation explicite.\n\n<!-- \/wp:paragraph --><!-- wp:paragraph -->\n\nL&#039;utilisateur final s&#039;engage \u00e0 indemniser et ne tiendra pas NEO CARBON doo responsable de toutes les r\u00e9clamations pour dommages et frais, y compris les frais de repr\u00e9sentation juridique, pouvant d\u00e9couler de l&#039;utilisation de ces pages Internet par l&#039;utilisateur final.\n\n<!-- \/wp:paragraph --><!-- wp:paragraph -->\n\nNEO CARBON doo peut mettre fin \u00e0 tout moment \u00e0 la relation commerciale avec l&#039;un de ses utilisateurs finaux. NEO CARBON doo se r\u00e9serve le droit d&#039;annuler imm\u00e9diatement tout mot de passe ou compte d&#039;utilisateur de l&#039;utilisateur final en cas de comportement de l&#039;utilisateur final que NEO CARBON doo, \u00e0 sa discr\u00e9tion, consid\u00e8re comme inacceptable, ainsi qu&#039;en cas de non-conformit\u00e9. avec les Conditions G\u00e9n\u00e9rales de Vente et d&#039;Utilisation par l&#039;utilisateur final.\n\n<!-- \/wp:paragraph --><!-- wp:paragraph -->\n\nL&#039;utilisateur peut adresser ses demandes et remarques par \u00e9crit, par courrier ou par e-mail, auquel NEO CARBON doo adressera une r\u00e9ponse \u00e9crite par courrier ou par e-mail dans le d\u00e9lai l\u00e9gal.\n\n<!-- \/wp:paragraph --><!-- wp:paragraph -->\n\nNEO CARBON et Neo Carbone est une marque d\u00e9pos\u00e9e figurativement et verbalement de la soci\u00e9t\u00e9 NEO CARBON doo aupr\u00e8s des autorit\u00e9s croates et internationales autoris\u00e9es, et par cons\u00e9quent tous les droits relatifs \u00e0 cette marque sont express\u00e9ment r\u00e9serv\u00e9s.\n\n<!-- \/wp:paragraph --><!-- wp:paragraph -->\n\n<a href=\"https:\/\/neocarbone.com\/fr\/\">https:\/\/neocarbone.com<\/a> est le domaine enregistr\u00e9 de NEO CARBON doo\n\n<!-- \/wp:paragraph --><!-- wp:paragraph -->\n\nLa soci\u00e9t\u00e9 NEO CARBON doo est un distributeur (et non un \u00e9diteur) de contenus fournis par des tiers et des utilisateurs finaux. La soci\u00e9t\u00e9 NEO CARBON doo ne garantit pas l&#039;exactitude, l&#039;exhaustivit\u00e9 ou l&#039;utilit\u00e9 de tout contenu, ainsi que sa qualit\u00e9 marchande ou son ad\u00e9quation \u00e0 un usage particulier.\n\n<!-- \/wp:paragraph --><!-- wp:paragraph -->\n\nLa soci\u00e9t\u00e9 NEO CARBON doo n&#039;est pas responsable de l&#039;exactitude ou de la fiabilit\u00e9 des avis, conseils ou d\u00e9clarations publi\u00e9s sur <a href=\"https:\/\/neocarbone.com\/fr\/\">https:\/\/neocarbone.com<\/a> site web, par toute personne non autoris\u00e9e de la soci\u00e9t\u00e9 NEO CARBON doo En aucun cas la soci\u00e9t\u00e9 NEO CARBON doo ne sera responsable de toute perte ou dommage caus\u00e9 par le fait que l&#039;utilisateur final s&#039;est fi\u00e9 aux informations obtenues par <a href=\"https:\/\/neocarbone.com\/fr\/\">https:\/\/neocarbone.com<\/a> pages Internet. Il est de la seule responsabilit\u00e9 de l&#039;utilisateur final d&#039;\u00e9valuer l&#039;exactitude, l&#039;exhaustivit\u00e9 ou l&#039;utilit\u00e9 de toute information, avis, opinion, conseil ou autre contenu disponible via <a href=\"https:\/\/neocarbone.com\/fr\/\">https:\/\/neocarbone.com<\/a> Pages Internet. Le si\u00e8ge de NEO CARBON doo est \u00e0 Solin (Cetinska 15), en R\u00e9publique de Croatie. Les litiges pouvant survenir \u00e0 la suite de l&#039;utilisation de ces pages Internet (sauf indication contraire dans un contrat s\u00e9par\u00e9) sont de la comp\u00e9tence du tribunal de Split et sont r\u00e9solus conform\u00e9ment aux r\u00e9glementations positives de la R\u00e9publique de Croatie. En utilisant ces pages Internet, l&#039;utilisateur final accepte que tout litige ou demande d\u00e9coulant de ou li\u00e9 \u00e0 ces conditions g\u00e9n\u00e9rales ou \u00e0 leur mise en \u0153uvre, ainsi que les relations commerciales avec NEO CARBON doo, soit de la comp\u00e9tence du tribunal de Split.\n\n<!-- \/wp:paragraph --><!-- wp:paragraph -->\n\nL&#039;utilisateur final comprend \u00e0 la fois les personnes physiques et morales et tous ceux qui ont la personnalit\u00e9 juridique. Pour une meilleure compr\u00e9hension, il est n\u00e9cessaire de souligner que les droits issus de la loi relative \u00e0 la protection des consommateurs se r\u00e9f\u00e8rent uniquement au consommateur selon la d\u00e9finition de cette loi : &quot;toute personne physique qui conclut une transaction l\u00e9gale ou op\u00e8re sur le march\u00e9 en dehors de son activit\u00e9 commerciale, commerciale, artisanale ou professionnelle \u00bb.\n\n<!-- \/wp:paragraph --><!-- wp:paragraph -->\n\nDans le texte suivant des Conditions G\u00e9n\u00e9rales, dans un souci de clart\u00e9 et de compr\u00e9hension du texte, le terme Client sera utilis\u00e9 \u00e0 la place du terme Utilisateur Final lorsqu&#039;un Contrat d&#039;Achat a \u00e9t\u00e9 conclu entre l&#039;Utilisateur Final et NEO CARBON doo , tandis que pour les destinataires des messages promotionnels et\/ou des newsletters de NEO CARBON doo, le terme Utilisateur sera utilis\u00e9. De plus, pour la m\u00eame raison, au lieu du terme NEO CARBON doo, le terme NEO CARBON ou Neo Carbone sera utilis\u00e9 comme nom de la boutique Internet ou du site Web. NEO CARBON ou NEO CARBON doo en lettres majuscules ou minuscules et leurs combinaisons sont consid\u00e9r\u00e9es comme les m\u00eames termes.","protected":false},"excerpt":{"rendered":"<p>OP\u0106I UVJETI POSLOVANJA OP\u0106E ODREDBE Tvrtka NEO CARBON d.o.o. pru\u017ea online uslugu putem World Wide Web mre\u017ee (Internet), odnosno pru\u017eanja informacijskih usluga i upravljanja sadr\u017eajem preko svoje internet stranice na domeni https:\/\/neocarbone.com Uvjeti kori\u0161tenja propisuju uvjete i pravila za krajnje korisnike i odnose se na kori\u0161tenje Internetske stranice https:\/\/neocarbone.com Kori\u0161tenjem Internetske stranice krajnji korisnici iskazuju [&hellip;]<\/p>\n","protected":false},"author":1,"featured_media":0,"parent":0,"menu_order":0,"comment_status":"closed","ping_status":"closed","template":"","meta":{"_et_pb_use_builder":"off","_et_pb_old_content":"","_et_gb_content_width":"","footnotes":""},"class_list":["post-102116","page","type-page","status-publish","hentry"],"_links":{"self":[{"href":"https:\/\/neocarbone.com\/fr\/wp-json\/wp\/v2\/pages\/102116","targetHints":{"allow":["GET"]}}],"collection":[{"href":"https:\/\/neocarbone.com\/fr\/wp-json\/wp\/v2\/pages"}],"about":[{"href":"https:\/\/neocarbone.com\/fr\/wp-json\/wp\/v2\/types\/page"}],"author":[{"embeddable":true,"href":"https:\/\/neocarbone.com\/fr\/wp-json\/wp\/v2\/users\/1"}],"replies":[{"embeddable":true,"href":"https:\/\/neocarbone.com\/fr\/wp-json\/wp\/v2\/comments?post=102116"}],"version-history":[{"count":0,"href":"https:\/\/neocarbone.com\/fr\/wp-json\/wp\/v2\/pages\/102116\/revisions"}],"wp:attachment":[{"href":"https:\/\/neocarbone.com\/fr\/wp-json\/wp\/v2\/media?parent=102116"}],"curies":[{"name":"wp","href":"https:\/\/api.w.org\/{rel}","templated":true}]}}