{"id":102129,"date":"2023-04-28T11:14:49","date_gmt":"2023-04-28T09:14:49","guid":{"rendered":"https:\/\/neocarbone.com\/?page_id=102129"},"modified":"2023-04-28T11:15:10","modified_gmt":"2023-04-28T09:15:10","slug":"kako-naruciti-proizvode","status":"publish","type":"page","link":"https:\/\/neocarbone.com\/fr\/kako-naruciti-proizvode\/","title":{"rendered":"Comment commander des produits"},"content":{"rendered":"<p><strong>Comment commander des produits sur <a href=\"https:\/\/neocarbone.com\/fr\/\">https:\/\/neocarbone.com<\/a><\/strong><\/p>\n\n\n\n<p>Commander des produits dans notre boutique en ligne ne prend que quelques \u00e9tapes.<br><br><\/p>\n\n\n\n<p><strong>\u00c9tape 1 \u2013 S\u00e9lection du produit<\/strong><br>Dans la boutique, vous s\u00e9lectionnez le produit que vous souhaitez commander.<\/p>\n\n\n\n<p>Cliquez ensuite sur &quot;Ajouter au panier&quot;.<\/p>\n\n\n\n<p>En cliquant sur le panier, votre panier s&#039;affichera avec le produit s\u00e9lectionn\u00e9 &quot;Mon panier&quot;.<\/p>\n\n\n\n<p>Si vous souhaitez continuer \u00e0 acheter d&#039;autres produits, cliquez sur le &quot;X&quot; dans le coin sup\u00e9rieur droit et continuez vos achats en ajoutant le produit \u00e0 votre panier.<\/p>\n\n\n\n<p>Dans l&#039;aper\u00e7u du panier, vous pouvez modifier la quantit\u00e9 des produits que vous avez s\u00e9lectionn\u00e9s (avec &quot;+&quot; ou &quot;-&quot;), et au cas o\u00f9 vous ne voudriez pas le produit s\u00e9lectionn\u00e9 (taille, mod\u00e8le, etc.), vous pouvez vider le panier en cliquant sur le petit &quot;x&quot; \u00e0 c\u00f4t\u00e9 du nom du produit.<\/p>\n\n\n\n<p><em>Option\u00a0: Si vous disposez d&#039;un code de r\u00e9duction ou d&#039;un bon de r\u00e9duction, saisissez-le dans le champ &quot;Entrez le code de r\u00e9duction&quot; et cliquez sur &quot;Appliquer&quot;. Si vous n&#039;avez pas de code de r\u00e9duction, laissez le champ &quot;Entrez le code de r\u00e9duction&quot; vide. Vous pouvez \u00e9galement entrer le code \u00e0 l&#039;\u00e9tape suivante.<\/em><\/p>\n\n\n\n<p>Si vous ne souhaitez pas acheter d&#039;autres produits, allez plus loin et cliquez sur &quot;Commander maintenant&quot;.<\/p>\n\n\n\n<p><strong>\u00c9tape 2 \u2013 Informations de commande et de paiement<\/strong><\/p>\n\n\n\n<p><em>Option : Si vous avez un coupon de r\u00e9duction, cliquez dans le champ &quot;Vous avez un coupon ?&quot;&nbsp;<\/em><a href=\"https:\/\/medicotehna.hr\/checkout\/\"><em>Cliquez ici pour entrer le coupon<\/em><\/a><em>&quot;. Un champ pour saisir le code de coupon s&#039;ouvrira, entrez le code de coupon et cliquez sur le bouton &quot;Appliquer le coupon&quot;. Si vous n&#039;avez pas de code de coupon pour une r\u00e9duction, laissez ces champs vides.<\/em><\/p>\n\n\n\n<p>Entrez les donn\u00e9es correctes et n\u00e9cessaires pour la livraison du produit dans tous les champs fournis de la colonne de gauche. Les champs marqu\u00e9s d&#039;un ast\u00e9risque (*) sont obligatoires et doivent \u00eatre remplis.<\/p>\n\n\n\n<p>Si vous avez besoin d&#039;une facture R1 lors d&#039;un achat, saisissez les informations requises pour \u00e9mettre une facture R1.<\/p>\n\n\n\n<p>Si vous souhaitez ajouter une note \u00e0 votre commande, vous pouvez saisir votre note dans le champ &quot;INFORMATIONS SUPPL\u00c9MENTAIRES&quot;.<\/p>\n\n\n\n<p>Dans la colonne de droite, il y a des informations sur les produits de votre commande et vous devez choisir un mode de paiement.<\/p>\n\n\n\n<p>Choisissez le mode de paiement que vous souhaitez et cliquez sur le bouton &quot;COMMANDER&quot;<\/p>\n\n\n\n<p>Si vous avez termin\u00e9 avec succ\u00e8s le processus de commande du produit, une page de donn\u00e9es s&#039;ouvrira avec les d\u00e9tails de votre commande. Vous recevrez des informations et un code concernant votre commande \u00e0 l&#039;adresse e-mail que vous avez saisie. Conservez cet e-mail jusqu&#039;\u00e0 ce que vous receviez le produit et la facture.<\/p>\n\n\n\n<p>Si vous avez choisi de payer via votre banque \u00e0 notre banque, il est n\u00e9cessaire d&#039;effectuer le paiement conform\u00e9ment aux informations de paiement fournies, et apr\u00e8s r\u00e9ception du paiement, nous enverrons le produit \u00e0 l&#039;adresse que vous avez saisie lors de la commande du produit.<\/p>\n\n\n\n<p>Si vous avez choisi &quot;Paiement \u00e0 la livraison&quot;, nous enverrons le produit \u00e0 l&#039;adresse que vous avez indiqu\u00e9e lors de la commande du produit, et vous paierez la m\u00eame chose en esp\u00e8ces au service de livraison plus les frais de livraison.&nbsp;<\/p>\n\n\n\n<p>Nous esp\u00e9rons que ces instructions vous ont \u00e9t\u00e9 utiles et que vous avez pass\u00e9 votre commande avec succ\u00e8s. Si vous avez d&#039;autres questions, n&#039;h\u00e9sitez pas \u00e0 nous contacter, et vous pouvez \u00e9galement choisir un autre moyen de commander le produit par t\u00e9l\u00e9phone ou par e-mail <a href=\"mailto:info@neocarbone.com\">info@neocarbone.com<\/a><\/p>","protected":false},"excerpt":{"rendered":"<p>Kako naru\u010diti proizvode na https:\/\/neocarbone.com Za narud\u017ebu proizvoda u na\u0161oj web trgovini potrebno je samo nekoliko koraka. 1. korak \u2013 Odabir proizvodaU trgovini odaberete proizvod koji \u017eelite naru\u010diti. Zatim kliknite na &#8220;Dodajte u ko\u0161aricu&#8221;. Klikom na ko\u0161aricu, prikazat \u0107e se va\u0161a ko\u0161arica s odabranim proizvodom \u201eMy cart\u201c. Ako \u017eelite nastaviti kupnju drugih proizvoda, kliknite na [&hellip;]<\/p>\n","protected":false},"author":1,"featured_media":0,"parent":0,"menu_order":0,"comment_status":"closed","ping_status":"closed","template":"","meta":{"_et_pb_use_builder":"off","_et_pb_old_content":"","_et_gb_content_width":"","footnotes":""},"class_list":["post-102129","page","type-page","status-publish","hentry"],"_links":{"self":[{"href":"https:\/\/neocarbone.com\/fr\/wp-json\/wp\/v2\/pages\/102129","targetHints":{"allow":["GET"]}}],"collection":[{"href":"https:\/\/neocarbone.com\/fr\/wp-json\/wp\/v2\/pages"}],"about":[{"href":"https:\/\/neocarbone.com\/fr\/wp-json\/wp\/v2\/types\/page"}],"author":[{"embeddable":true,"href":"https:\/\/neocarbone.com\/fr\/wp-json\/wp\/v2\/users\/1"}],"replies":[{"embeddable":true,"href":"https:\/\/neocarbone.com\/fr\/wp-json\/wp\/v2\/comments?post=102129"}],"version-history":[{"count":0,"href":"https:\/\/neocarbone.com\/fr\/wp-json\/wp\/v2\/pages\/102129\/revisions"}],"wp:attachment":[{"href":"https:\/\/neocarbone.com\/fr\/wp-json\/wp\/v2\/media?parent=102129"}],"curies":[{"name":"wp","href":"https:\/\/api.w.org\/{rel}","templated":true}]}}