{"id":102131,"date":"2023-04-28T11:15:51","date_gmt":"2023-04-28T09:15:51","guid":{"rendered":"https:\/\/neocarbone.com\/?page_id=102131"},"modified":"2023-10-26T10:27:21","modified_gmt":"2023-10-26T08:27:21","slug":"narudzba-i-povrat-robe","status":"publish","type":"page","link":"https:\/\/neocarbone.com\/fr\/narudzba-i-povrat-robe\/","title":{"rendered":"Commande et retour de marchandise"},"content":{"rendered":"<p><strong>Dur\u00e9e et r\u00e9siliation du contrat (r\u00e9siliation unilat\u00e9rale du contrat par le client)<\/strong><\/p>\n\n\n\n<p>Le contrat que le Client conclut avec NEO CARBON doo pour l&#039;achat et la vente de produits et services est un contrat unique pour l&#039;achat et la vente de produits ou de services qui se termine par la livraison de biens ou de services par NEO CARBON et le paiement effectu\u00e9 par le Client, au cas o\u00f9 il n&#039;aurait pas \u00e9t\u00e9 pr\u00e9alablement r\u00e9sili\u00e9. Les pr\u00e9sentes conditions d&#039;utilisation du site Internet et les Conditions G\u00e9n\u00e9rales de Vente font partie int\u00e9grante du Contrat d&#039;Achat entre NEO CARBON et le Client.<\/p>\n\n\n\n<p>Conform\u00e9ment \u00e0 la loi sur la protection des consommateurs, l&#039;acheteur personne physique est autoris\u00e9 \u00e0 r\u00e9silier unilat\u00e9ralement le contrat sans indication de motifs dans un d\u00e9lai de 14 jours \u00e0 compter de la date de livraison du produit, c&#039;est-\u00e0-dire la livraison du dernier produit de la commande.<\/p>\n\n\n\n<p>Une exception \u00e0 cette autorisation s&#039;applique aux produits pour lesquels l&#039;art. 79 de la loi sur la protection des consommateurs exclut le droit de r\u00e9siliation unilat\u00e9rale du contrat, dont NEO CARBON vous avertira sp\u00e9cifiquement dans l&#039;offre du produit sp\u00e9cifique. Nous vous recommandons de lire la description du produit qui s&#039;ouvre en cliquant sur le produit.<\/p>\n\n\n\n<p><strong><a href=\"https:\/\/neocarbone.com\/wp-content\/uploads\/2023\/10\/Obavijest-o-jednostranom-raskidu-ugovora_neocarbon-2023.pdf\">Vous pouvez t\u00e9l\u00e9charger ici le formulaire d&#039;information standard pour la r\u00e9siliation unilat\u00e9rale du contrat.<\/a>\u00a0<a rel=\"noreferrer noopener\" href=\"https:\/\/neocarbone.com\/wp-content\/uploads\/2023\/05\/Obavijest-o-jednostranom-raskidu-ugovora_neocarbon.pdf\" data-type=\"URL\" data-id=\"https:\/\/neocarbone.com\/wp-content\/uploads\/2021\/09\/Obavijest-o-jednostranom-raskidu-ugovora_NEO-CARBON.pdf\" target=\"_blank\">LIEN<\/a>.<\/strong><\/p>\n\n\n\n<hr class=\"wp-block-separator alignfull has-alpha-channel-opacity\"\/>\n\n\n\n<p><\/p>","protected":false},"excerpt":{"rendered":"<p>Trajanje i raskid ugovora (jednostrani raskid ugovora od strane kupca) Ugovor koji Kupac sklapa s NEO CARBON d.o.o. za kupoprodaju proizvoda i usluga je jednokratan ugovor o kupoprodaji proizvoda ili usluga koji je konzumiran isporukom robe ili usluge od strane NEO CARBON te izvr\u0161enim pla\u0107anjem od strane Kupca, u slu\u010daju da prethodno ne bude raskinut. [&hellip;]<\/p>\n","protected":false},"author":1,"featured_media":0,"parent":0,"menu_order":0,"comment_status":"closed","ping_status":"closed","template":"","meta":{"_et_pb_use_builder":"off","_et_pb_old_content":"<!-- wp:paragraph -->\n<p><strong>Trajanje i raskid ugovora (jednostrani raskid ugovora od strane kupca)<\/strong><\/p>\n<!-- \/wp:paragraph -->\n\n<!-- wp:paragraph -->\n<p>Ugovor koji Kupac sklapa s NEO CARBON d.o.o. za kupoprodaju proizvoda i usluga je jednokratan ugovor o kupoprodaji proizvoda ili usluga koji je konzumiran isporukom robe ili usluge od strane NEO CARBON te izvr\u0161enim pla\u0107anjem od strane Kupca, u slu\u010daju da prethodno ne bude raskinut. Ovi uvjeti kori\u0161tenja internetske stranice i Op\u0107i uvjeti poslovanja sastavni su dio Ugovora o kupoprodaji izme\u0111u NEO CARBON i Kupca.<\/p>\n<!-- \/wp:paragraph -->\n\n<!-- wp:paragraph -->\n<p>Sukladno Zakonu o za\u0161titi potro\u0161a\u010da fizi\u010dka osoba Kupac ovla\u0161tena je jednostrano raskinuti ugovor ne navode\u0107i razloge za to u roku od 14 dana od datuma isporuke proizvoda, odnosno isporuke zadnjeg proizvoda iz narud\u017ebe.<\/p>\n<!-- \/wp:paragraph -->\n\n<!-- wp:paragraph -->\n<p>Iznimka od ovog ovla\u0161tenja odnosi se na proizvode za koje \u010dl. 79. &nbsp;Zakona o za\u0161titi potro\u0161a\u010da isklju\u010duje pravo na jednostrani raskid ugovora o \u010demu \u0107e vas NEO CARBON posebno upozoriti u ponudi konkretnog proizvoda. Preporu\u010damo \u010ditati opis proizvoda koji se otvara klikom na proizvod.<\/p>\n<!-- \/wp:paragraph -->\n\n<!-- wp:paragraph -->\n<p><strong><a href=\"https:\/\/neocarbone.com\/wp-content\/uploads\/2023\/05\/Obavijest-o-jednostranom-raskidu-ugovora_neocarbon.pdf\" target=\"_blank\" rel=\"noreferrer noopener\">Standardni informacijski obrazac za jednostrani raskid ugovora mo\u017eete preuzeti na ovom<\/a><\/strong>\u00a0<a rel=\"noreferrer noopener\" href=\"https:\/\/neocarbone.com\/wp-content\/uploads\/2023\/05\/Obavijest-o-jednostranom-raskidu-ugovora_neocarbon.pdf\" data-type=\"URL\" data-id=\"https:\/\/neocarbone.com\/wp-content\/uploads\/2021\/09\/Obavijest-o-jednostranom-raskidu-ugovora_NEO-CARBON.pdf\" target=\"_blank\">LINK-u<\/a>.<\/p>\n<!-- \/wp:paragraph -->\n\n<!-- wp:separator {\"align\":\"full\"} -->\n<hr class=\"wp-block-separator alignfull has-alpha-channel-opacity\"\/>\n<!-- \/wp:separator -->\n\n<!-- wp:paragraph -->\n<p><\/p>\n<!-- \/wp:paragraph -->","_et_gb_content_width":"1280","footnotes":""},"class_list":["post-102131","page","type-page","status-publish","hentry"],"_links":{"self":[{"href":"https:\/\/neocarbone.com\/fr\/wp-json\/wp\/v2\/pages\/102131","targetHints":{"allow":["GET"]}}],"collection":[{"href":"https:\/\/neocarbone.com\/fr\/wp-json\/wp\/v2\/pages"}],"about":[{"href":"https:\/\/neocarbone.com\/fr\/wp-json\/wp\/v2\/types\/page"}],"author":[{"embeddable":true,"href":"https:\/\/neocarbone.com\/fr\/wp-json\/wp\/v2\/users\/1"}],"replies":[{"embeddable":true,"href":"https:\/\/neocarbone.com\/fr\/wp-json\/wp\/v2\/comments?post=102131"}],"version-history":[{"count":0,"href":"https:\/\/neocarbone.com\/fr\/wp-json\/wp\/v2\/pages\/102131\/revisions"}],"wp:attachment":[{"href":"https:\/\/neocarbone.com\/fr\/wp-json\/wp\/v2\/media?parent=102131"}],"curies":[{"name":"wp","href":"https:\/\/api.w.org\/{rel}","templated":true}]}}