{"id":100041,"date":"2023-04-26T12:49:17","date_gmt":"2023-04-26T10:49:17","guid":{"rendered":"https:\/\/neocarbone.com\/?post_type=product&#038;p=100041"},"modified":"2023-04-26T12:55:33","modified_gmt":"2023-04-26T10:55:33","slug":"odijelo-blue-fusion-1-5mm","status":"publish","type":"product","link":"https:\/\/neocarbone.com\/fr\/product\/odijelo-blue-fusion-1-5mm\/","title":{"rendered":"Combinaison BLEU FUSION 1.5mm"},"content":{"rendered":"<ul>\n<li>Costume Yamamoto\u00ae 039,<\/li>\n<li>Ext\u00e9rieur camouflage Lyrca ultra-stretch \/ int\u00e9rieur lyrca ultra-stretch,<\/li>\n<li>La coupe anatomique lib\u00e8re les mouvements des bras et des jambes,<\/li>\n<li>Poignets SCS* pour la capuche, les poignets et les chevilles,<\/li>\n<li>genouill\u00e8res en PU,<\/li>\n<li>Renfort de poitrine rempli de mati\u00e8re &#039;Mesh&#039;,<\/li>\n<li>Fermeture de la veste par Velcro\u00ae.<\/li>\n<\/ul>","protected":false},"excerpt":{"rendered":"<p>Odijelo Yamamoto\u00ae 039, Eksterijer ultra rastezljiva Lyrca kamufla\u017ea \/ lyrca ultra rastezljiva unutra\u0161njost, Anatomski kroj osloba\u0111a pokrete ruku i nogu, SCS * man\u0161ete za kapulja\u010du, zape\u0161\u0107a i gle\u017enjeve, PU jastu\u010di\u0107i na koljenu, Oja\u010danje za prsa punjeno \u2018Mesh\u2019 materijalom, Kop\u010da za jaknu s Velcro\u00ae.<\/p>","protected":false},"featured_media":100121,"template":"","meta":{"_et_pb_use_builder":"","_et_pb_old_content":"","_et_gb_content_width":""},"product_brand":[],"product_cat":[48,43],"product_tag":[],"class_list":{"0":"post-100041","1":"product","2":"type-product","3":"status-publish","4":"has-post-thumbnail","6":"product_cat-odijela-1-5mm","7":"product_cat-odijela-za-podvodni-ribolov","9":"first","10":"onbackorder","11":"shipping-taxable","12":"purchasable","13":"product-type-variable"},"_links":{"self":[{"href":"https:\/\/neocarbone.com\/fr\/wp-json\/wp\/v2\/product\/100041","targetHints":{"allow":["GET"]}}],"collection":[{"href":"https:\/\/neocarbone.com\/fr\/wp-json\/wp\/v2\/product"}],"about":[{"href":"https:\/\/neocarbone.com\/fr\/wp-json\/wp\/v2\/types\/product"}],"wp:featuredmedia":[{"embeddable":true,"href":"https:\/\/neocarbone.com\/fr\/wp-json\/wp\/v2\/media\/100121"}],"wp:attachment":[{"href":"https:\/\/neocarbone.com\/fr\/wp-json\/wp\/v2\/media?parent=100041"}],"wp:term":[{"taxonomy":"product_brand","embeddable":true,"href":"https:\/\/neocarbone.com\/fr\/wp-json\/wp\/v2\/product_brand?post=100041"},{"taxonomy":"product_cat","embeddable":true,"href":"https:\/\/neocarbone.com\/fr\/wp-json\/wp\/v2\/product_cat?post=100041"},{"taxonomy":"product_tag","embeddable":true,"href":"https:\/\/neocarbone.com\/fr\/wp-json\/wp\/v2\/product_tag?post=100041"}],"curies":[{"name":"wp","href":"https:\/\/api.w.org\/{rel}","templated":true}]}}