{"id":100047,"date":"2023-04-26T12:49:17","date_gmt":"2023-04-26T10:49:17","guid":{"rendered":"https:\/\/neocarbone.com\/?post_type=product&#038;p=100047"},"modified":"2025-02-17T14:50:26","modified_gmt":"2025-02-17T12:50:26","slug":"odijelo-brown-fusion-7mm","status":"publish","type":"product","link":"https:\/\/neocarbone.com\/fr\/product\/odijelo-brown-fusion-7mm\/","title":{"rendered":"Combinaison Marron Fusion 7mm"},"content":{"rendered":"<ul>\n<li>N\u00e9opr\u00e8ne Yamamoto\u00ae 039,<\/li>\n<li>Camo polyester spandex 019 s\u00e9rigraphie ouverture int\u00e9rieure ext\u00e9rieure\/cellule ouverte,<\/li>\n<li>Coupe des jambes et des manches ergonomique et pr\u00e9form\u00e9e,<\/li>\n<li>SCS * manches poignet, cheville et cagoule,<\/li>\n<li>Protection de type PowerTex aux genoux,<\/li>\n<li>Coussin n\u00e9opr\u00e8ne 5 mm avec rev\u00eatement PowerTex,<\/li>\n<li>Queue de castor double face. Fermeture en bas de veste.<\/li>\n<\/ul>","protected":false},"excerpt":{"rendered":"<p>Neoprene Yamamoto\u00ae 039, Camo poliester spandex 019 sitotisak vanjski \/open cell unutarnji otvor, Ergonomski i predoblikovan kroj nogavica i rukava, SCS * rukavi do zape\u0161\u0107a, gle\u017enjeva i kapulja\u010de, PowerTex-tip za\u0161tite na koljenima, 5 mm jastuk od neoprena s poklopcem PowerTex, Dabrov rep dvostruki obostrani. Kop\u010danje na dnu jakne.<\/p>","protected":false},"featured_media":100064,"template":"","meta":{"_et_pb_use_builder":"on","_et_pb_old_content":"<ul>\r\n \t<li>Neoprene Yamamoto\u00ae 039,<\/li>\r\n \t<li>Camo poliester spandex 019 sitotisak vanjski \/open cell unutarnji otvor,<\/li>\r\n \t<li>Ergonomski i predoblikovan kroj nogavica i rukava,<\/li>\r\n \t<li>SCS * rukavi do zape\u0161\u0107a, gle\u017enjeva i kapulja\u010de,<\/li>\r\n \t<li>PowerTex-tip za\u0161tite na koljenima,<\/li>\r\n \t<li>5 mm jastuk od neoprena s poklopcem PowerTex,<\/li>\r\n \t<li>Dabrov rep dvostruki obostrani. Kop\u010danje na dnu jakne.<\/li>\r\n<\/ul>","_et_gb_content_width":""},"product_brand":[],"product_cat":[131,50,43],"product_tag":[45,46,47],"class_list":{"0":"post-100047","1":"product","2":"type-product","3":"status-publish","4":"has-post-thumbnail","6":"product_cat-akcija","7":"product_cat-odijela-7mm","8":"product_cat-odijela-za-podvodni-ribolov","9":"product_tag-odijela-za-podvodni-ribolov","10":"product_tag-podvodni-ribolov","11":"product_tag-ronjenje","13":"first","14":"outofstock","15":"shipping-taxable","16":"purchasable","17":"product-type-variable"},"_links":{"self":[{"href":"https:\/\/neocarbone.com\/fr\/wp-json\/wp\/v2\/product\/100047","targetHints":{"allow":["GET"]}}],"collection":[{"href":"https:\/\/neocarbone.com\/fr\/wp-json\/wp\/v2\/product"}],"about":[{"href":"https:\/\/neocarbone.com\/fr\/wp-json\/wp\/v2\/types\/product"}],"wp:featuredmedia":[{"embeddable":true,"href":"https:\/\/neocarbone.com\/fr\/wp-json\/wp\/v2\/media\/100064"}],"wp:attachment":[{"href":"https:\/\/neocarbone.com\/fr\/wp-json\/wp\/v2\/media?parent=100047"}],"wp:term":[{"taxonomy":"product_brand","embeddable":true,"href":"https:\/\/neocarbone.com\/fr\/wp-json\/wp\/v2\/product_brand?post=100047"},{"taxonomy":"product_cat","embeddable":true,"href":"https:\/\/neocarbone.com\/fr\/wp-json\/wp\/v2\/product_cat?post=100047"},{"taxonomy":"product_tag","embeddable":true,"href":"https:\/\/neocarbone.com\/fr\/wp-json\/wp\/v2\/product_tag?post=100047"}],"curies":[{"name":"wp","href":"https:\/\/api.w.org\/{rel}","templated":true}]}}