{"id":100051,"date":"2023-04-26T12:49:18","date_gmt":"2023-04-26T10:49:18","guid":{"rendered":"https:\/\/neocarbone.com\/?post_type=product&#038;p=100051"},"modified":"2026-01-02T06:26:11","modified_gmt":"2026-01-02T04:26:11","slug":"odijelo-tactical-stealth-5mm","status":"publish","type":"product","link":"https:\/\/neocarbone.com\/fr\/product\/odijelo-tactical-stealth-5mm\/","title":{"rendered":"Combinaison Tactique Stealth 5mm"},"content":{"rendered":"<ul>\n<li>N\u00e9opr\u00e8ne Yamamoto\u00ae 039.,<\/li>\n<li>Fibre spandex 019 camouflage tactique 4 voies extensible s\u00e9rigraphie ext\u00e9rieure extensible\/ouverture int\u00e9rieure \u00e0 cellules ouvertes,<\/li>\n<li>Coupe des jambes et des manches ergonomique et pr\u00e9form\u00e9e,<\/li>\n<li>Poignets tricot\u00e9s SCS* aux poignets, chevilles et capuches,<\/li>\n<li>Coussinets de protection aux genoux, coudes et rev\u00eatement polyur\u00e9thane type 3D,<\/li>\n<li>Coussinet thoracique en n\u00e9opr\u00e8ne 5 mm int\u00e9rieur\/ext\u00e9rieur enduction polyur\u00e9thane 3D,<\/li>\n<li>Queue de castor double face.Fermeture en bas de veste.<\/li>\n<\/ul>","protected":false},"excerpt":{"rendered":"<p>Neoprene Yamamoto\u00ae 039., Fiber spandex 019 camo takti\u010dki 4ways stretch rastezljiv vanjski sitotisak \/ open cell unutarnji otvor, Ergonomski i predoblikovani kroj nogavica i rukava, Pletene man\u0161ete SCS * na zglobovima, gle\u017enjevima i kapulja\u010dama, Za\u0161titni jastu\u010di\u0107i na koljenima, laktovima i poliuretanski premaz tipa 3D, 5 mm-ski neoprenski jastuk za prsni ko\u0161 iznutra \/ vanjski 3D [&hellip;]<\/p>\n","protected":false},"featured_media":100075,"template":"","meta":{"_et_pb_use_builder":"","_et_pb_old_content":"","_et_gb_content_width":""},"product_brand":[],"product_cat":[49,43],"product_tag":[],"class_list":{"0":"post-100051","1":"product","2":"type-product","3":"status-publish","4":"has-post-thumbnail","6":"product_cat-odijela-5mm","7":"product_cat-odijela-za-podvodni-ribolov","9":"first","10":"instock","11":"shipping-taxable","12":"purchasable","13":"product-type-variable"},"_links":{"self":[{"href":"https:\/\/neocarbone.com\/fr\/wp-json\/wp\/v2\/product\/100051","targetHints":{"allow":["GET"]}}],"collection":[{"href":"https:\/\/neocarbone.com\/fr\/wp-json\/wp\/v2\/product"}],"about":[{"href":"https:\/\/neocarbone.com\/fr\/wp-json\/wp\/v2\/types\/product"}],"wp:featuredmedia":[{"embeddable":true,"href":"https:\/\/neocarbone.com\/fr\/wp-json\/wp\/v2\/media\/100075"}],"wp:attachment":[{"href":"https:\/\/neocarbone.com\/fr\/wp-json\/wp\/v2\/media?parent=100051"}],"wp:term":[{"taxonomy":"product_brand","embeddable":true,"href":"https:\/\/neocarbone.com\/fr\/wp-json\/wp\/v2\/product_brand?post=100051"},{"taxonomy":"product_cat","embeddable":true,"href":"https:\/\/neocarbone.com\/fr\/wp-json\/wp\/v2\/product_cat?post=100051"},{"taxonomy":"product_tag","embeddable":true,"href":"https:\/\/neocarbone.com\/fr\/wp-json\/wp\/v2\/product_tag?post=100051"}],"curies":[{"name":"wp","href":"https:\/\/api.w.org\/{rel}","templated":true}]}}