{"id":100056,"date":"2023-04-26T12:49:18","date_gmt":"2023-04-26T10:49:18","guid":{"rendered":"https:\/\/neocarbone.com\/?post_type=product&#038;p=100056"},"modified":"2025-01-31T00:02:05","modified_gmt":"2025-01-30T22:02:05","slug":"odijelo-red-fusion-skin-7mm","status":"publish","type":"product","link":"https:\/\/neocarbone.com\/fr\/product\/odijelo-red-fusion-skin-7mm\/","title":{"rendered":"Combinaison Rouge Fusion SKIN 7mm"},"content":{"rendered":"<ul>\n<li>N\u00e9opr\u00e8ne FORT,<\/li>\n<li>Ext\u00e9rieur en polyester spandex 019 camouflage\/int\u00e9rieur \u00e0 cellules ouvertes,<\/li>\n<li>Jambes et bras coup\u00e9s ergonomiques et pr\u00e9form\u00e9s,<\/li>\n<li>Manches SCS* aux poignets, chevilles et capuche,<\/li>\n<li>Protection de type PowerTex aux genoux,<\/li>\n<li>Tapis de chargement en n\u00e9opr\u00e8ne de 5 mm avec housse PowerTex,<\/li>\n<li>Queue de castor et bas de veste tress\u00e9s et doubl\u00e9s des deux c\u00f4t\u00e9s.<\/li>\n<\/ul>","protected":false},"excerpt":{"rendered":"<p>Neoprene JAKO, Camo polyester spandex 019 outer\/open cell interior, Ergonomic and preformed cut legs and arms, SCS * sleeves to the wrists, ankles, and hood, PowerTex-type protection on knees, 5mm neoprene loading pad with PowerTex cover, Beavertail and bottom jacket braided and lined both sides.<\/p>","protected":false},"featured_media":100152,"template":"","meta":{"_et_pb_use_builder":"","_et_pb_old_content":"","_et_gb_content_width":""},"product_brand":[],"product_cat":[131,50,43],"product_tag":[],"class_list":{"0":"post-100056","1":"product","2":"type-product","3":"status-publish","4":"has-post-thumbnail","6":"product_cat-akcija","7":"product_cat-odijela-7mm","8":"product_cat-odijela-za-podvodni-ribolov","10":"first","11":"instock","12":"shipping-taxable","13":"purchasable","14":"product-type-variable"},"_links":{"self":[{"href":"https:\/\/neocarbone.com\/fr\/wp-json\/wp\/v2\/product\/100056","targetHints":{"allow":["GET"]}}],"collection":[{"href":"https:\/\/neocarbone.com\/fr\/wp-json\/wp\/v2\/product"}],"about":[{"href":"https:\/\/neocarbone.com\/fr\/wp-json\/wp\/v2\/types\/product"}],"wp:featuredmedia":[{"embeddable":true,"href":"https:\/\/neocarbone.com\/fr\/wp-json\/wp\/v2\/media\/100152"}],"wp:attachment":[{"href":"https:\/\/neocarbone.com\/fr\/wp-json\/wp\/v2\/media?parent=100056"}],"wp:term":[{"taxonomy":"product_brand","embeddable":true,"href":"https:\/\/neocarbone.com\/fr\/wp-json\/wp\/v2\/product_brand?post=100056"},{"taxonomy":"product_cat","embeddable":true,"href":"https:\/\/neocarbone.com\/fr\/wp-json\/wp\/v2\/product_cat?post=100056"},{"taxonomy":"product_tag","embeddable":true,"href":"https:\/\/neocarbone.com\/fr\/wp-json\/wp\/v2\/product_tag?post=100056"}],"curies":[{"name":"wp","href":"https:\/\/api.w.org\/{rel}","templated":true}]}}