{"id":100062,"date":"2023-04-26T12:49:19","date_gmt":"2023-04-26T10:49:19","guid":{"rendered":"https:\/\/neocarbone.com\/?post_type=product&#038;p=100062"},"modified":"2025-09-30T01:22:47","modified_gmt":"2025-09-29T23:22:47","slug":"odijelo-demon-skin-5mm","status":"publish","type":"product","link":"https:\/\/neocarbone.com\/fr\/product\/odijelo-demon-skin-5mm\/","title":{"rendered":"Combinaison DEMON SKIN 5mm"},"content":{"rendered":"<ul>\n<li>N\u00e9opr\u00e8ne Yamamoto 039 \u2013 fibre spandex 019 DEMONSKIN extensible dans 4 directions,<\/li>\n<li>fibre DEMONSKIN \u00e0 l&#039;ext\u00e9rieur \/ cellules ouvertes \u00e0 l&#039;int\u00e9rieur (\u00e9cailleuse),<\/li>\n<li>coupe ergonomique unique pour un maximum de confort et de simplicit\u00e9,<\/li>\n<li>Poignets tricot\u00e9s CSC aux poignets, aux chevilles et \u00e0 la capuche,<\/li>\n<li>protections genoux et coudes,<\/li>\n<li>type de rev\u00eatement polyur\u00e9thane effet 3D<\/li>\n<li>Coussin de poitrine int\u00e9rieur \/ ext\u00e9rieur en n\u00e9opr\u00e8ne 5 mm,<\/li>\n<li>rev\u00eatement polyur\u00e9thane effet 3D \u2013 STP (Scale Technology Printing).<\/li>\n<\/ul>","protected":false},"excerpt":{"rendered":"<p>Yamamoto 039 neopren &#8211; 019 spandex vlakno DEMONSKIN rastezljivo u 4 smjera, izvana vlakno DEMONSKIN\/ otvorene \u0107elije iznutra (\u0161pakato), jedinstveni ergonomski kroj za maksimalnu udobnost i jednostavnost, CSC pletene man\u017eete na zape\u0161\u0107ima, gle\u017enjevima i kapulja\u010di, \u0161titnici za koljena i laktove, vrsta poliuretanske prevlake 3D efekt 5 mm neoprenska podloga za prsa unutarnja \/ vanjska, poliuretanski [&hellip;]<\/p>\n","protected":false},"featured_media":100183,"template":"","meta":{"_et_pb_use_builder":"","_et_pb_old_content":"","_et_gb_content_width":""},"product_brand":[],"product_cat":[49,43],"product_tag":[],"class_list":{"0":"post-100062","1":"product","2":"type-product","3":"status-publish","4":"has-post-thumbnail","6":"product_cat-odijela-5mm","7":"product_cat-odijela-za-podvodni-ribolov","9":"first","10":"instock","11":"shipping-taxable","12":"purchasable","13":"product-type-variable"},"_links":{"self":[{"href":"https:\/\/neocarbone.com\/fr\/wp-json\/wp\/v2\/product\/100062","targetHints":{"allow":["GET"]}}],"collection":[{"href":"https:\/\/neocarbone.com\/fr\/wp-json\/wp\/v2\/product"}],"about":[{"href":"https:\/\/neocarbone.com\/fr\/wp-json\/wp\/v2\/types\/product"}],"wp:featuredmedia":[{"embeddable":true,"href":"https:\/\/neocarbone.com\/fr\/wp-json\/wp\/v2\/media\/100183"}],"wp:attachment":[{"href":"https:\/\/neocarbone.com\/fr\/wp-json\/wp\/v2\/media?parent=100062"}],"wp:term":[{"taxonomy":"product_brand","embeddable":true,"href":"https:\/\/neocarbone.com\/fr\/wp-json\/wp\/v2\/product_brand?post=100062"},{"taxonomy":"product_cat","embeddable":true,"href":"https:\/\/neocarbone.com\/fr\/wp-json\/wp\/v2\/product_cat?post=100062"},{"taxonomy":"product_tag","embeddable":true,"href":"https:\/\/neocarbone.com\/fr\/wp-json\/wp\/v2\/product_tag?post=100062"}],"curies":[{"name":"wp","href":"https:\/\/api.w.org\/{rel}","templated":true}]}}