{"id":100547,"date":"2023-04-26T13:32:10","date_gmt":"2023-04-26T11:32:10","guid":{"rendered":"https:\/\/neocarbone.com\/?post_type=product&#038;p=100547"},"modified":"2024-03-24T00:01:38","modified_gmt":"2024-03-23T22:01:38","slug":"apnea-poncho","status":"publish","type":"product","link":"https:\/\/neocarbone.com\/fr\/product\/apnea-poncho\/","title":{"rendered":"Apn\u00e9e Poncho"},"content":{"rendered":"<p>Poncho avec capuche en tissu serviette. La fermeture \u00e9clair de chaque c\u00f4t\u00e9 offre<br \/>\nacc\u00e8s facile au pantalon pour l&#039;enfiler\/l&#039;enlever.<\/p>","protected":false},"excerpt":{"rendered":"<p>Pon\u010do s kapulja\u010dom izra\u0111en od materijala za ru\u010dnike. Zatvara\u010d sa svake strane pru\u017ea lak pristup hla\u010dama za obla\u010denje \/ skidanje.<\/p>","protected":false},"featured_media":100586,"template":"","meta":{"_et_pb_use_builder":"","_et_pb_old_content":"","_et_gb_content_width":""},"product_brand":[],"product_cat":[70],"product_tag":[],"class_list":{"0":"post-100547","1":"product","2":"type-product","3":"status-publish","4":"has-post-thumbnail","6":"product_cat-odjeca","8":"first","9":"instock","10":"shipping-taxable","11":"purchasable","12":"product-type-simple"},"_links":{"self":[{"href":"https:\/\/neocarbone.com\/fr\/wp-json\/wp\/v2\/product\/100547","targetHints":{"allow":["GET"]}}],"collection":[{"href":"https:\/\/neocarbone.com\/fr\/wp-json\/wp\/v2\/product"}],"about":[{"href":"https:\/\/neocarbone.com\/fr\/wp-json\/wp\/v2\/types\/product"}],"wp:featuredmedia":[{"embeddable":true,"href":"https:\/\/neocarbone.com\/fr\/wp-json\/wp\/v2\/media\/100586"}],"wp:attachment":[{"href":"https:\/\/neocarbone.com\/fr\/wp-json\/wp\/v2\/media?parent=100547"}],"wp:term":[{"taxonomy":"product_brand","embeddable":true,"href":"https:\/\/neocarbone.com\/fr\/wp-json\/wp\/v2\/product_brand?post=100547"},{"taxonomy":"product_cat","embeddable":true,"href":"https:\/\/neocarbone.com\/fr\/wp-json\/wp\/v2\/product_cat?post=100547"},{"taxonomy":"product_tag","embeddable":true,"href":"https:\/\/neocarbone.com\/fr\/wp-json\/wp\/v2\/product_tag?post=100547"}],"curies":[{"name":"wp","href":"https:\/\/api.w.org\/{rel}","templated":true}]}}