{"id":100616,"date":"2023-04-26T13:35:22","date_gmt":"2023-04-26T11:35:22","guid":{"rendered":"https:\/\/neocarbone.com\/?post_type=product&#038;p=100616"},"modified":"2025-01-31T00:02:00","modified_gmt":"2025-01-30T22:02:00","slug":"disalica-seaquest-crna","status":"publish","type":"product","link":"https:\/\/neocarbone.com\/fr\/product\/disalica-seaquest-crna\/","title":{"rendered":"Tuba Seaquest noir"},"content":{"rendered":"<p>Un tuba solide destin\u00e9 \u00e0 la chasse sous-marine ; ergonomique<br \/>\nformulaire; membre flexible hypoallerg\u00e9nique; tube flexible en polyur\u00e9thane d&#039;un diam\u00e8tre de 20 mm; Disponible en noir et orange.<\/p>","protected":false},"excerpt":{"rendered":"<p>\u010cvrsta disalica namijenjena podvodnim ribolovcima; ergonomski oblik; fleksibilni hipoalergeni ekstremitet;savitljiva poliuretanska cijev promjera 20 mm;Dostupno u crnoj i naran\u010dastoj boji.<\/p>","protected":false},"featured_media":100623,"template":"","meta":{"_et_pb_use_builder":"","_et_pb_old_content":"","_et_gb_content_width":""},"product_brand":[],"product_cat":[131,72],"product_tag":[],"class_list":{"0":"post-100616","1":"product","2":"type-product","3":"status-publish","4":"has-post-thumbnail","6":"product_cat-akcija","7":"product_cat-disalice","9":"first","10":"instock","11":"shipping-taxable","12":"purchasable","13":"product-type-simple"},"_links":{"self":[{"href":"https:\/\/neocarbone.com\/fr\/wp-json\/wp\/v2\/product\/100616","targetHints":{"allow":["GET"]}}],"collection":[{"href":"https:\/\/neocarbone.com\/fr\/wp-json\/wp\/v2\/product"}],"about":[{"href":"https:\/\/neocarbone.com\/fr\/wp-json\/wp\/v2\/types\/product"}],"wp:featuredmedia":[{"embeddable":true,"href":"https:\/\/neocarbone.com\/fr\/wp-json\/wp\/v2\/media\/100623"}],"wp:attachment":[{"href":"https:\/\/neocarbone.com\/fr\/wp-json\/wp\/v2\/media?parent=100616"}],"wp:term":[{"taxonomy":"product_brand","embeddable":true,"href":"https:\/\/neocarbone.com\/fr\/wp-json\/wp\/v2\/product_brand?post=100616"},{"taxonomy":"product_cat","embeddable":true,"href":"https:\/\/neocarbone.com\/fr\/wp-json\/wp\/v2\/product_cat?post=100616"},{"taxonomy":"product_tag","embeddable":true,"href":"https:\/\/neocarbone.com\/fr\/wp-json\/wp\/v2\/product_tag?post=100616"}],"curies":[{"name":"wp","href":"https:\/\/api.w.org\/{rel}","templated":true}]}}