{"id":100639,"date":"2023-04-26T13:36:56","date_gmt":"2023-04-26T11:36:56","guid":{"rendered":"https:\/\/neocarbone.com\/?post_type=product&#038;p=100639"},"modified":"2025-04-30T11:58:50","modified_gmt":"2025-04-30T09:58:50","slug":"sandow-firestorm-o20mm-1cm","status":"publish","type":"product","link":"https:\/\/neocarbone.com\/fr\/product\/sandow-firestorm-o20mm-1cm\/","title":{"rendered":"Temp\u00eate de feu Sandow \u2013 \u00d820mm \u2013 1cm"},"content":{"rendered":"<ul>\n<li>Caoutchouc haute performance, trait\u00e9 avec rev\u00eatement UV,<\/li>\n<li>Pour la bo\u00eete enti\u00e8re - conditionnement de 12 m\u00e8tres de caoutchouc, merci de nous contacter via le formulaire de contact.<\/li>\n<\/ul>","protected":false},"excerpt":{"rendered":"<p>Guma visokih performansi, tretirana U.V. premazom, Za cijelu kutiju &#8211; pakiranje od 12 metara gume, molimo Vas kontaktirajte nas putem kontakt forme.<\/p>","protected":false},"featured_media":100654,"template":"","meta":{"_et_pb_use_builder":"","_et_pb_old_content":"","_et_gb_content_width":""},"product_brand":[],"product_cat":[73],"product_tag":[],"class_list":{"0":"post-100639","1":"product","2":"type-product","3":"status-publish","4":"has-post-thumbnail","6":"product_cat-gume-za-podvodne-puske","8":"first","9":"instock","10":"shipping-taxable","11":"purchasable","12":"product-type-simple"},"_links":{"self":[{"href":"https:\/\/neocarbone.com\/fr\/wp-json\/wp\/v2\/product\/100639","targetHints":{"allow":["GET"]}}],"collection":[{"href":"https:\/\/neocarbone.com\/fr\/wp-json\/wp\/v2\/product"}],"about":[{"href":"https:\/\/neocarbone.com\/fr\/wp-json\/wp\/v2\/types\/product"}],"wp:featuredmedia":[{"embeddable":true,"href":"https:\/\/neocarbone.com\/fr\/wp-json\/wp\/v2\/media\/100654"}],"wp:attachment":[{"href":"https:\/\/neocarbone.com\/fr\/wp-json\/wp\/v2\/media?parent=100639"}],"wp:term":[{"taxonomy":"product_brand","embeddable":true,"href":"https:\/\/neocarbone.com\/fr\/wp-json\/wp\/v2\/product_brand?post=100639"},{"taxonomy":"product_cat","embeddable":true,"href":"https:\/\/neocarbone.com\/fr\/wp-json\/wp\/v2\/product_cat?post=100639"},{"taxonomy":"product_tag","embeddable":true,"href":"https:\/\/neocarbone.com\/fr\/wp-json\/wp\/v2\/product_tag?post=100639"}],"curies":[{"name":"wp","href":"https:\/\/api.w.org\/{rel}","templated":true}]}}