{"id":100673,"date":"2023-04-26T13:39:50","date_gmt":"2023-04-26T11:39:50","guid":{"rendered":"https:\/\/neocarbone.com\/?post_type=product&#038;p=100673"},"modified":"2023-04-26T13:40:34","modified_gmt":"2023-04-26T11:40:34","slug":"strijela-za-pole-spear-ocean","status":"publish","type":"product","link":"https:\/\/neocarbone.com\/fr\/product\/strijela-za-pole-spear-ocean\/","title":{"rendered":"Fl\u00e8che pour POLE SPEAR Ocean"},"content":{"rendered":"<p>Fl\u00e9chette en acier inoxydable de Tahiti pour lance \u00e0 perche Ocean.<\/p>","protected":false},"excerpt":{"rendered":"<p>Fl\u00e9chette en acier inoxydable de Tahiti pour lance \u00e0 perche Ocean.<\/p>","protected":false},"featured_media":100688,"template":"","meta":{"_et_pb_use_builder":"","_et_pb_old_content":"","_et_gb_content_width":""},"product_brand":[],"product_cat":[75],"product_tag":[],"class_list":{"0":"post-100673","1":"product","2":"type-product","3":"status-publish","4":"has-post-thumbnail","6":"product_cat-koplja","8":"first","9":"instock","10":"shipping-taxable","11":"purchasable","12":"product-type-simple"},"_links":{"self":[{"href":"https:\/\/neocarbone.com\/fr\/wp-json\/wp\/v2\/product\/100673","targetHints":{"allow":["GET"]}}],"collection":[{"href":"https:\/\/neocarbone.com\/fr\/wp-json\/wp\/v2\/product"}],"about":[{"href":"https:\/\/neocarbone.com\/fr\/wp-json\/wp\/v2\/types\/product"}],"wp:featuredmedia":[{"embeddable":true,"href":"https:\/\/neocarbone.com\/fr\/wp-json\/wp\/v2\/media\/100688"}],"wp:attachment":[{"href":"https:\/\/neocarbone.com\/fr\/wp-json\/wp\/v2\/media?parent=100673"}],"wp:term":[{"taxonomy":"product_brand","embeddable":true,"href":"https:\/\/neocarbone.com\/fr\/wp-json\/wp\/v2\/product_brand?post=100673"},{"taxonomy":"product_cat","embeddable":true,"href":"https:\/\/neocarbone.com\/fr\/wp-json\/wp\/v2\/product_cat?post=100673"},{"taxonomy":"product_tag","embeddable":true,"href":"https:\/\/neocarbone.com\/fr\/wp-json\/wp\/v2\/product_tag?post=100673"}],"curies":[{"name":"wp","href":"https:\/\/api.w.org\/{rel}","templated":true}]}}