{"id":100690,"date":"2023-04-26T13:49:22","date_gmt":"2023-04-26T11:49:22","guid":{"rendered":"https:\/\/neocarbone.com\/?post_type=product&#038;p=100690"},"modified":"2023-04-26T14:01:41","modified_gmt":"2023-04-26T12:01:41","slug":"epsealon-exium-g2","status":"publish","type":"product","link":"https:\/\/neocarbone.com\/fr\/product\/epsealon-exium-g2\/","title":{"rendered":"Epsealon Exium G2"},"content":{"rendered":"<ul>\n<li>Puissance, pr\u00e9cision, ergonomie : construction en tube aluminium A (syst\u00e8me brevet\u00e9) \u00e0 section ovo\u00efde allie hydrodynamisme lat\u00e9ral et haute rigidit\u00e9 pour obtenir une grande r\u00e9sistance \u00e0 la flexion et une pr\u00e9cision de tir optimale,<\/li>\n<li>Poign\u00e9e ergonomique con\u00e7ue avec un angle id\u00e9al entre la poign\u00e9e et le manche de la carabine,<\/li>\n<li>La poign\u00e9e et le support de chargement de la carabine sont recouverts d&#039;un \u00e9lastom\u00e8re thermoplastique imperm\u00e9able TPE pour une meilleure pr\u00e9hension,<\/li>\n<li>Une ligne d&#039;arriv\u00e9e claire,<\/li>\n<li>M\u00e9canisme en acier inoxydable 100%,<\/li>\n<li>Le r\u00e9glage de la sensibilit\u00e9 de la g\u00e2chette et du dispositif de s\u00e9curit\u00e9 se fait avec un seul levier gauche\/droite,<\/li>\n<li>T\u00eate G2 ultra l\u00e9g\u00e8re avec porte-fil (syst\u00e8me brevet\u00e9),<\/li>\n<li>Pont amovible en acier inoxydable pour une commutation rapide de la t\u00eate ouverte\/ferm\u00e9e,<\/li>\n<li>Guide de tige en TPE sur toute la longueur du tube pour \u00e9viter les bruits et frottements sur la fl\u00e8che,<\/li>\n<li>Les mod\u00e8les 75\/90\/100 sont \u00e9quip\u00e9s d&#039;une fl\u00e8che crant\u00e9e, diam\u00e8tre 6,25 mm en acier inoxydable, traitement thermique Sandvik pour une haute r\u00e9sistance \u00e0 la flexion,<\/li>\n<li>Mono \u00e9lastique circulaire ShockWave 18 mm et ogive articul\u00e9e droite spiral\u00e9e,<\/li>\n<li>Les mod\u00e8les 110\/120\/130 sont \u00e9quip\u00e9s d&#039;une fl\u00e8che avec hame\u00e7ons requin d&#039;un diam\u00e8tre de 7mm en acier inoxydable proc\u00e9d\u00e9 thermique 17-4HP pour une haute r\u00e9sistance \u00e0 la flexion,<\/li>\n<li>Caoutchouc double circulaire ShockWave 16 mm et ogives en dyneema enroul\u00e9es.<\/li>\n<\/ul>","protected":false},"excerpt":{"rendered":"<p>Snaga, to\u010dnost, ergonomija: aluminijska konstrukcija cijevi A (patentirani sustav) jajolik presjek kombinira bo\u010dnu hidrodinamiku i veliku krutost za postizanje visokog otpora na savijanje i optimalnu preciznost ga\u0111anja, Ergonomska ru\u010dica dizajnirana sa idealnim kutom izme\u0111u ru\u010dke i osovine pu\u0161ke, Ru\u010dica i potpora za punjenje pu\u0161ke sa oblo\u017eenim nepropusnim termoplasti\u010dnim elastomerom TPE za bolji zahvat, Jasna ciljna [&hellip;]<\/p>\n","protected":false},"featured_media":100720,"template":"","meta":{"_et_pb_use_builder":"","_et_pb_old_content":"","_et_gb_content_width":""},"product_brand":[],"product_cat":[76,77],"product_tag":[],"class_list":{"0":"post-100690","1":"product","2":"type-product","3":"status-publish","4":"has-post-thumbnail","6":"product_cat-podvodne-puske","7":"product_cat-podvodne-puske-aluminijske","9":"first","10":"onbackorder","11":"shipping-taxable","12":"product-type-variable"},"_links":{"self":[{"href":"https:\/\/neocarbone.com\/fr\/wp-json\/wp\/v2\/product\/100690","targetHints":{"allow":["GET"]}}],"collection":[{"href":"https:\/\/neocarbone.com\/fr\/wp-json\/wp\/v2\/product"}],"about":[{"href":"https:\/\/neocarbone.com\/fr\/wp-json\/wp\/v2\/types\/product"}],"wp:featuredmedia":[{"embeddable":true,"href":"https:\/\/neocarbone.com\/fr\/wp-json\/wp\/v2\/media\/100720"}],"wp:attachment":[{"href":"https:\/\/neocarbone.com\/fr\/wp-json\/wp\/v2\/media?parent=100690"}],"wp:term":[{"taxonomy":"product_brand","embeddable":true,"href":"https:\/\/neocarbone.com\/fr\/wp-json\/wp\/v2\/product_brand?post=100690"},{"taxonomy":"product_cat","embeddable":true,"href":"https:\/\/neocarbone.com\/fr\/wp-json\/wp\/v2\/product_cat?post=100690"},{"taxonomy":"product_tag","embeddable":true,"href":"https:\/\/neocarbone.com\/fr\/wp-json\/wp\/v2\/product_tag?post=100690"}],"curies":[{"name":"wp","href":"https:\/\/api.w.org\/{rel}","templated":true}]}}