{"id":100692,"date":"2023-04-26T13:49:22","date_gmt":"2023-04-26T11:49:22","guid":{"rendered":"https:\/\/neocarbone.com\/?post_type=product&#038;p=100692"},"modified":"2025-04-30T00:03:00","modified_gmt":"2025-04-29T22:03:00","slug":"epsealon-striker-red","status":"publish","type":"product","link":"https:\/\/neocarbone.com\/fr\/product\/epsealon-striker-red\/","title":{"rendered":"Epsealon Striker Rouge"},"content":{"rendered":"<ul>\n<li>La carabine ambidextre est \u00e9quip\u00e9e d&#039;un moulinet vide Echo 30 m\u00e8tres \/ amortisseur \/ pr\u00e9charge,<\/li>\n<li>Tube diam\u00e8tre 28 mm en aluminium 1 mm anodis\u00e9 rouge ou noir avec guide fl\u00e8che int\u00e9gr\u00e9,<\/li>\n<li>M\u00e9canisme monobloc en inox 316L int\u00e9gr\u00e9 avec charge r\u00e9sistive sur la partie arri\u00e8re,<\/li>\n<li>Poign\u00e9e ergonomique et robuste con\u00e7ue avec un angle d&#039;inclinaison id\u00e9al et une cible propre pour viser,<\/li>\n<li>T\u00eate avec pont amovible et 2 places pour un pneu circulaire rapide,<\/li>\n<li>Manche et museli\u00e8re en nylon 6 rempli de fibre de verre 30% pour une meilleure r\u00e9sistance,<\/li>\n<li>Fl\u00e8che en acier Sandvik d&#039;un diam\u00e8tre de 6,25 mm avec fentes,<\/li>\n<li>Pneu mono d&#039;un diam\u00e8tre de 16 mm avec une ogive plate articul\u00e9e.<\/li>\n<\/ul>","protected":false},"excerpt":{"rendered":"<p>Ambidextrous pu\u0161ka opremljena je Echo praznim mulinelom 30 metara \/ amortizer \/ predvez, Promjer cijevi od 28 mm aluminij 1 mm anodizirani crveni ili crni s integriranom vodilicom strelice, Ugra\u0111eni 316L mehanizam od nehr\u0111aju\u0107eg \u010delika u jednom komadu s s otpornim optere\u0107enjem zadnjeg djela, Ergonomska i robusna ru\u010dica dizajnirana s idealnim kutom nagiba i \u010distom [&hellip;]<\/p>\n","protected":false},"featured_media":100735,"template":"","meta":{"_et_pb_use_builder":"","_et_pb_old_content":"","_et_gb_content_width":""},"product_brand":[],"product_cat":[131,76,77],"product_tag":[],"class_list":{"0":"post-100692","1":"product","2":"type-product","3":"status-publish","4":"has-post-thumbnail","6":"product_cat-akcija","7":"product_cat-podvodne-puske","8":"product_cat-podvodne-puske-aluminijske","10":"first","11":"instock","12":"shipping-taxable","13":"purchasable","14":"product-type-variable"},"_links":{"self":[{"href":"https:\/\/neocarbone.com\/fr\/wp-json\/wp\/v2\/product\/100692","targetHints":{"allow":["GET"]}}],"collection":[{"href":"https:\/\/neocarbone.com\/fr\/wp-json\/wp\/v2\/product"}],"about":[{"href":"https:\/\/neocarbone.com\/fr\/wp-json\/wp\/v2\/types\/product"}],"wp:featuredmedia":[{"embeddable":true,"href":"https:\/\/neocarbone.com\/fr\/wp-json\/wp\/v2\/media\/100735"}],"wp:attachment":[{"href":"https:\/\/neocarbone.com\/fr\/wp-json\/wp\/v2\/media?parent=100692"}],"wp:term":[{"taxonomy":"product_brand","embeddable":true,"href":"https:\/\/neocarbone.com\/fr\/wp-json\/wp\/v2\/product_brand?post=100692"},{"taxonomy":"product_cat","embeddable":true,"href":"https:\/\/neocarbone.com\/fr\/wp-json\/wp\/v2\/product_cat?post=100692"},{"taxonomy":"product_tag","embeddable":true,"href":"https:\/\/neocarbone.com\/fr\/wp-json\/wp\/v2\/product_tag?post=100692"}],"curies":[{"name":"wp","href":"https:\/\/api.w.org\/{rel}","templated":true}]}}