{"id":100693,"date":"2023-04-26T13:49:23","date_gmt":"2023-04-26T11:49:23","guid":{"rendered":"https:\/\/neocarbone.com\/?post_type=product&#038;p=100693"},"modified":"2023-04-26T13:51:15","modified_gmt":"2023-04-26T11:51:15","slug":"epsealon-striker-special-edition-tsc-90","status":"publish","type":"product","link":"https:\/\/neocarbone.com\/fr\/product\/epsealon-striker-special-edition-tsc-90\/","title":{"rendered":"Epsealon Striker \u00e9dition sp\u00e9ciale TSC 90"},"content":{"rendered":"<ul>\n<li>Ambitextre, une carabine l\u00e9g\u00e8re et pratique, sp\u00e9cialement d\u00e9velopp\u00e9e pour le tir sur cibles en piscine et test\u00e9e par l&#039;un de nos plus grands champions fran\u00e7ais,<\/li>\n<li>Tube d&#039;un diam\u00e8tre de 28 millim\u00e8tres, en aluminium 1mm anodis\u00e9 noir avec un guide fl\u00e8che d\u00e9coup\u00e9 d&#039;une longueur totale de 20cm, conforme aux r\u00e8gles et conditions d&#039;utilisation lors des comp\u00e9titions nationales en France,<\/li>\n<li>Mouvement int\u00e9gr\u00e9 monobloc en acier inoxydable 316L avec r\u00e9trochargement perfor\u00e9. et un objectif clair,<\/li>\n<li>Poign\u00e9e ergonomique et robuste con\u00e7ue avec un angle d&#039;inclinaison id\u00e9al,<\/li>\n<li>T\u00eate ferm\u00e9e avec vue,<\/li>\n<li>Fixation pour vis et \u00e9lastiques circulaires,<\/li>\n<li>Manche et t\u00eate en nylon 6 rempli de fibre de verre 30% pour une meilleure r\u00e9sistance,<\/li>\n<li>Sandvik en acier inoxydable, diam\u00e8tre 6,25 mm, longueur 135 cm,<\/li>\n<li>Un l\u00e9ger exc\u00e9dent de 5 cm par rapport \u00e0 la longueur standard,<\/li>\n<li>Cela permet d\u2019augmenter la qualit\u00e9 de la pr\u00e9cision.<\/li>\n<li>Elastiques SuperNova 14mm nou\u00e9s main avec inserts inox\/Delrin et ogive articul\u00e9e.<\/li>\n<\/ul>","protected":false},"excerpt":{"rendered":"<p>Ambitextrous, lagana i prakti\u010dna pu\u0161ka, posebno razvijena za ga\u0111anje ciljeva u bazenu i provjerena od strane jednog od na\u0161ih najve\u0107ih francuskih prvaka, Cijev promjera 28 milimetara aluminij 1mm crni anodizirani s rezanim vodi\u010dem strelice ukupne du\u017eine 20cm,u skladu sa pravilima i uvjetima kori\u0161tenja na nacionalnim natjecanjima u Francuskoj, Ugra\u0111eni mehanizam od nehr\u0111aju\u0107eg \u010delika 316L u [&hellip;]<\/p>\n","protected":false},"featured_media":100741,"template":"","meta":{"_et_pb_use_builder":"","_et_pb_old_content":"","_et_gb_content_width":""},"product_brand":[],"product_cat":[76,77],"product_tag":[],"class_list":{"0":"post-100693","1":"product","2":"type-product","3":"status-publish","4":"has-post-thumbnail","6":"product_cat-podvodne-puske","7":"product_cat-podvodne-puske-aluminijske","9":"first","10":"instock","11":"shipping-taxable","12":"purchasable","13":"product-type-simple"},"_links":{"self":[{"href":"https:\/\/neocarbone.com\/fr\/wp-json\/wp\/v2\/product\/100693","targetHints":{"allow":["GET"]}}],"collection":[{"href":"https:\/\/neocarbone.com\/fr\/wp-json\/wp\/v2\/product"}],"about":[{"href":"https:\/\/neocarbone.com\/fr\/wp-json\/wp\/v2\/types\/product"}],"wp:featuredmedia":[{"embeddable":true,"href":"https:\/\/neocarbone.com\/fr\/wp-json\/wp\/v2\/media\/100741"}],"wp:attachment":[{"href":"https:\/\/neocarbone.com\/fr\/wp-json\/wp\/v2\/media?parent=100693"}],"wp:term":[{"taxonomy":"product_brand","embeddable":true,"href":"https:\/\/neocarbone.com\/fr\/wp-json\/wp\/v2\/product_brand?post=100693"},{"taxonomy":"product_cat","embeddable":true,"href":"https:\/\/neocarbone.com\/fr\/wp-json\/wp\/v2\/product_cat?post=100693"},{"taxonomy":"product_tag","embeddable":true,"href":"https:\/\/neocarbone.com\/fr\/wp-json\/wp\/v2\/product_tag?post=100693"}],"curies":[{"name":"wp","href":"https:\/\/api.w.org\/{rel}","templated":true}]}}