{"id":100709,"date":"2023-04-26T13:49:25","date_gmt":"2023-04-26T11:49:25","guid":{"rendered":"https:\/\/neocarbone.com\/?post_type=product&#038;p=100709"},"modified":"2025-07-06T11:48:20","modified_gmt":"2025-07-06T09:48:20","slug":"podvodna-puska-classic-100cm","status":"publish","type":"product","link":"https:\/\/neocarbone.com\/fr\/product\/podvodna-puska-classic-100cm\/","title":{"rendered":"Pistolet sous-marin Classic 100cm"},"content":{"rendered":"<p><strong>NC100C \u2013 Fusil sous-marin en bois Classic<\/strong><\/p>\n<p>Corps et poign\u00e9e fabriqu\u00e9s \u00e0 la main en stratifi\u00e9 iroko-acajou s\u00e9lectionn\u00e9, connexion et protection en r\u00e9sines \u00e9poxy et polyur\u00e9thane<\/p>\n<p>Renfort lat\u00e9ral en carbone et guide int\u00e9gral en carbone<\/p>\n<p>Poign\u00e9e universelle<br \/>\nM\u00e9canisme Ermes Double Roll et toutes les pi\u00e8ces m\u00e9talliques en acier inoxydable 316L<br \/>\nFl\u00e9chettes sandvik 6,5 mm x 130 cm avec 4 crochets<\/p>\n<p>Caoutchouc Primeline setup circulaire 2\u00d715.5mm \u2013 Ogive full dyneema<br \/>\nCoussinet en caoutchouc antid\u00e9rapant et absorbant les chocs sur le talon de la carabine pour un armement plus facile<\/p>\n<p>Une fente pour ajouter des poids pour ajuster la balance selon le go\u00fbt de l&#039;utilisateur, la configuration initiale est neutre<br \/>\nLe fusil est \u00e9quip\u00e9 d&#039;un moulinet Ermes Falco 57 avec une ligne polyester enroul\u00e9e de 1,5 mm, un plomb en nylon de 1,6 mm et tous les autres \u00e9quipements, pr\u00eat \u00e0 chasser.<\/p>\n<p>Toutes nos carabines sont test\u00e9es sur cible (3x test de pr\u00e9cision \u00e0 4m, 2x test de port\u00e9e ultime, 1x test d&#039;endurance) et \u00e9quilibr\u00e9es avant vente<\/p>\n<p>Dimensions NC100P sans fl\u00e8che : 125 cm - avec fl\u00e8che 140 cm<\/p>","protected":false},"excerpt":{"rendered":"<p><a href=\"https:\/\/neocarbone.com\/fr\/contact-us\/?v=fd4c638da5f8\">Disponible imm\u00e9diatement - Contactez-nous.<\/a><\/p>","protected":false},"featured_media":224366,"template":"","meta":{"_et_pb_use_builder":"","_et_pb_old_content":"","_et_gb_content_width":""},"product_brand":[],"product_cat":[79,71,122,76,80],"product_tag":[],"class_list":{"0":"post-100709","1":"product","2":"type-product","3":"status-publish","4":"has-post-thumbnail","6":"product_cat-nc-podvodne-puske","7":"product_cat-nc-proizvodi","8":"product_cat-novi-model-nc-puske","9":"product_cat-podvodne-puske","10":"product_cat-podvodne-puske-drvene","12":"first","13":"onbackorder","14":"shipping-taxable","15":"product-type-simple"},"_links":{"self":[{"href":"https:\/\/neocarbone.com\/fr\/wp-json\/wp\/v2\/product\/100709","targetHints":{"allow":["GET"]}}],"collection":[{"href":"https:\/\/neocarbone.com\/fr\/wp-json\/wp\/v2\/product"}],"about":[{"href":"https:\/\/neocarbone.com\/fr\/wp-json\/wp\/v2\/types\/product"}],"wp:featuredmedia":[{"embeddable":true,"href":"https:\/\/neocarbone.com\/fr\/wp-json\/wp\/v2\/media\/224366"}],"wp:attachment":[{"href":"https:\/\/neocarbone.com\/fr\/wp-json\/wp\/v2\/media?parent=100709"}],"wp:term":[{"taxonomy":"product_brand","embeddable":true,"href":"https:\/\/neocarbone.com\/fr\/wp-json\/wp\/v2\/product_brand?post=100709"},{"taxonomy":"product_cat","embeddable":true,"href":"https:\/\/neocarbone.com\/fr\/wp-json\/wp\/v2\/product_cat?post=100709"},{"taxonomy":"product_tag","embeddable":true,"href":"https:\/\/neocarbone.com\/fr\/wp-json\/wp\/v2\/product_tag?post=100709"}],"curies":[{"name":"wp","href":"https:\/\/api.w.org\/{rel}","templated":true}]}}