{"id":100713,"date":"2023-04-26T13:49:25","date_gmt":"2023-04-26T11:49:25","guid":{"rendered":"https:\/\/neocarbone.com\/?post_type=product&#038;p=100713"},"modified":"2025-07-07T18:12:12","modified_gmt":"2025-07-07T16:12:12","slug":"podvodna-puska-roller-inverter-105cm","status":"publish","type":"product","link":"https:\/\/neocarbone.com\/fr\/product\/podvodna-puska-roller-inverter-105cm\/","title":{"rendered":"Fusil sous-marin Roller Inverter camouflage noir 105 cm"},"content":{"rendered":"<p><strong>NC105Ri \u2013 Pistolet bois Roller Inverter<\/strong><\/p>\n<p>Corps et poign\u00e9e faits \u00e0 la main en stratifi\u00e9 acajou-iroko s\u00e9lectionn\u00e9 avec guide int\u00e9gr\u00e9, connexion et protection en r\u00e9sines \u00e9poxy et polyur\u00e9thane<\/p>\n<p>Renfort lat\u00e9ral en carbone et guide int\u00e9gral en carbone<\/p>\n<p>Poign\u00e9e ergonomique : droite, (gauche ou universelle sur commande), avec une couche suppl\u00e9mentaire antid\u00e9rapante de sable fin<\/p>\n<p>M\u00e9canisme et toutes les pi\u00e8ces m\u00e9talliques en acier inoxydable 316L<br \/>\nT\u00eate de rouleau simple avec rouleaux Derlin<\/p>\n<p>Fl\u00e9chettes sandvik 7,5 mm x 140 cm avec 4 crochets<\/p>\n<p>Configuration de pneus Primeline de d\u00e9marreur 2x14mm + 2x16mm bloqu\u00e9s sur le rouleau sur deux pneus doubles et circulaires de 16mm<\/p>\n<p>Ogive pleine dyneema 2.3mm Diamant<br \/>\nCoussinet en caoutchouc antid\u00e9rapant et absorbant les chocs sur le talon de la carabine pour un armement plus facile<\/p>\n<p>Camouflage de couleur<br \/>\nTrois emplacements pour ajouter des poids pour ajuster la balance au go\u00fbt de l&#039;utilisateur, la configuration initiale est neutre<br \/>\nLe fusil est \u00e9quip\u00e9 d&#039;un moulinet exium 50m, d&#039;un plomb, d&#039;un tendeur de pneu et de tout autre \u00e9quipement, \u00e9quilibr\u00e9 et pr\u00eat pour la chasse.<\/p>","protected":false},"excerpt":{"rendered":"<p><a href=\"https:\/\/neocarbone.com\/fr\/contact-us\/?v=fd4c638da5f8\">Disponible imm\u00e9diatement - Contactez-nous.<\/a><\/p>","protected":false},"featured_media":226033,"template":"","meta":{"_et_pb_use_builder":"on","_et_pb_old_content":"<strong>NC105Ri \u2013 Drvena puska Roller Inverter<\/strong>\r\n\r\nRu\u010dno izra\u0111eni\u00a0tijelo i ru\u010dka od biranog laminata mahagonij-iroko sa integriranom vodilicom, spajanje i za\u0161tita izvedena je epoxy i poliuretanskim smolama\r\n\r\nBocno poja\u010danje s karbonom i integralna vodilica od karbona\r\n\r\nErgonomska ru\u010dka: desna, (lijeva ili univerzalna po narud\u017ebi), sa dodatni\u00a0 protu-kliznim slojem finog\u00a0 pijeska\r\n\r\nMehanizam i svi metalni dijelovi izra\u0111eni od 316L nehr\u0111aju\u010deg \u010delika\r\nJednostruka roller glava sa Derlin rolama\r\n\r\n7,5mm x 140 cm sandvik strelice sa 4 kukicama\r\n\r\nPrimeline setup gume od 2x14mm starter + 2x16mm blokirani preko rola na dva 16mm dupli i cirkular gume\r\n\r\nFull dyneema ogive\u00a02,3mm Diamond\r\nGumena protuklizna i amortiziraju\u0107a podlo\u0161ka na peti pu\u0161ke radi lak\u0161eg napinjanja\r\n\r\nBoja camo\r\nTri utora za dodavanje utega radi prilago\u0111avanja balansa po ukusu korisnika, po\u010detni setup je neutralan\r\nPu\u0161ka dolazi opremljena sa mulinelom exium50m, predvezom, natezaca za gume i svom ostalom opremom, balansirana i\u00a0 spremna za lov.","_et_gb_content_width":""},"product_brand":[],"product_cat":[79,71,76,80],"product_tag":[],"class_list":{"0":"post-100713","1":"product","2":"type-product","3":"status-publish","4":"has-post-thumbnail","6":"product_cat-nc-podvodne-puske","7":"product_cat-nc-proizvodi","8":"product_cat-podvodne-puske","9":"product_cat-podvodne-puske-drvene","11":"first","12":"onbackorder","13":"shipping-taxable","14":"product-type-simple"},"_links":{"self":[{"href":"https:\/\/neocarbone.com\/fr\/wp-json\/wp\/v2\/product\/100713","targetHints":{"allow":["GET"]}}],"collection":[{"href":"https:\/\/neocarbone.com\/fr\/wp-json\/wp\/v2\/product"}],"about":[{"href":"https:\/\/neocarbone.com\/fr\/wp-json\/wp\/v2\/types\/product"}],"wp:featuredmedia":[{"embeddable":true,"href":"https:\/\/neocarbone.com\/fr\/wp-json\/wp\/v2\/media\/226033"}],"wp:attachment":[{"href":"https:\/\/neocarbone.com\/fr\/wp-json\/wp\/v2\/media?parent=100713"}],"wp:term":[{"taxonomy":"product_brand","embeddable":true,"href":"https:\/\/neocarbone.com\/fr\/wp-json\/wp\/v2\/product_brand?post=100713"},{"taxonomy":"product_cat","embeddable":true,"href":"https:\/\/neocarbone.com\/fr\/wp-json\/wp\/v2\/product_cat?post=100713"},{"taxonomy":"product_tag","embeddable":true,"href":"https:\/\/neocarbone.com\/fr\/wp-json\/wp\/v2\/product_tag?post=100713"}],"curies":[{"name":"wp","href":"https:\/\/api.w.org\/{rel}","templated":true}]}}