{"id":100994,"date":"2023-04-26T14:10:15","date_gmt":"2023-04-26T12:10:15","guid":{"rendered":"https:\/\/neocarbone.com\/?post_type=product&#038;p=100994"},"modified":"2024-06-12T19:18:48","modified_gmt":"2024-06-12T17:18:48","slug":"polyester-100k-black-red-16mm-50m","status":"publish","type":"product","link":"https:\/\/neocarbone.com\/fr\/product\/polyester-100k-black-red-16mm-50m\/","title":{"rendered":"Polyester 100K noir\/rouge - 1.6mm - 50m"},"content":{"rendered":"<p>Noyau en nylon et gaine en polyester haute duret\u00e9.<br \/>\nR\u00e9sistance \u00e0 la rupture 100Kg. Recommand\u00e9 pour mulinel.Epaisseur 1,6 mm - longueur 50 m\u00e8tres.Disponible en noir\/rouge ou blanc\/rouge.<\/p>","protected":false},"excerpt":{"rendered":"<p>Najlonska jezgra i pla\u0161t od poliestera visoke tvrdo\u0107e. Snaga prekida 100Kg. Preporu\u010deni za mulinel.Debljina 1,6 mm &#8211; duljina 50 metara.Dostupno u crnoj \/ crvenoj ili bijelo \/ crvenoj boji.<\/p>","protected":false},"featured_media":101020,"template":"","meta":{"_et_pb_use_builder":"","_et_pb_old_content":"","_et_gb_content_width":""},"product_brand":[],"product_cat":[81],"product_tag":[],"class_list":{"0":"post-100994","1":"product","2":"type-product","3":"status-publish","4":"has-post-thumbnail","6":"product_cat-pribor-i-oprema","8":"first","9":"instock","10":"shipping-taxable","11":"purchasable","12":"product-type-simple"},"_links":{"self":[{"href":"https:\/\/neocarbone.com\/fr\/wp-json\/wp\/v2\/product\/100994","targetHints":{"allow":["GET"]}}],"collection":[{"href":"https:\/\/neocarbone.com\/fr\/wp-json\/wp\/v2\/product"}],"about":[{"href":"https:\/\/neocarbone.com\/fr\/wp-json\/wp\/v2\/types\/product"}],"wp:featuredmedia":[{"embeddable":true,"href":"https:\/\/neocarbone.com\/fr\/wp-json\/wp\/v2\/media\/101020"}],"wp:attachment":[{"href":"https:\/\/neocarbone.com\/fr\/wp-json\/wp\/v2\/media?parent=100994"}],"wp:term":[{"taxonomy":"product_brand","embeddable":true,"href":"https:\/\/neocarbone.com\/fr\/wp-json\/wp\/v2\/product_brand?post=100994"},{"taxonomy":"product_cat","embeddable":true,"href":"https:\/\/neocarbone.com\/fr\/wp-json\/wp\/v2\/product_cat?post=100994"},{"taxonomy":"product_tag","embeddable":true,"href":"https:\/\/neocarbone.com\/fr\/wp-json\/wp\/v2\/product_tag?post=100994"}],"curies":[{"name":"wp","href":"https:\/\/api.w.org\/{rel}","templated":true}]}}