{"id":101001,"date":"2023-04-26T14:10:15","date_gmt":"2023-04-26T12:10:15","guid":{"rendered":"https:\/\/neocarbone.com\/?post_type=product&#038;p=101001"},"modified":"2023-04-26T14:11:12","modified_gmt":"2023-04-26T12:11:12","slug":"drzac-za-kameru-inox-za-crosse-striker","status":"publish","type":"product","link":"https:\/\/neocarbone.com\/fr\/product\/drzac-za-kameru-inox-za-crosse-striker\/","title":{"rendered":"Support de cam\u00e9ra Inox pour crosse Striker"},"content":{"rendered":"<p>Compatible avec les canons en aluminium Epsealon (sauf Gecko) pour tout type de petite cam\u00e9ra sous-marine, fix\u00e9 avec deux petites vis inox (fournies \u00e9galement).<\/p>","protected":false},"excerpt":{"rendered":"<p>Compatible avec les canons en aluminium Epsealon (sauf Gecko) pour tout type de petite cam\u00e9ra sous-marine, fix\u00e9 avec deux petites vis inox (fournies \u00e9galement).<\/p>","protected":false},"featured_media":101045,"template":"","meta":{"_et_pb_use_builder":"","_et_pb_old_content":"","_et_gb_content_width":""},"product_brand":[],"product_cat":[81],"product_tag":[],"class_list":{"0":"post-101001","1":"product","2":"type-product","3":"status-publish","4":"has-post-thumbnail","6":"product_cat-pribor-i-oprema","8":"first","9":"instock","10":"shipping-taxable","11":"purchasable","12":"product-type-simple"},"_links":{"self":[{"href":"https:\/\/neocarbone.com\/fr\/wp-json\/wp\/v2\/product\/101001","targetHints":{"allow":["GET"]}}],"collection":[{"href":"https:\/\/neocarbone.com\/fr\/wp-json\/wp\/v2\/product"}],"about":[{"href":"https:\/\/neocarbone.com\/fr\/wp-json\/wp\/v2\/types\/product"}],"wp:featuredmedia":[{"embeddable":true,"href":"https:\/\/neocarbone.com\/fr\/wp-json\/wp\/v2\/media\/101045"}],"wp:attachment":[{"href":"https:\/\/neocarbone.com\/fr\/wp-json\/wp\/v2\/media?parent=101001"}],"wp:term":[{"taxonomy":"product_brand","embeddable":true,"href":"https:\/\/neocarbone.com\/fr\/wp-json\/wp\/v2\/product_brand?post=101001"},{"taxonomy":"product_cat","embeddable":true,"href":"https:\/\/neocarbone.com\/fr\/wp-json\/wp\/v2\/product_cat?post=101001"},{"taxonomy":"product_tag","embeddable":true,"href":"https:\/\/neocarbone.com\/fr\/wp-json\/wp\/v2\/product_tag?post=101001"}],"curies":[{"name":"wp","href":"https:\/\/api.w.org\/{rel}","templated":true}]}}