{"id":101009,"date":"2023-04-26T14:10:16","date_gmt":"2023-04-26T12:10:16","guid":{"rendered":"https:\/\/neocarbone.com\/?post_type=product&#038;p=101009"},"modified":"2025-11-07T21:51:00","modified_gmt":"2025-11-07T19:51:00","slug":"mulinel-za-podvodnu-pusku-e-reel","status":"publish","type":"product","link":"https:\/\/neocarbone.com\/fr\/product\/mulinel-za-podvodnu-pusku-e-reel\/","title":{"rendered":"Moulinet pour fusil sous-marin E-Reel"},"content":{"rendered":"<p>Enrouleur vertical en acier inoxydable 316L disponible en 4 versions d&#039;une capacit\u00e9 de 15, 30, 50 ou 70 m\u00e8tres de fil 1,5 mm.<\/p>\n<p>Bobines Delrin\u00ae.<\/p>\n<p>M\u00e9canisme de freinage ergonomique en Delrin facile \u00e0 utiliser avec des gants.<\/p>\n<p>Livr\u00e9 avec kit de fixation.<\/p>","protected":false},"excerpt":{"rendered":"<p>Vertikalni mulinel od nehr\u0111aju\u0107eg \u010delika 316L dostupan u 4 verzije s kapacitetom od 15, 30, 50 ili 70 metara konopa od 1,5 mm. Delrin\u00ae bobine. Ergonomski Delrin ko\u010dni mehanizam jednostavan za kori\u0161tenje s rukavicama. Isporu\u010duje se s kompletom za pri\u010dvr\u0161\u0107ivanje.<\/p>","protected":false},"featured_media":101078,"template":"","meta":{"_et_pb_use_builder":"","_et_pb_old_content":"","_et_gb_content_width":""},"product_brand":[],"product_cat":[85,81],"product_tag":[],"class_list":{"0":"post-101009","1":"product","2":"type-product","3":"status-publish","4":"has-post-thumbnail","6":"product_cat-mulineli-reels","7":"product_cat-pribor-i-oprema","9":"first","10":"instock","11":"sale","12":"shipping-taxable","13":"purchasable","14":"product-type-variable"},"_links":{"self":[{"href":"https:\/\/neocarbone.com\/fr\/wp-json\/wp\/v2\/product\/101009","targetHints":{"allow":["GET"]}}],"collection":[{"href":"https:\/\/neocarbone.com\/fr\/wp-json\/wp\/v2\/product"}],"about":[{"href":"https:\/\/neocarbone.com\/fr\/wp-json\/wp\/v2\/types\/product"}],"wp:featuredmedia":[{"embeddable":true,"href":"https:\/\/neocarbone.com\/fr\/wp-json\/wp\/v2\/media\/101078"}],"wp:attachment":[{"href":"https:\/\/neocarbone.com\/fr\/wp-json\/wp\/v2\/media?parent=101009"}],"wp:term":[{"taxonomy":"product_brand","embeddable":true,"href":"https:\/\/neocarbone.com\/fr\/wp-json\/wp\/v2\/product_brand?post=101009"},{"taxonomy":"product_cat","embeddable":true,"href":"https:\/\/neocarbone.com\/fr\/wp-json\/wp\/v2\/product_cat?post=101009"},{"taxonomy":"product_tag","embeddable":true,"href":"https:\/\/neocarbone.com\/fr\/wp-json\/wp\/v2\/product_tag?post=101009"}],"curies":[{"name":"wp","href":"https:\/\/api.w.org\/{rel}","templated":true}]}}