{"id":101011,"date":"2023-04-26T14:10:17","date_gmt":"2023-04-26T12:10:17","guid":{"rendered":"https:\/\/neocarbone.com\/?post_type=product&#038;p=101011"},"modified":"2023-04-26T14:12:43","modified_gmt":"2023-04-26T12:12:43","slug":"mehanizam-okidaca-tsunami-inox","status":"publish","type":"product","link":"https:\/\/neocarbone.com\/fr\/product\/mehanizam-okidaca-tsunami-inox\/","title":{"rendered":"M\u00e9canisme de d\u00e9clenchement TSUNAMI \u2013 acier inoxydable"},"content":{"rendered":"<p>M\u00e9canisme de d\u00e9tente r\u00e9versible en acier inoxydable pouvant \u00eatre mont\u00e9 sur une carabine en bois.<\/p>\n<p>La g\u00e2chette est en acier inoxydable 316L de haute qualit\u00e9.<\/p>","protected":false},"excerpt":{"rendered":"<p>Mehanizam okida\u010da od nehr\u0111aju\u0107eg \u010delika s obrnutim mehanizmom koja se mo\u017ee montirati na drvenu pu\u0161ku. Okida\u010d je od kvalitetnog nehr\u0111aju\u0107eg \u010delika 316L.<\/p>","protected":false},"featured_media":101089,"template":"","meta":{"_et_pb_use_builder":"","_et_pb_old_content":"","_et_gb_content_width":""},"product_brand":[],"product_cat":[74,81],"product_tag":[],"class_list":{"0":"post-101011","1":"product","2":"type-product","3":"status-publish","4":"has-post-thumbnail","6":"product_cat-nc-samogradnja","7":"product_cat-pribor-i-oprema","9":"first","10":"instock","11":"shipping-taxable","12":"purchasable","13":"product-type-simple"},"_links":{"self":[{"href":"https:\/\/neocarbone.com\/fr\/wp-json\/wp\/v2\/product\/101011","targetHints":{"allow":["GET"]}}],"collection":[{"href":"https:\/\/neocarbone.com\/fr\/wp-json\/wp\/v2\/product"}],"about":[{"href":"https:\/\/neocarbone.com\/fr\/wp-json\/wp\/v2\/types\/product"}],"wp:featuredmedia":[{"embeddable":true,"href":"https:\/\/neocarbone.com\/fr\/wp-json\/wp\/v2\/media\/101089"}],"wp:attachment":[{"href":"https:\/\/neocarbone.com\/fr\/wp-json\/wp\/v2\/media?parent=101011"}],"wp:term":[{"taxonomy":"product_brand","embeddable":true,"href":"https:\/\/neocarbone.com\/fr\/wp-json\/wp\/v2\/product_brand?post=101011"},{"taxonomy":"product_cat","embeddable":true,"href":"https:\/\/neocarbone.com\/fr\/wp-json\/wp\/v2\/product_cat?post=101011"},{"taxonomy":"product_tag","embeddable":true,"href":"https:\/\/neocarbone.com\/fr\/wp-json\/wp\/v2\/product_tag?post=101011"}],"curies":[{"name":"wp","href":"https:\/\/api.w.org\/{rel}","templated":true}]}}