{"id":101185,"date":"2023-04-26T14:15:42","date_gmt":"2023-04-26T12:15:42","guid":{"rendered":"https:\/\/neocarbone.com\/?post_type=product&#038;p=101185"},"modified":"2024-12-31T00:03:03","modified_gmt":"2024-12-30T22:03:03","slug":"sportube-serija-2","status":"publish","type":"product","link":"https:\/\/neocarbone.com\/fr\/product\/sportube-serija-2\/","title":{"rendered":"Sportube - s\u00e9rie 2"},"content":{"rendered":"<p><strong>Cas Sportube 2<\/strong><br \/>\nLes bo\u00eetes Sportube sont fabriqu\u00e9es en poly\u00e9thyl\u00e8ne haute densit\u00e9, tr\u00e8s l\u00e9ger, solide et durable. Cela garantit que l&#039;\u00e9quipement de plong\u00e9e sera mieux prot\u00e9g\u00e9 lors de la conduite et du transport.<br \/>\nLes valises Sportube comprennent des roues en caoutchouc moul\u00e9. La position ergonomique de la poign\u00e9e, associ\u00e9e \u00e0 la nouvelle poign\u00e9e nasale suppl\u00e9mentaire \u00ab Easy-Pull \u00bb, rend le Sportube tr\u00e8s mobile.<br \/>\nLa conception sup\u00e9rieure permet \u00e0 chaque Sportube de s&#039;ajuster en longueur pour d&#039;innombrables types d&#039;\u00e9quipement de toutes formes et tailles. Lorsque vous voyagez, la s\u00e9curit\u00e9 et la commodit\u00e9 sont particuli\u00e8rement importantes : le Sportube peut \u00eatre verrouill\u00e9 en toute s\u00e9curit\u00e9 et facilement contr\u00f4l\u00e9.<\/p>\n<p>Donn\u00e9es techniques:<\/p>\n<ul>\n<li>largeur 11&quot; (280 mm),<\/li>\n<li>profondeur 6\u2033 (152 mm),<\/li>\n<li>poids 12 lb (5,5 kg)<\/li>\n<li>48\u2033 \u00e0 83\u2033 (1300-2100 mm) \u2013 130-210 cm \/ 280 x 152<\/li>\n<\/ul>\n<p>\u2014\u2014\u2014-<\/p>\n<p><strong>SPORTUBE2<\/strong><\/p>\n<p>L&#039;\u00e9tui t\u00e9l\u00e9scopique rigide SPORTUBE #2 vous permetr\u00e0 de transporter votre mat\u00e9riel en toute s\u00e9curit\u00e9. Il est compos\u00e9 de deux parties qui s&#039;emboitent l&#039;une dans l&#039;autre.<br \/>\nIl a une longueur variable de 120 \u00e0 210 cm.<\/p>\n<p>Ces \u00e9tuis Sportube sont fabriqu\u00e9s en poly\u00e9thyl\u00e8ne haute densit\u00e9, un mat\u00e9riau qui, tout en \u00e9tant solide et durable, est tr\u00e8s l\u00e9ger.<br \/>\nIls sont \u00e9quip\u00e9s de roues en caoutchouc moul\u00e9, et d&#039;une poign\u00e9e ergonomique pour une meilleure maniabilit\u00e9.<\/p>\n<p>Lorsque vous voyagez, la s\u00e9curit\u00e9 et la commodit\u00e9 sont particuli\u00e8rement importantes, cet \u00e9tuis Sportube vous garantit une excellente protection contre les chocs lors de vos voyages :\u00a0<strong>Sangle de portage en option<\/strong>. Ils peuvent \u00eatre verrouill\u00e9s pour plus de s\u00e9curit\u00e9 :\u00a0<strong>Cadenas en option.<\/strong><\/p>\n<ul>\n<li>Livr\u00e9 avec poign\u00e9e et roues.<\/li>\n<li>La sangle de portage r\u00e9f. Le B9000S n&#039;est pas livr\u00e9 avec le produit.<\/li>\n<li>Dimensions : Longueur variable de 120 \u00e0 210 cm \u2013 Largeur int\u00e9rieure 280 cm x 152 cm.<\/li>\n<li>Couleur : Noir<\/li>\n<li>Poids : 5,5 kg<\/li>\n<\/ul>\n<p>\u2014\u2014\u2014-<\/p>\n<p>Tube de sport 2<\/p>\n<p>Les valises Sportube sont fabriqu\u00e9es \u00e0 partir de poly\u00e9thyl\u00e8ne haute densit\u00e9, qui, tout en \u00e9tant solide et durable, est tr\u00e8s l\u00e9ger. Cela garantit que l&#039;\u00e9quipement des plongeurs sera mieux prot\u00e9g\u00e9 contre les abus des transporteurs.<br \/>\nLes valises Sportube comprennent des roues en caoutchouc moul\u00e9. Un emplacement de poign\u00e9e ergonomique, ainsi que la nouvelle poign\u00e9e de nez accessoire \u00ab Easy-Pull \u00bb rendent le Sportube tr\u00e8s maniable.<br \/>\nLa conception sup\u00e9rieure permet \u00e0 chaque Sportube de s&#039;ajuster en longueur pour s&#039;adapter \u00e0 d&#039;innombrables types d&#039;\u00e9quipements de toutes formes et tailles. Lorsque vous voyagez, la s\u00e9curit\u00e9 et la commodit\u00e9 sont particuli\u00e8rement importantes : le Sportube peut \u00eatre verrouill\u00e9 pour des raisons de s\u00e9curit\u00e9 et facilement contr\u00f4l\u00e9.<\/p>\n<p>Caract\u00e9ristiques:<\/p>\n<ul>\n<li>largeur 11\u00b4 (280mm)<\/li>\n<li>6&#039; de profondeur (152 mm)<\/li>\n<li>poids 12 lb (5,5 kg)<\/li>\n<li>48&#039; \u00e0 83&#039; (1300-2100mm) \u2013 130-210 cm \/ 280 x 152 cm<\/li>\n<\/ul>","protected":false},"excerpt":{"rendered":"<p>Sportube Case 2 Sportube kutije izra\u0111ene su od polietilena visoke gusto\u0107e, koji je vrlo lagan, jak i izdr\u017eljiv. Time se osigurava kako \u0107e ronila\u010dka oprema biti bolje za\u0161ti\u0107ena kod vo\u017enje i no\u0161enja. Koferi Sportube uklju\u010duju oblikovane gumene kota\u010de. Ergonomski polo\u017eaj ru\u010dke, zajedno s novom &#8220;Easy-Pull&#8221; dodatnom nosnom ru\u010dkom \u010dini Sportube vrlo pokretljivim. Vrhunski dizajn omogu\u0107uje [&hellip;]<\/p>\n","protected":false},"featured_media":101200,"template":"","meta":{"_et_pb_use_builder":"","_et_pb_old_content":"","_et_gb_content_width":""},"product_brand":[],"product_cat":[131,81,53,86],"product_tag":[],"class_list":{"0":"post-101185","1":"product","2":"type-product","3":"status-publish","4":"has-post-thumbnail","6":"product_cat-akcija","7":"product_cat-pribor-i-oprema","8":"product_cat-razni-dodaci","9":"product_cat-torbe","11":"first","12":"instock","13":"shipping-taxable","14":"purchasable","15":"product-type-simple"},"_links":{"self":[{"href":"https:\/\/neocarbone.com\/fr\/wp-json\/wp\/v2\/product\/101185","targetHints":{"allow":["GET"]}}],"collection":[{"href":"https:\/\/neocarbone.com\/fr\/wp-json\/wp\/v2\/product"}],"about":[{"href":"https:\/\/neocarbone.com\/fr\/wp-json\/wp\/v2\/types\/product"}],"wp:featuredmedia":[{"embeddable":true,"href":"https:\/\/neocarbone.com\/fr\/wp-json\/wp\/v2\/media\/101200"}],"wp:attachment":[{"href":"https:\/\/neocarbone.com\/fr\/wp-json\/wp\/v2\/media?parent=101185"}],"wp:term":[{"taxonomy":"product_brand","embeddable":true,"href":"https:\/\/neocarbone.com\/fr\/wp-json\/wp\/v2\/product_brand?post=101185"},{"taxonomy":"product_cat","embeddable":true,"href":"https:\/\/neocarbone.com\/fr\/wp-json\/wp\/v2\/product_cat?post=101185"},{"taxonomy":"product_tag","embeddable":true,"href":"https:\/\/neocarbone.com\/fr\/wp-json\/wp\/v2\/product_tag?post=101185"}],"curies":[{"name":"wp","href":"https:\/\/api.w.org\/{rel}","templated":true}]}}