{"id":101240,"date":"2023-04-26T14:27:59","date_gmt":"2023-04-26T12:27:59","guid":{"rendered":"https:\/\/neocarbone.com\/?post_type=product&#038;p=101240"},"modified":"2023-04-26T14:29:48","modified_gmt":"2023-04-26T12:29:48","slug":"fin-grips","status":"publish","type":"product","link":"https:\/\/neocarbone.com\/fr\/product\/fin-grips\/","title":{"rendered":"Poign\u00e9es fines"},"content":{"rendered":"<ul>\n<li>Le support de cheville et de nageoire permet \u00e0 la nageoire de s&#039;adapter au mieux \u00e0 notre pied.<\/li>\n<li>Lorsque le pied de la palme ne s&#039;adapte pas bien \u00e0 notre pied, notre travail de palmage est insuffisant et, par cons\u00e9quent, nous nous fatiguons davantage.,<\/li>\n<li>L&#039;utilisation d&#039;une attelle nous permet de manipuler les palmes plus facilement et plus confortablement.<\/li>\n<\/ul>","protected":false},"excerpt":{"rendered":"<p>Steznik za zglob i peraje slu\u017ei kako bi stopa peraje \u0161to bolje prianjale na\u0161em stopalu. Kada stopa peraje ne pirjanja dobro uz na\u0161e stopalo nemamo adekvatan rad peraja, te se samim time vi\u0161e umaramo, Kori\u0161tenjem steznika omogu\u0107uje nam lak\u0161i i ugodniji rad perajama.<\/p>","protected":false},"featured_media":101260,"template":"","meta":{"_et_pb_use_builder":"","_et_pb_old_content":"","_et_gb_content_width":""},"product_brand":[],"product_cat":[53],"product_tag":[],"class_list":{"0":"post-101240","1":"product","2":"type-product","3":"status-publish","4":"has-post-thumbnail","6":"product_cat-razni-dodaci","8":"first","9":"instock","10":"shipping-taxable","11":"purchasable","12":"product-type-variable"},"_links":{"self":[{"href":"https:\/\/neocarbone.com\/fr\/wp-json\/wp\/v2\/product\/101240","targetHints":{"allow":["GET"]}}],"collection":[{"href":"https:\/\/neocarbone.com\/fr\/wp-json\/wp\/v2\/product"}],"about":[{"href":"https:\/\/neocarbone.com\/fr\/wp-json\/wp\/v2\/types\/product"}],"wp:featuredmedia":[{"embeddable":true,"href":"https:\/\/neocarbone.com\/fr\/wp-json\/wp\/v2\/media\/101260"}],"wp:attachment":[{"href":"https:\/\/neocarbone.com\/fr\/wp-json\/wp\/v2\/media?parent=101240"}],"wp:term":[{"taxonomy":"product_brand","embeddable":true,"href":"https:\/\/neocarbone.com\/fr\/wp-json\/wp\/v2\/product_brand?post=101240"},{"taxonomy":"product_cat","embeddable":true,"href":"https:\/\/neocarbone.com\/fr\/wp-json\/wp\/v2\/product_cat?post=101240"},{"taxonomy":"product_tag","embeddable":true,"href":"https:\/\/neocarbone.com\/fr\/wp-json\/wp\/v2\/product_tag?post=101240"}],"curies":[{"name":"wp","href":"https:\/\/api.w.org\/{rel}","templated":true}]}}