{"id":101245,"date":"2023-04-26T14:27:59","date_gmt":"2023-04-26T12:27:59","guid":{"rendered":"https:\/\/neocarbone.com\/?post_type=product&#038;p=101245"},"modified":"2023-07-12T18:07:20","modified_gmt":"2023-07-12T16:07:20","slug":"fish-stringer","status":"publish","type":"product","link":"https:\/\/neocarbone.com\/fr\/product\/fish-stringer\/","title":{"rendered":"Corde \u00e0 poisson"},"content":{"rendered":"<p>Aiguille en acier inoxydable longueur 157 mm avec fil nylon noir 160 mm. Les joints sont prot\u00e9g\u00e9s par une gaine thermor\u00e9tractable<\/p>","protected":false},"excerpt":{"rendered":"<p>Aiguille en acier inoxydable longueur 157 mm avec fil nylon noir 160 mm. Les joints sont prot\u00e9g\u00e9s par une gaine thermor\u00e9tractable<\/p>","protected":false},"featured_media":101265,"template":"","meta":{"_et_pb_use_builder":"","_et_pb_old_content":"","_et_gb_content_width":""},"product_brand":[],"product_cat":[53],"product_tag":[],"class_list":{"0":"post-101245","1":"product","2":"type-product","3":"status-publish","4":"has-post-thumbnail","6":"product_cat-razni-dodaci","8":"first","9":"instock","10":"shipping-taxable","11":"purchasable","12":"product-type-simple"},"_links":{"self":[{"href":"https:\/\/neocarbone.com\/fr\/wp-json\/wp\/v2\/product\/101245","targetHints":{"allow":["GET"]}}],"collection":[{"href":"https:\/\/neocarbone.com\/fr\/wp-json\/wp\/v2\/product"}],"about":[{"href":"https:\/\/neocarbone.com\/fr\/wp-json\/wp\/v2\/types\/product"}],"wp:featuredmedia":[{"embeddable":true,"href":"https:\/\/neocarbone.com\/fr\/wp-json\/wp\/v2\/media\/101265"}],"wp:attachment":[{"href":"https:\/\/neocarbone.com\/fr\/wp-json\/wp\/v2\/media?parent=101245"}],"wp:term":[{"taxonomy":"product_brand","embeddable":true,"href":"https:\/\/neocarbone.com\/fr\/wp-json\/wp\/v2\/product_brand?post=101245"},{"taxonomy":"product_cat","embeddable":true,"href":"https:\/\/neocarbone.com\/fr\/wp-json\/wp\/v2\/product_cat?post=101245"},{"taxonomy":"product_tag","embeddable":true,"href":"https:\/\/neocarbone.com\/fr\/wp-json\/wp\/v2\/product_tag?post=101245"}],"curies":[{"name":"wp","href":"https:\/\/api.w.org\/{rel}","templated":true}]}}