{"id":101247,"date":"2023-04-26T14:28:00","date_gmt":"2023-04-26T12:28:00","guid":{"rendered":"https:\/\/neocarbone.com\/?post_type=product&#038;p=101247"},"modified":"2023-04-26T14:28:30","modified_gmt":"2023-04-26T12:28:30","slug":"polyglut-100ml","status":"publish","type":"product","link":"https:\/\/neocarbone.com\/fr\/product\/polyglut-100ml\/","title":{"rendered":"Polyglut \u2013 100ml"},"content":{"rendered":"<p>Poliglut : adh\u00e9sif de protection haute performance pour combinaison en n\u00e9opr\u00e8ne nylon ;<br \/>\ncon\u00e7u pour renforcer, prot\u00e9ger et augmenter la durabilit\u00e9 des genouill\u00e8res, des coudi\u00e8res et des coutures, disponible en flacons de 100 ou 250 ml.<\/p>","protected":false},"excerpt":{"rendered":"<p>Poliglut:za\u0161titno ljepilo visoke u\u010dinkovitosti za najlon neoprensko odijelo; dizajnirano da poja\u010da, za\u0161titi i pove\u0107a trajnost potplata za koljena,jastu\u010di\u0107a za lakat i \u0161avova, dostupno u boci 100 ili 250 ml.<\/p>","protected":false},"featured_media":101267,"template":"","meta":{"_et_pb_use_builder":"","_et_pb_old_content":"","_et_gb_content_width":""},"product_brand":[],"product_cat":[53],"product_tag":[],"class_list":{"0":"post-101247","1":"product","2":"type-product","3":"status-publish","4":"has-post-thumbnail","6":"product_cat-razni-dodaci","8":"first","9":"instock","10":"shipping-taxable","11":"purchasable","12":"product-type-simple"},"_links":{"self":[{"href":"https:\/\/neocarbone.com\/fr\/wp-json\/wp\/v2\/product\/101247","targetHints":{"allow":["GET"]}}],"collection":[{"href":"https:\/\/neocarbone.com\/fr\/wp-json\/wp\/v2\/product"}],"about":[{"href":"https:\/\/neocarbone.com\/fr\/wp-json\/wp\/v2\/types\/product"}],"wp:featuredmedia":[{"embeddable":true,"href":"https:\/\/neocarbone.com\/fr\/wp-json\/wp\/v2\/media\/101267"}],"wp:attachment":[{"href":"https:\/\/neocarbone.com\/fr\/wp-json\/wp\/v2\/media?parent=101247"}],"wp:term":[{"taxonomy":"product_brand","embeddable":true,"href":"https:\/\/neocarbone.com\/fr\/wp-json\/wp\/v2\/product_brand?post=101247"},{"taxonomy":"product_cat","embeddable":true,"href":"https:\/\/neocarbone.com\/fr\/wp-json\/wp\/v2\/product_cat?post=101247"},{"taxonomy":"product_tag","embeddable":true,"href":"https:\/\/neocarbone.com\/fr\/wp-json\/wp\/v2\/product_tag?post=101247"}],"curies":[{"name":"wp","href":"https:\/\/api.w.org\/{rel}","templated":true}]}}