{"id":101251,"date":"2023-04-26T14:28:00","date_gmt":"2023-04-26T12:28:00","guid":{"rendered":"https:\/\/neocarbone.com\/?post_type=product&#038;p=101251"},"modified":"2023-04-26T14:28:43","modified_gmt":"2023-04-26T12:28:43","slug":"kopca-nehrdajuca-s-vrtilicom-od-mesinga-2-kom","status":"publish","type":"product","link":"https:\/\/neocarbone.com\/fr\/product\/kopca-nehrdajuca-s-vrtilicom-od-mesinga-2-kom\/","title":{"rendered":"Boucle en acier inoxydable avec \u00e9merillon en laiton - 2 pcs"},"content":{"rendered":"<p>Tiges articul\u00e9es avec inserts en plastique ou billes en laiton. 2 pi\u00e8ces<\/p>","protected":false},"excerpt":{"rendered":"<p>Tiges articul\u00e9es avec inserts en plastique ou billes en laiton. 2 pi\u00e8ces<\/p>","protected":false},"featured_media":101273,"template":"","meta":{"_et_pb_use_builder":"","_et_pb_old_content":"","_et_gb_content_width":""},"product_brand":[],"product_cat":[53],"product_tag":[],"class_list":{"0":"post-101251","1":"product","2":"type-product","3":"status-publish","4":"has-post-thumbnail","6":"product_cat-razni-dodaci","8":"first","9":"instock","10":"shipping-taxable","11":"purchasable","12":"product-type-simple"},"_links":{"self":[{"href":"https:\/\/neocarbone.com\/fr\/wp-json\/wp\/v2\/product\/101251","targetHints":{"allow":["GET"]}}],"collection":[{"href":"https:\/\/neocarbone.com\/fr\/wp-json\/wp\/v2\/product"}],"about":[{"href":"https:\/\/neocarbone.com\/fr\/wp-json\/wp\/v2\/types\/product"}],"wp:featuredmedia":[{"embeddable":true,"href":"https:\/\/neocarbone.com\/fr\/wp-json\/wp\/v2\/media\/101273"}],"wp:attachment":[{"href":"https:\/\/neocarbone.com\/fr\/wp-json\/wp\/v2\/media?parent=101251"}],"wp:term":[{"taxonomy":"product_brand","embeddable":true,"href":"https:\/\/neocarbone.com\/fr\/wp-json\/wp\/v2\/product_brand?post=101251"},{"taxonomy":"product_cat","embeddable":true,"href":"https:\/\/neocarbone.com\/fr\/wp-json\/wp\/v2\/product_cat?post=101251"},{"taxonomy":"product_tag","embeddable":true,"href":"https:\/\/neocarbone.com\/fr\/wp-json\/wp\/v2\/product_tag?post=101251"}],"curies":[{"name":"wp","href":"https:\/\/api.w.org\/{rel}","templated":true}]}}