{"id":101335,"date":"2023-04-26T14:37:12","date_gmt":"2023-04-26T12:37:12","guid":{"rendered":"https:\/\/neocarbone.com\/?post_type=product&#038;p=101335"},"modified":"2023-04-26T14:39:15","modified_gmt":"2023-04-26T12:39:15","slug":"diving-suit-naiad","status":"publish","type":"product","link":"https:\/\/neocarbone.com\/fr\/product\/diving-suit-naiad\/","title":{"rendered":"Combinaison de plong\u00e9e Na\u00efade"},"content":{"rendered":"<p>Combinaison deux pi\u00e8ces Yamamoto\u00ae 039 de 0,5 mm d&#039;\u00e9paisseur.<br \/>\n- Ext\u00e9rieur en titane ultra stretch \/ Couche int\u00e9rieure en lycra ultra stretch noir. - Coupe et traitement ergonomiques sur les jambes et les bras. - Manches SCS * cagoules, poignets et chevilles pour une meilleure \u00e9tanch\u00e9it\u00e9. - Queue de castor r\u00e9glable avec Velcro\u00ae. - Cette combinaison offre des confort pour l&#039;apn\u00e9iste, aisance de mouvement incroyable, cage thoracique libre pour une prise d&#039;air optimale, et flottabilit\u00e9 ultra-faible pour \u00e9quilibrer l&#039;assiette dans l&#039;eau avec une r\u00e9sistance minimale.<\/p>","protected":false},"excerpt":{"rendered":"<p>Yamamoto\u00ae 039 dvodjelno odijelo debljine 0.5 mm. &#8211; Titanium ultra stretch vanjski \/ crna lycra ultra stretch unutarnji sloj.- Ergonomski kroj i obrada na mjestima nogu i ruku.- SCS rukavi * kapulja\u010de, man\u017eete i gle\u017enjevi za bolje brtvljenje.- Podesivi dabrov rep s \u200b\u200bVelcro\u00ae.- Ovo odijelo pru\u017ea ekstremnu udobnost slobodnom roniocu, nevjerojatnalako\u0107a kretanja, slobodni rebrasti kavez [&hellip;]<\/p>\n","protected":false},"featured_media":101365,"template":"","meta":{"_et_pb_use_builder":"","_et_pb_old_content":"","_et_gb_content_width":""},"product_brand":[],"product_cat":[52],"product_tag":[],"class_list":{"0":"post-101335","1":"product","2":"type-product","3":"status-publish","4":"has-post-thumbnail","6":"product_cat-ronjenje-na-dah-free-diving","8":"first","9":"instock","10":"shipping-taxable","11":"purchasable","12":"product-type-variable"},"_links":{"self":[{"href":"https:\/\/neocarbone.com\/fr\/wp-json\/wp\/v2\/product\/101335","targetHints":{"allow":["GET"]}}],"collection":[{"href":"https:\/\/neocarbone.com\/fr\/wp-json\/wp\/v2\/product"}],"about":[{"href":"https:\/\/neocarbone.com\/fr\/wp-json\/wp\/v2\/types\/product"}],"wp:featuredmedia":[{"embeddable":true,"href":"https:\/\/neocarbone.com\/fr\/wp-json\/wp\/v2\/media\/101365"}],"wp:attachment":[{"href":"https:\/\/neocarbone.com\/fr\/wp-json\/wp\/v2\/media?parent=101335"}],"wp:term":[{"taxonomy":"product_brand","embeddable":true,"href":"https:\/\/neocarbone.com\/fr\/wp-json\/wp\/v2\/product_brand?post=101335"},{"taxonomy":"product_cat","embeddable":true,"href":"https:\/\/neocarbone.com\/fr\/wp-json\/wp\/v2\/product_cat?post=101335"},{"taxonomy":"product_tag","embeddable":true,"href":"https:\/\/neocarbone.com\/fr\/wp-json\/wp\/v2\/product_tag?post=101335"}],"curies":[{"name":"wp","href":"https:\/\/api.w.org\/{rel}","templated":true}]}}