{"id":101336,"date":"2023-04-26T14:37:12","date_gmt":"2023-04-26T12:37:12","guid":{"rendered":"https:\/\/neocarbone.com\/?post_type=product&#038;p=101336"},"modified":"2023-04-26T14:39:15","modified_gmt":"2023-04-26T12:39:15","slug":"odijelo-bez-kapuljace-abyss-2mm-muski","status":"publish","type":"product","link":"https:\/\/neocarbone.com\/fr\/product\/odijelo-bez-kapuljace-abyss-2mm-muski\/","title":{"rendered":"Combinaison sans capuche Abyss 2mm \u2013 homme"},"content":{"rendered":"<ul>\n<li>Partie ext\u00e9rieure ultra-lisse en n\u00e9opr\u00e8ne Yamamoto Super Glide Skin avec rev\u00eatement Super Composite Skin pour faciliter les d\u00e9placements dans l&#039;eau,<\/li>\n<li>Doublure int\u00e9rieure en \u00e9lastine pour une extensibilit\u00e9 et un confort maximum, ainsi que pour un habillage et un d\u00e9shabillage rapides,<\/li>\n<li>Syst\u00e8me d&#039;\u00e9tanch\u00e9it\u00e9 hydrodynamique - fermeture de la combinaison avec un syst\u00e8me de rabats sur les manches qui emp\u00eachent l&#039;eau de p\u00e9n\u00e9trer et favorisent l&#039;hydrodynamisme,<\/li>\n<li>Easy Fit System Col cousu en Dolphin Speed Ultra extensible et r\u00e9sistant pour faciliter l&#039;habillage sur la partie sup\u00e9rieure,<\/li>\n<li>Mod\u00e8le de manche de cou sugg\u00e9r\u00e9 de 2 mm.<\/li>\n<\/ul>","protected":false},"excerpt":{"rendered":"<p>Super Glide Skin neoprenski Yamamoto ultra glatki vanjski dio sa Super Composite Skin presvlakom za lako kretanje u vodi, Unutarnja obloga od Elastina za maksimalnu rastezljivost i udobnost, kao i za brzo odijevanje i svla\u010denje, Hidro-dinami\u010dki sustav brtvljenja &#8211; zatvaranje kombinezona sa sustavom zaklopki na rukavima koji sprje\u010davaju ulazak vode i poti\u010du hidrodinamiku, Easy Fit [&hellip;]<\/p>\n","protected":false},"featured_media":101368,"template":"","meta":{"_et_pb_use_builder":"","_et_pb_old_content":"","_et_gb_content_width":""},"product_brand":[],"product_cat":[52],"product_tag":[],"class_list":{"0":"post-101336","1":"product","2":"type-product","3":"status-publish","4":"has-post-thumbnail","6":"product_cat-ronjenje-na-dah-free-diving","8":"first","9":"instock","10":"shipping-taxable","11":"purchasable","12":"product-type-variable"},"_links":{"self":[{"href":"https:\/\/neocarbone.com\/fr\/wp-json\/wp\/v2\/product\/101336","targetHints":{"allow":["GET"]}}],"collection":[{"href":"https:\/\/neocarbone.com\/fr\/wp-json\/wp\/v2\/product"}],"about":[{"href":"https:\/\/neocarbone.com\/fr\/wp-json\/wp\/v2\/types\/product"}],"wp:featuredmedia":[{"embeddable":true,"href":"https:\/\/neocarbone.com\/fr\/wp-json\/wp\/v2\/media\/101368"}],"wp:attachment":[{"href":"https:\/\/neocarbone.com\/fr\/wp-json\/wp\/v2\/media?parent=101336"}],"wp:term":[{"taxonomy":"product_brand","embeddable":true,"href":"https:\/\/neocarbone.com\/fr\/wp-json\/wp\/v2\/product_brand?post=101336"},{"taxonomy":"product_cat","embeddable":true,"href":"https:\/\/neocarbone.com\/fr\/wp-json\/wp\/v2\/product_cat?post=101336"},{"taxonomy":"product_tag","embeddable":true,"href":"https:\/\/neocarbone.com\/fr\/wp-json\/wp\/v2\/product_tag?post=101336"}],"curies":[{"name":"wp","href":"https:\/\/api.w.org\/{rel}","templated":true}]}}