{"id":101339,"date":"2023-04-26T14:37:13","date_gmt":"2023-04-26T12:37:13","guid":{"rendered":"https:\/\/neocarbone.com\/?post_type=product&#038;p=101339"},"modified":"2023-04-26T14:39:16","modified_gmt":"2023-04-26T12:39:16","slug":"odijelo-bez-kapuljace-dynamic-gold-2mm-zenski","status":"publish","type":"product","link":"https:\/\/neocarbone.com\/fr\/product\/odijelo-bez-kapuljace-dynamic-gold-2mm-zenski\/","title":{"rendered":"Combinaison sans capuche Dynamic Gold 2mm - femme"},"content":{"rendered":"<ul>\n<li>N\u00e9opr\u00e8ne Partie ext\u00e9rieure tr\u00e8s ultra lisse,<\/li>\n<li>Doublure int\u00e9rieure en \u00e9lasthanne pour un maximum d&#039;\u00e9lasticit\u00e9 et de confort, ainsi qu&#039;un habillage et un d\u00e9shabillage rapides,<\/li>\n<li>Tour de cou, syst\u00e8me - fermeture de la combinaison avec un tour de cou qui emp\u00eache l&#039;eau de p\u00e9n\u00e9trer et favorise l&#039;hydrodynamisme,<\/li>\n<li>Mod\u00e8le propos\u00e9 en 2 mm avec fermeture arri\u00e8re,<\/li>\n<li>Coupe ergonomique avec gants tourn\u00e9s pr\u00e9form\u00e9s pour un confort maximum en position hydrodynamique des mains lev\u00e9es.<\/li>\n<\/ul>","protected":false},"excerpt":{"rendered":"<p>Neoprenski Jako ultra glatki vanjski dio, Elastina unutarnja obloga za maksimalno rastezanje i udobnost, kao i brzo odijevanje i svla\u010denje, Man\u0161eta za vrat, sustav &#8211; zatvaranje kombinezona man\u017eetom za vrat \u0161to sprje\u010dava ulazak vode i poti\u010de hidrodinamiku, Model predlo\u017een u 2 mm sa stra\u017enjim zatvara\u010dem, Ergonomski rez s pred oblikovanim okrenutim rukavicama za maksimalnu udobnost [&hellip;]<\/p>\n","protected":false},"featured_media":101385,"template":"","meta":{"_et_pb_use_builder":"","_et_pb_old_content":"","_et_gb_content_width":""},"product_brand":[],"product_cat":[52],"product_tag":[],"class_list":{"0":"post-101339","1":"product","2":"type-product","3":"status-publish","4":"has-post-thumbnail","6":"product_cat-ronjenje-na-dah-free-diving","8":"first","9":"instock","10":"shipping-taxable","11":"purchasable","12":"product-type-variable"},"_links":{"self":[{"href":"https:\/\/neocarbone.com\/fr\/wp-json\/wp\/v2\/product\/101339","targetHints":{"allow":["GET"]}}],"collection":[{"href":"https:\/\/neocarbone.com\/fr\/wp-json\/wp\/v2\/product"}],"about":[{"href":"https:\/\/neocarbone.com\/fr\/wp-json\/wp\/v2\/types\/product"}],"wp:featuredmedia":[{"embeddable":true,"href":"https:\/\/neocarbone.com\/fr\/wp-json\/wp\/v2\/media\/101385"}],"wp:attachment":[{"href":"https:\/\/neocarbone.com\/fr\/wp-json\/wp\/v2\/media?parent=101339"}],"wp:term":[{"taxonomy":"product_brand","embeddable":true,"href":"https:\/\/neocarbone.com\/fr\/wp-json\/wp\/v2\/product_brand?post=101339"},{"taxonomy":"product_cat","embeddable":true,"href":"https:\/\/neocarbone.com\/fr\/wp-json\/wp\/v2\/product_cat?post=101339"},{"taxonomy":"product_tag","embeddable":true,"href":"https:\/\/neocarbone.com\/fr\/wp-json\/wp\/v2\/product_tag?post=101339"}],"curies":[{"name":"wp","href":"https:\/\/api.w.org\/{rel}","templated":true}]}}