{"id":101341,"date":"2023-04-26T14:37:13","date_gmt":"2023-04-26T12:37:13","guid":{"rendered":"https:\/\/neocarbone.com\/?post_type=product&#038;p=101341"},"modified":"2025-01-31T00:02:07","modified_gmt":"2025-01-30T22:02:07","slug":"maska-apnea-freezone","status":"publish","type":"product","link":"https:\/\/neocarbone.com\/fr\/product\/maska-apnea-freezone\/","title":{"rendered":"Masque apn\u00e9e FREEZONE"},"content":{"rendered":"<p>Un masque con\u00e7u pour la pratique de l&#039;apn\u00e9e.<\/p>\n<p>Petit volume avec un large champ de vision.<\/p>\n<p>Silicone hypoallerg\u00e9nique doux et confortable.<\/p>\n<p>Cadre en polycarbonate noir.<\/p>\n<p>Boucles \u00e0 r\u00e9glage rapide.<\/p>\n<p>Optique polyglass.<\/p>","protected":false},"excerpt":{"rendered":"<p>Un masque con\u00e7u pour la pratique de l&#039;apn\u00e9e. Petit volume avec un large champ de vision. Silicone hypoallerg\u00e9nique doux et confortable. Cadre en polycarbonate noir. Boucles \u00e0 r\u00e9glage rapide. Optique polyglass.<\/p>","protected":false},"featured_media":101394,"template":"","meta":{"_et_pb_use_builder":"","_et_pb_old_content":"","_et_gb_content_width":""},"product_brand":[],"product_cat":[88,52],"product_tag":[],"class_list":{"0":"post-101341","1":"product","2":"type-product","3":"status-publish","4":"has-post-thumbnail","6":"product_cat-maske","7":"product_cat-ronjenje-na-dah-free-diving","9":"first","10":"instock","11":"shipping-taxable","12":"purchasable","13":"product-type-variable"},"_links":{"self":[{"href":"https:\/\/neocarbone.com\/fr\/wp-json\/wp\/v2\/product\/101341","targetHints":{"allow":["GET"]}}],"collection":[{"href":"https:\/\/neocarbone.com\/fr\/wp-json\/wp\/v2\/product"}],"about":[{"href":"https:\/\/neocarbone.com\/fr\/wp-json\/wp\/v2\/types\/product"}],"wp:featuredmedia":[{"embeddable":true,"href":"https:\/\/neocarbone.com\/fr\/wp-json\/wp\/v2\/media\/101394"}],"wp:attachment":[{"href":"https:\/\/neocarbone.com\/fr\/wp-json\/wp\/v2\/media?parent=101341"}],"wp:term":[{"taxonomy":"product_brand","embeddable":true,"href":"https:\/\/neocarbone.com\/fr\/wp-json\/wp\/v2\/product_brand?post=101341"},{"taxonomy":"product_cat","embeddable":true,"href":"https:\/\/neocarbone.com\/fr\/wp-json\/wp\/v2\/product_cat?post=101341"},{"taxonomy":"product_tag","embeddable":true,"href":"https:\/\/neocarbone.com\/fr\/wp-json\/wp\/v2\/product_tag?post=101341"}],"curies":[{"name":"wp","href":"https:\/\/api.w.org\/{rel}","templated":true}]}}