{"id":101397,"date":"2023-04-26T14:41:57","date_gmt":"2023-04-26T12:41:57","guid":{"rendered":"https:\/\/neocarbone.com\/?post_type=product&#038;p=101397"},"modified":"2025-01-31T00:02:06","modified_gmt":"2025-01-30T22:02:06","slug":"rukavice-caranx-picots-crne","status":"publish","type":"product","link":"https:\/\/neocarbone.com\/fr\/product\/rukavice-caranx-picots-crne\/","title":{"rendered":"Gants CARANX Picots \u2013 noir"},"content":{"rendered":"<ul>\n<li>ext\u00e9rieur en polyester spandex noir,<\/li>\n<li>Jersey tr\u00e8s extensible \u00e0 l&#039;ext\u00e9rieur,<\/li>\n<li>Rev\u00eatement Powertex sur l&#039;ext\u00e9rieur de la paume pour une haute r\u00e9sistance aux coupures et aux rayures,<\/li>\n<li>Picots en polyur\u00e9thane \u00e0 l&#039;ext\u00e9rieur.<\/li>\n<\/ul>","protected":false},"excerpt":{"rendered":"<p>Crni poliester spandex vanjski, Jersey jako rastezljiv s vanjske strane, Powertex obloga s vanjse strane dlana za visoku otpornost na posjekotine i ogrebotine, Pikoti od poliuretana s vanjske strane.<\/p>","protected":false},"featured_media":101427,"template":"","meta":{"_et_pb_use_builder":"","_et_pb_old_content":"","_et_gb_content_width":""},"product_brand":[],"product_cat":[131,92,91],"product_tag":[],"class_list":{"0":"post-101397","1":"product","2":"type-product","3":"status-publish","4":"has-post-thumbnail","6":"product_cat-akcija","7":"product_cat-rukavice","8":"product_cat-rukavice-i-carape","10":"first","11":"instock","12":"shipping-taxable","13":"purchasable","14":"product-type-variable"},"_links":{"self":[{"href":"https:\/\/neocarbone.com\/fr\/wp-json\/wp\/v2\/product\/101397","targetHints":{"allow":["GET"]}}],"collection":[{"href":"https:\/\/neocarbone.com\/fr\/wp-json\/wp\/v2\/product"}],"about":[{"href":"https:\/\/neocarbone.com\/fr\/wp-json\/wp\/v2\/types\/product"}],"wp:featuredmedia":[{"embeddable":true,"href":"https:\/\/neocarbone.com\/fr\/wp-json\/wp\/v2\/media\/101427"}],"wp:attachment":[{"href":"https:\/\/neocarbone.com\/fr\/wp-json\/wp\/v2\/media?parent=101397"}],"wp:term":[{"taxonomy":"product_brand","embeddable":true,"href":"https:\/\/neocarbone.com\/fr\/wp-json\/wp\/v2\/product_brand?post=101397"},{"taxonomy":"product_cat","embeddable":true,"href":"https:\/\/neocarbone.com\/fr\/wp-json\/wp\/v2\/product_cat?post=101397"},{"taxonomy":"product_tag","embeddable":true,"href":"https:\/\/neocarbone.com\/fr\/wp-json\/wp\/v2\/product_tag?post=101397"}],"curies":[{"name":"wp","href":"https:\/\/api.w.org\/{rel}","templated":true}]}}