{"id":101398,"date":"2023-04-26T14:41:57","date_gmt":"2023-04-26T12:41:57","guid":{"rendered":"https:\/\/neocarbone.com\/?post_type=product&#038;p=101398"},"modified":"2025-01-31T00:02:06","modified_gmt":"2025-01-30T22:02:06","slug":"rukavice-navy-heavy-duty-3mm","status":"publish","type":"product","link":"https:\/\/neocarbone.com\/fr\/product\/rukavice-navy-heavy-duty-3mm\/","title":{"rendered":"Gants MARINE HEAVY DUTY 3mm"},"content":{"rendered":"<ul>\n<li>Lycra noir tr\u00e8s extensible \u00e0 l&#039;ext\u00e9rieur,<\/li>\n<li>Spandex noir tr\u00e8s extensible \u00e0 l&#039;int\u00e9rieur,<\/li>\n<li>Paume ext\u00e9rieure \u00e0 picots (motifs en relief),<\/li>\n<li>Enduction polyur\u00e9thane sur toutes les coutures.<\/li>\n<\/ul>","protected":false},"excerpt":{"rendered":"<p>Crna Lycra jako rastezljiva s vanjske strane, Spandex crni jako rastezljiv s unutarnje strane, Vanjski dlan s pikotima (reljefnim motivima), Poliuretanski oblog na svim \u0161avovima.<\/p>","protected":false},"featured_media":101431,"template":"","meta":{"_et_pb_use_builder":"","_et_pb_old_content":"","_et_gb_content_width":""},"product_brand":[],"product_cat":[131,92,91],"product_tag":[],"class_list":{"0":"post-101398","1":"product","2":"type-product","3":"status-publish","4":"has-post-thumbnail","6":"product_cat-akcija","7":"product_cat-rukavice","8":"product_cat-rukavice-i-carape","10":"first","11":"instock","12":"shipping-taxable","13":"purchasable","14":"product-type-variable"},"_links":{"self":[{"href":"https:\/\/neocarbone.com\/fr\/wp-json\/wp\/v2\/product\/101398","targetHints":{"allow":["GET"]}}],"collection":[{"href":"https:\/\/neocarbone.com\/fr\/wp-json\/wp\/v2\/product"}],"about":[{"href":"https:\/\/neocarbone.com\/fr\/wp-json\/wp\/v2\/types\/product"}],"wp:featuredmedia":[{"embeddable":true,"href":"https:\/\/neocarbone.com\/fr\/wp-json\/wp\/v2\/media\/101431"}],"wp:attachment":[{"href":"https:\/\/neocarbone.com\/fr\/wp-json\/wp\/v2\/media?parent=101398"}],"wp:term":[{"taxonomy":"product_brand","embeddable":true,"href":"https:\/\/neocarbone.com\/fr\/wp-json\/wp\/v2\/product_brand?post=101398"},{"taxonomy":"product_cat","embeddable":true,"href":"https:\/\/neocarbone.com\/fr\/wp-json\/wp\/v2\/product_cat?post=101398"},{"taxonomy":"product_tag","embeddable":true,"href":"https:\/\/neocarbone.com\/fr\/wp-json\/wp\/v2\/product_tag?post=101398"}],"curies":[{"name":"wp","href":"https:\/\/api.w.org\/{rel}","templated":true}]}}