{"id":101409,"date":"2023-04-26T14:42:00","date_gmt":"2023-04-26T12:42:00","guid":{"rendered":"https:\/\/neocarbone.com\/?post_type=product&#038;p=101409"},"modified":"2025-09-30T01:22:48","modified_gmt":"2025-09-29T23:22:48","slug":"rukavice-3mm-demon-skin","status":"publish","type":"product","link":"https:\/\/neocarbone.com\/fr\/product\/rukavice-3mm-demon-skin\/","title":{"rendered":"Gants 3mm \u2013 DEMON SKIN"},"content":{"rendered":"<p>Gants de chasse sous-marine.<\/p>\n<p>Camouflage n\u00e9opr\u00e8ne polyester spandex \u00e0 l&#039;ext\u00e9rieur et jersey ultra extensible \u00e0 l&#039;int\u00e9rieur.<\/p>\n<p>\u00c0 l&#039;ext\u00e9rieur de la paume, mat\u00e9riau PowerKev \u00e0 haute r\u00e9sistance aux coupures et aux rayures.<\/p>\n<p>L&#039;index du gant &quot;Sniper&quot; est en mat\u00e9riau spandex \u00e0 l&#039;ext\u00e9rieur avec un effet nid d&#039;abeille 3D et un rev\u00eatement PU pour une plus grande sensibilit\u00e9 tactile.<\/p>","protected":false},"excerpt":{"rendered":"<p>Rukavice za podvodni ribolov. Polyester Spandex neopren kamufla\u017eni s vanjske strane, a s unutarnje strane ultras rastezljivi jersey. S vanjske strane dlana PowerKev materijal visoke otpornosti na posjekotine i ogrebotine. Ka\u017eiprst rukavica &#8220;Sniper&#8221; je sa spandex materijalom izvana i s 3D efektom sa\u0107a i PU premazom za ve\u0107u osjetljivost na dodir.<\/p>","protected":false},"featured_media":101488,"template":"","meta":{"_et_pb_use_builder":"off","_et_pb_old_content":"Rukavice za podvodni ribolov.\r\n\r\nPolyester Spandex neopren kamufla\u017eni s vanjske strane, a s unutarnje strane ultras rastezljivi jersey..\r\n\r\nS vanjske strane dlana PowerKev materijal visoke otpornosti na posjekotine i ogrebotine.\r\n\r\nKa\u017eiprst rukavica \"Sniper\" je sa spandex materijalom izvana i s 3D efektom sa\u0107a i PU premazom za ve\u0107u osjetljivost na dodir.","_et_gb_content_width":""},"product_brand":[],"product_cat":[131,92,91],"product_tag":[],"class_list":{"0":"post-101409","1":"product","2":"type-product","3":"status-publish","4":"has-post-thumbnail","6":"product_cat-akcija","7":"product_cat-rukavice","8":"product_cat-rukavice-i-carape","10":"first","11":"onbackorder","12":"shipping-taxable","13":"purchasable","14":"product-type-variable"},"_links":{"self":[{"href":"https:\/\/neocarbone.com\/fr\/wp-json\/wp\/v2\/product\/101409","targetHints":{"allow":["GET"]}}],"collection":[{"href":"https:\/\/neocarbone.com\/fr\/wp-json\/wp\/v2\/product"}],"about":[{"href":"https:\/\/neocarbone.com\/fr\/wp-json\/wp\/v2\/types\/product"}],"wp:featuredmedia":[{"embeddable":true,"href":"https:\/\/neocarbone.com\/fr\/wp-json\/wp\/v2\/media\/101488"}],"wp:attachment":[{"href":"https:\/\/neocarbone.com\/fr\/wp-json\/wp\/v2\/media?parent=101409"}],"wp:term":[{"taxonomy":"product_brand","embeddable":true,"href":"https:\/\/neocarbone.com\/fr\/wp-json\/wp\/v2\/product_brand?post=101409"},{"taxonomy":"product_cat","embeddable":true,"href":"https:\/\/neocarbone.com\/fr\/wp-json\/wp\/v2\/product_cat?post=101409"},{"taxonomy":"product_tag","embeddable":true,"href":"https:\/\/neocarbone.com\/fr\/wp-json\/wp\/v2\/product_tag?post=101409"}],"curies":[{"name":"wp","href":"https:\/\/api.w.org\/{rel}","templated":true}]}}