{"id":101608,"date":"2023-04-26T14:55:31","date_gmt":"2023-04-26T12:55:31","guid":{"rendered":"https:\/\/neocarbone.com\/?post_type=product&#038;p=101608"},"modified":"2025-07-25T11:21:12","modified_gmt":"2025-07-25T09:21:12","slug":"red-bullet-1000-lumens","status":"publish","type":"product","link":"https:\/\/neocarbone.com\/fr\/product\/red-bullet-1000-lumens\/","title":{"rendered":"Balle rouge - 1000 lumens"},"content":{"rendered":"<p>Lampe en aluminium anodis\u00e9 rouge de norme militaire, ampoule LED de 1000 lumens, profondeur maximale jusqu&#039;\u00e0 150m. Livr\u00e9 avec dragonne, batterie 3000mAh, chargeur et \u00e9tui de transport. Bouton marche\/arr\u00eat \u00e0 2 positions.<\/p>","protected":false},"excerpt":{"rendered":"<p>Lampe en aluminium anodis\u00e9 rouge de norme militaire, ampoule LED de 1000 lumens, profondeur maximale jusqu&#039;\u00e0 150m. Livr\u00e9 avec dragonne, batterie 3000mAh, chargeur et \u00e9tui de transport. Bouton marche\/arr\u00eat \u00e0 2 positions.<\/p>","protected":false},"featured_media":101612,"template":"","meta":{"_et_pb_use_builder":"","_et_pb_old_content":"","_et_gb_content_width":""},"product_brand":[],"product_cat":[109],"product_tag":[],"class_list":{"0":"post-101608","1":"product","2":"type-product","3":"status-publish","4":"has-post-thumbnail","6":"product_cat-svjetiljke-i-pribor","8":"first","9":"instock","10":"shipping-taxable","11":"purchasable","12":"product-type-simple"},"_links":{"self":[{"href":"https:\/\/neocarbone.com\/fr\/wp-json\/wp\/v2\/product\/101608","targetHints":{"allow":["GET"]}}],"collection":[{"href":"https:\/\/neocarbone.com\/fr\/wp-json\/wp\/v2\/product"}],"about":[{"href":"https:\/\/neocarbone.com\/fr\/wp-json\/wp\/v2\/types\/product"}],"wp:featuredmedia":[{"embeddable":true,"href":"https:\/\/neocarbone.com\/fr\/wp-json\/wp\/v2\/media\/101612"}],"wp:attachment":[{"href":"https:\/\/neocarbone.com\/fr\/wp-json\/wp\/v2\/media?parent=101608"}],"wp:term":[{"taxonomy":"product_brand","embeddable":true,"href":"https:\/\/neocarbone.com\/fr\/wp-json\/wp\/v2\/product_brand?post=101608"},{"taxonomy":"product_cat","embeddable":true,"href":"https:\/\/neocarbone.com\/fr\/wp-json\/wp\/v2\/product_cat?post=101608"},{"taxonomy":"product_tag","embeddable":true,"href":"https:\/\/neocarbone.com\/fr\/wp-json\/wp\/v2\/product_tag?post=101608"}],"curies":[{"name":"wp","href":"https:\/\/api.w.org\/{rel}","templated":true}]}}