{"id":101629,"date":"2023-04-26T14:57:11","date_gmt":"2023-04-26T12:57:11","guid":{"rendered":"https:\/\/neocarbone.com\/?post_type=product&#038;p=101629"},"modified":"2024-12-31T00:03:03","modified_gmt":"2024-12-30T22:03:03","slug":"red-mesh-bag","status":"publish","type":"product","link":"https:\/\/neocarbone.com\/fr\/product\/red-mesh-bag\/","title":{"rendered":"Sac en filet rouge"},"content":{"rendered":"<p>Le sac en filet est id\u00e9al pour collecter des coquillages : il est en nylon ultra r\u00e9sistant ; poign\u00e9e ergonomique avec loquet ; facile \u00e0 ouvrir avec des gants ; supporte une charge allant jusqu&#039;\u00e0 50 kg; ouverture recouverte d&#039;une toile transparente en poly\u00e9thyl\u00e8ne ; la doublure est \u00e0 30 cm de l&#039;ouverture avec triple couture sur les bords ; insertion facile de tous types de coques ; longueur 60 cm ; largeur en bas 50 cm.<\/p>","protected":false},"excerpt":{"rendered":"<p>Le sac en filet est id\u00e9al pour collecter des coquillages : il est en nylon ultra r\u00e9sistant ; poign\u00e9e ergonomique avec loquet ; facile \u00e0 ouvrir avec des gants ; supporte une charge allant jusqu&#039;\u00e0 50 kg; ouverture recouverte d&#039;une toile transparente en poly\u00e9thyl\u00e8ne ; la doublure est \u00e0 30 cm de l&#039;ouverture avec triple couture sur les bords ; insertion facile de tous types de coques ; longueur 60 cm ; largeur en bas 50 cm.<\/p>","protected":false},"featured_media":101635,"template":"","meta":{"_et_pb_use_builder":"","_et_pb_old_content":"","_et_gb_content_width":""},"product_brand":[],"product_cat":[131,86],"product_tag":[],"class_list":{"0":"post-101629","1":"product","2":"type-product","3":"status-publish","4":"has-post-thumbnail","6":"product_cat-akcija","7":"product_cat-torbe","9":"first","10":"instock","11":"shipping-taxable","12":"purchasable","13":"product-type-simple"},"_links":{"self":[{"href":"https:\/\/neocarbone.com\/fr\/wp-json\/wp\/v2\/product\/101629","targetHints":{"allow":["GET"]}}],"collection":[{"href":"https:\/\/neocarbone.com\/fr\/wp-json\/wp\/v2\/product"}],"about":[{"href":"https:\/\/neocarbone.com\/fr\/wp-json\/wp\/v2\/types\/product"}],"wp:featuredmedia":[{"embeddable":true,"href":"https:\/\/neocarbone.com\/fr\/wp-json\/wp\/v2\/media\/101635"}],"wp:attachment":[{"href":"https:\/\/neocarbone.com\/fr\/wp-json\/wp\/v2\/media?parent=101629"}],"wp:term":[{"taxonomy":"product_brand","embeddable":true,"href":"https:\/\/neocarbone.com\/fr\/wp-json\/wp\/v2\/product_brand?post=101629"},{"taxonomy":"product_cat","embeddable":true,"href":"https:\/\/neocarbone.com\/fr\/wp-json\/wp\/v2\/product_cat?post=101629"},{"taxonomy":"product_tag","embeddable":true,"href":"https:\/\/neocarbone.com\/fr\/wp-json\/wp\/v2\/product_tag?post=101629"}],"curies":[{"name":"wp","href":"https:\/\/api.w.org\/{rel}","templated":true}]}}