{"id":101630,"date":"2023-04-26T14:57:11","date_gmt":"2023-04-26T12:57:11","guid":{"rendered":"https:\/\/neocarbone.com\/?post_type=product&#038;p=101630"},"modified":"2024-11-27T14:31:55","modified_gmt":"2024-11-27T12:31:55","slug":"diver-bag","status":"publish","type":"product","link":"https:\/\/neocarbone.com\/fr\/product\/diver-bag\/","title":{"rendered":"Sac de plong\u00e9e"},"content":{"rendered":"<p>Sac \u00e9tanche trait\u00e9 avec rev\u00eatement PVC<br \/>\n- Poche renforc\u00e9e \u00e0 l&#039;int\u00e9rieur - Equip\u00e9 de deux bretelles pour un meilleur confort - Bouchon de vidange - Dimensions : 90x35x35 cm - Volume : 110 litres, poids : 1,6 kg - Les instructions sont sur le c\u00f4t\u00e9 de la languette - Epaisseur de la languette : 2mm<\/p>","protected":false},"excerpt":{"rendered":"<p>Vodootporna torba tretirana PVC premazom &#8211; Oja\u010dani d\u017eep iznutra- Opremljena sa dvije naramenice za bolji komfor- \u010cep za drena\u017eu- Dimenzije: 90x35x35 cm- Volumen: 110 litara, te\u017eina: 1,6 kg- Upute se nalaze na boku jezi\u010dca- Debljina jezi\u010dca : 2mm<\/p>","protected":false},"featured_media":101639,"template":"","meta":{"_et_pb_use_builder":"","_et_pb_old_content":"","_et_gb_content_width":""},"product_brand":[],"product_cat":[86],"product_tag":[],"class_list":{"0":"post-101630","1":"product","2":"type-product","3":"status-publish","4":"has-post-thumbnail","6":"product_cat-torbe","8":"first","9":"outofstock","10":"shipping-taxable","11":"purchasable","12":"product-type-simple"},"_links":{"self":[{"href":"https:\/\/neocarbone.com\/fr\/wp-json\/wp\/v2\/product\/101630","targetHints":{"allow":["GET"]}}],"collection":[{"href":"https:\/\/neocarbone.com\/fr\/wp-json\/wp\/v2\/product"}],"about":[{"href":"https:\/\/neocarbone.com\/fr\/wp-json\/wp\/v2\/types\/product"}],"wp:featuredmedia":[{"embeddable":true,"href":"https:\/\/neocarbone.com\/fr\/wp-json\/wp\/v2\/media\/101639"}],"wp:attachment":[{"href":"https:\/\/neocarbone.com\/fr\/wp-json\/wp\/v2\/media?parent=101630"}],"wp:term":[{"taxonomy":"product_brand","embeddable":true,"href":"https:\/\/neocarbone.com\/fr\/wp-json\/wp\/v2\/product_brand?post=101630"},{"taxonomy":"product_cat","embeddable":true,"href":"https:\/\/neocarbone.com\/fr\/wp-json\/wp\/v2\/product_cat?post=101630"},{"taxonomy":"product_tag","embeddable":true,"href":"https:\/\/neocarbone.com\/fr\/wp-json\/wp\/v2\/product_tag?post=101630"}],"curies":[{"name":"wp","href":"https:\/\/api.w.org\/{rel}","templated":true}]}}