{"id":101632,"date":"2023-04-26T14:57:11","date_gmt":"2023-04-26T12:57:11","guid":{"rendered":"https:\/\/neocarbone.com\/?post_type=product&#038;p=101632"},"modified":"2024-11-27T14:30:24","modified_gmt":"2024-11-27T12:30:24","slug":"spearbag","status":"publish","type":"product","link":"https:\/\/neocarbone.com\/fr\/product\/spearbag\/","title":{"rendered":"SpearBag"},"content":{"rendered":"<p>Mati\u00e8re polyester imperm\u00e9able 600x600D \/ Doublure PVC, dimensions : 175\u00d723<br \/>\n- \u00c0 l&#039;ext\u00e9rieur il y a des bretelles avec boucles - \u00c0 l&#039;int\u00e9rieur il y a des sangles velcro pour fixer les fl\u00e8ches et les pistolets, les c\u00f4t\u00e9s sont pli\u00e9s et ajust\u00e9s avec des boucles pour ajuster la taille du sac lui-m\u00eame - Volume id\u00e9al pour transporter un \u00e9quipement complet.<\/p>","protected":false},"excerpt":{"rendered":"<p>Vodootporni poliesterski materijaj 600x600D \/ PVC postava, dimenzije: 175&#215;23 &#8211; Izvana se nalaze naramenice sa kop\u010dom- Unutar se nalaze velcro trake za fiksiranje strelica i pu\u0161aka, stranice se preklapaju i pode\u0161avaju pomo\u0107u kop\u010di kako bi se prilagodila veli\u010dina same torbe- Idealnog volumena za no\u0161enje kompletne opreme.<\/p>","protected":false},"featured_media":101646,"template":"","meta":{"_et_pb_use_builder":"","_et_pb_old_content":"","_et_gb_content_width":""},"product_brand":[],"product_cat":[86],"product_tag":[],"class_list":{"0":"post-101632","1":"product","2":"type-product","3":"status-publish","4":"has-post-thumbnail","6":"product_cat-torbe","8":"first","9":"outofstock","10":"shipping-taxable","11":"purchasable","12":"product-type-simple"},"_links":{"self":[{"href":"https:\/\/neocarbone.com\/fr\/wp-json\/wp\/v2\/product\/101632","targetHints":{"allow":["GET"]}}],"collection":[{"href":"https:\/\/neocarbone.com\/fr\/wp-json\/wp\/v2\/product"}],"about":[{"href":"https:\/\/neocarbone.com\/fr\/wp-json\/wp\/v2\/types\/product"}],"wp:featuredmedia":[{"embeddable":true,"href":"https:\/\/neocarbone.com\/fr\/wp-json\/wp\/v2\/media\/101646"}],"wp:attachment":[{"href":"https:\/\/neocarbone.com\/fr\/wp-json\/wp\/v2\/media?parent=101632"}],"wp:term":[{"taxonomy":"product_brand","embeddable":true,"href":"https:\/\/neocarbone.com\/fr\/wp-json\/wp\/v2\/product_brand?post=101632"},{"taxonomy":"product_cat","embeddable":true,"href":"https:\/\/neocarbone.com\/fr\/wp-json\/wp\/v2\/product_cat?post=101632"},{"taxonomy":"product_tag","embeddable":true,"href":"https:\/\/neocarbone.com\/fr\/wp-json\/wp\/v2\/product_tag?post=101632"}],"curies":[{"name":"wp","href":"https:\/\/api.w.org\/{rel}","templated":true}]}}