{"id":101634,"date":"2023-04-26T14:57:12","date_gmt":"2023-04-26T12:57:12","guid":{"rendered":"https:\/\/neocarbone.com\/?post_type=product&#038;p=101634"},"modified":"2024-12-31T00:03:03","modified_gmt":"2024-12-30T22:03:03","slug":"waterproof-bag-sailor-backpack-90l","status":"publish","type":"product","link":"https:\/\/neocarbone.com\/fr\/product\/waterproof-bag-sailor-backpack-90l\/","title":{"rendered":"Sac \u00e9tanche - SAILOR Backpack 90L"},"content":{"rendered":"<p>Sacs \u00e9tanches mod\u00e8les 30 et 90 litres<br \/>\n\u2013 Souple et robuste.- 2 bretelles pour la version 90 litres- Boucles en acier inoxydable- Coutures thermosoud\u00e9es sur toute la longueur du sac<\/p>","protected":false},"excerpt":{"rendered":"<p>Vodootporne torbe modeli 30 i 90 litara &#8211; Mekane i \u010dvrste.- 2 naramenice za verziju od 90 litara- Kop\u010de od nehr\u0111aju\u0107eg \u010delika- \u0160avovi su termalno zape\u010da\u0107eni po cijeloj du\u017eini torbe<\/p>","protected":false},"featured_media":101652,"template":"","meta":{"_et_pb_use_builder":"","_et_pb_old_content":"","_et_gb_content_width":""},"product_brand":[],"product_cat":[131,86],"product_tag":[],"class_list":{"0":"post-101634","1":"product","2":"type-product","3":"status-publish","4":"has-post-thumbnail","6":"product_cat-akcija","7":"product_cat-torbe","9":"first","10":"instock","11":"shipping-taxable","12":"purchasable","13":"product-type-simple"},"_links":{"self":[{"href":"https:\/\/neocarbone.com\/fr\/wp-json\/wp\/v2\/product\/101634","targetHints":{"allow":["GET"]}}],"collection":[{"href":"https:\/\/neocarbone.com\/fr\/wp-json\/wp\/v2\/product"}],"about":[{"href":"https:\/\/neocarbone.com\/fr\/wp-json\/wp\/v2\/types\/product"}],"wp:featuredmedia":[{"embeddable":true,"href":"https:\/\/neocarbone.com\/fr\/wp-json\/wp\/v2\/media\/101652"}],"wp:attachment":[{"href":"https:\/\/neocarbone.com\/fr\/wp-json\/wp\/v2\/media?parent=101634"}],"wp:term":[{"taxonomy":"product_brand","embeddable":true,"href":"https:\/\/neocarbone.com\/fr\/wp-json\/wp\/v2\/product_brand?post=101634"},{"taxonomy":"product_cat","embeddable":true,"href":"https:\/\/neocarbone.com\/fr\/wp-json\/wp\/v2\/product_cat?post=101634"},{"taxonomy":"product_tag","embeddable":true,"href":"https:\/\/neocarbone.com\/fr\/wp-json\/wp\/v2\/product_tag?post=101634"}],"curies":[{"name":"wp","href":"https:\/\/api.w.org\/{rel}","templated":true}]}}