{"id":101657,"date":"2023-04-26T14:59:18","date_gmt":"2023-04-26T12:59:18","guid":{"rendered":"https:\/\/neocarbone.com\/?post_type=product&#038;p=101657"},"modified":"2025-01-31T00:01:58","modified_gmt":"2025-01-30T22:01:58","slug":"epsealon-e-visio-2","status":"publish","type":"product","link":"https:\/\/neocarbone.com\/fr\/product\/epsealon-e-visio-2\/","title":{"rendered":"Masque Epsealon \u2013 E-visio 2"},"content":{"rendered":"<p>Masque polyvalent, volume moyen avec vue large, noir<br \/>\nsilicone hypoallerg\u00e9nique; cadre en polycarbonate noir, Red Fusion ou Shadow ; boucles \u00e0 r\u00e9glage rapide, r\u00e9glables avec des gants \u00e9pais. Le mod\u00e8le Red Fusion existe uniquement avec les lunettes Red Flash. Disponible dans une version \u00e0 bretelles \u00e9paisses.<\/p>","protected":false},"excerpt":{"rendered":"<p>Vi\u0161enamjenska maska, srednjeg volumena sa \u0161irokim pogledom, crni hipoalergenski silikon; crni,Red Fusion ili Shadow polikarbonatniokvir; kop\u010de s brzim pode\u0161avanjem, mogu se podesitis debelim rukavicama. Model Red Fusion postoji samo sa Red Flashstaklima. Dostupno u verziji sa debelim remenima.<\/p>","protected":false},"featured_media":101680,"template":"","meta":{"_et_pb_use_builder":"","_et_pb_old_content":"","_et_gb_content_width":""},"product_brand":[],"product_cat":[131,88],"product_tag":[],"class_list":{"0":"post-101657","1":"product","2":"type-product","3":"status-publish","4":"has-post-thumbnail","6":"product_cat-akcija","7":"product_cat-maske","9":"first","10":"instock","11":"shipping-taxable","12":"purchasable","13":"product-type-simple"},"_links":{"self":[{"href":"https:\/\/neocarbone.com\/fr\/wp-json\/wp\/v2\/product\/101657","targetHints":{"allow":["GET"]}}],"collection":[{"href":"https:\/\/neocarbone.com\/fr\/wp-json\/wp\/v2\/product"}],"about":[{"href":"https:\/\/neocarbone.com\/fr\/wp-json\/wp\/v2\/types\/product"}],"wp:featuredmedia":[{"embeddable":true,"href":"https:\/\/neocarbone.com\/fr\/wp-json\/wp\/v2\/media\/101680"}],"wp:attachment":[{"href":"https:\/\/neocarbone.com\/fr\/wp-json\/wp\/v2\/media?parent=101657"}],"wp:term":[{"taxonomy":"product_brand","embeddable":true,"href":"https:\/\/neocarbone.com\/fr\/wp-json\/wp\/v2\/product_brand?post=101657"},{"taxonomy":"product_cat","embeddable":true,"href":"https:\/\/neocarbone.com\/fr\/wp-json\/wp\/v2\/product_cat?post=101657"},{"taxonomy":"product_tag","embeddable":true,"href":"https:\/\/neocarbone.com\/fr\/wp-json\/wp\/v2\/product_tag?post=101657"}],"curies":[{"name":"wp","href":"https:\/\/api.w.org\/{rel}","templated":true}]}}