{"id":101667,"date":"2023-04-26T14:59:19","date_gmt":"2023-04-26T12:59:19","guid":{"rendered":"https:\/\/neocarbone.com\/?post_type=product&#038;p=101667"},"modified":"2025-01-31T00:01:57","modified_gmt":"2025-01-30T22:01:57","slug":"seaquest-motion-fat-strap","status":"publish","type":"product","link":"https:\/\/neocarbone.com\/fr\/product\/seaquest-motion-fat-strap\/","title":{"rendered":"SeaQuest Motion + sangle de graisse"},"content":{"rendered":"<p>Masque multi-usages, volume moyen. Doux et confortable<br \/>\njupe en silicone noir hypoallerg\u00e9nique. Polycarbonate noir<br \/>\ncadre avec support cam\u00e9ra type Gopro\u00ae. Boucles avec<br \/>\nr\u00e9glage rapide, peut \u00eatre ajust\u00e9 avec des gants \u00e9pais. disponible en version fat strap.<\/p>","protected":false},"excerpt":{"rendered":"<p>Multi-purpose mask, medium volume. Soft and comfortable hypoallergenic black silicone skirt. Black polycarbonate frame with Gopro\u00ae type camera support. Buckles with quick adjustment, can be adjusted with thick gloves. available in fat strap version.<\/p>","protected":false},"featured_media":101701,"template":"","meta":{"_et_pb_use_builder":"","_et_pb_old_content":"","_et_gb_content_width":""},"product_brand":[],"product_cat":[131,88],"product_tag":[],"class_list":{"0":"post-101667","1":"product","2":"type-product","3":"status-publish","4":"has-post-thumbnail","6":"product_cat-akcija","7":"product_cat-maske","9":"first","10":"instock","11":"shipping-taxable","12":"purchasable","13":"product-type-simple"},"_links":{"self":[{"href":"https:\/\/neocarbone.com\/fr\/wp-json\/wp\/v2\/product\/101667","targetHints":{"allow":["GET"]}}],"collection":[{"href":"https:\/\/neocarbone.com\/fr\/wp-json\/wp\/v2\/product"}],"about":[{"href":"https:\/\/neocarbone.com\/fr\/wp-json\/wp\/v2\/types\/product"}],"wp:featuredmedia":[{"embeddable":true,"href":"https:\/\/neocarbone.com\/fr\/wp-json\/wp\/v2\/media\/101701"}],"wp:attachment":[{"href":"https:\/\/neocarbone.com\/fr\/wp-json\/wp\/v2\/media?parent=101667"}],"wp:term":[{"taxonomy":"product_brand","embeddable":true,"href":"https:\/\/neocarbone.com\/fr\/wp-json\/wp\/v2\/product_brand?post=101667"},{"taxonomy":"product_cat","embeddable":true,"href":"https:\/\/neocarbone.com\/fr\/wp-json\/wp\/v2\/product_cat?post=101667"},{"taxonomy":"product_tag","embeddable":true,"href":"https:\/\/neocarbone.com\/fr\/wp-json\/wp\/v2\/product_tag?post=101667"}],"curies":[{"name":"wp","href":"https:\/\/api.w.org\/{rel}","templated":true}]}}