{"id":101668,"date":"2023-04-26T14:59:19","date_gmt":"2023-04-26T12:59:19","guid":{"rendered":"https:\/\/neocarbone.com\/?post_type=product&#038;p=101668"},"modified":"2025-01-31T00:01:57","modified_gmt":"2025-01-30T22:01:57","slug":"e-visio2-camo-shadow-fat-strap","status":"publish","type":"product","link":"https:\/\/neocarbone.com\/fr\/product\/e-visio2-camo-shadow-fat-strap\/","title":{"rendered":"E-Visio2 Camo Shadow + sangle de graisse"},"content":{"rendered":"<p>Masque masque polyvalent, volume moyen avec vue large, noir<br \/>\nsilicone hypoallerg\u00e9nique; polycarbonate Fusion ou Shadow noir, rouge<br \/>cadre boucles \u00e0 r\u00e9glage rapide, r\u00e9glables<br \/>avec des gants \u00e9pais. Le mod\u00e8le Red Fusion existe uniquement en Red Flash<br \/>lentilles. disponible en version fat strap.<\/p>","protected":false},"excerpt":{"rendered":"<p>Masque multifonctionnel, volume moyen et large champ de vision, en silicone hypoallerg\u00e9nique noir\u00a0; monture en polycarbonate noir, rouge Fusion ou Shadow\u00a0; boucles \u00e0 r\u00e9glage rapide, ajustables m\u00eame avec des gants \u00e9pais. Le mod\u00e8le Red Fusion est uniquement disponible avec des verres Red Flashlenses. Disponible \u00e9galement avec une sangle \u00e9paisse.<\/p>","protected":false},"featured_media":101705,"template":"","meta":{"_et_pb_use_builder":"","_et_pb_old_content":"","_et_gb_content_width":""},"product_brand":[],"product_cat":[131,88],"product_tag":[],"class_list":{"0":"post-101668","1":"product","2":"type-product","3":"status-publish","4":"has-post-thumbnail","6":"product_cat-akcija","7":"product_cat-maske","9":"first","10":"instock","11":"shipping-taxable","12":"purchasable","13":"product-type-simple"},"_links":{"self":[{"href":"https:\/\/neocarbone.com\/fr\/wp-json\/wp\/v2\/product\/101668","targetHints":{"allow":["GET"]}}],"collection":[{"href":"https:\/\/neocarbone.com\/fr\/wp-json\/wp\/v2\/product"}],"about":[{"href":"https:\/\/neocarbone.com\/fr\/wp-json\/wp\/v2\/types\/product"}],"wp:featuredmedia":[{"embeddable":true,"href":"https:\/\/neocarbone.com\/fr\/wp-json\/wp\/v2\/media\/101705"}],"wp:attachment":[{"href":"https:\/\/neocarbone.com\/fr\/wp-json\/wp\/v2\/media?parent=101668"}],"wp:term":[{"taxonomy":"product_brand","embeddable":true,"href":"https:\/\/neocarbone.com\/fr\/wp-json\/wp\/v2\/product_brand?post=101668"},{"taxonomy":"product_cat","embeddable":true,"href":"https:\/\/neocarbone.com\/fr\/wp-json\/wp\/v2\/product_cat?post=101668"},{"taxonomy":"product_tag","embeddable":true,"href":"https:\/\/neocarbone.com\/fr\/wp-json\/wp\/v2\/product_tag?post=101668"}],"curies":[{"name":"wp","href":"https:\/\/api.w.org\/{rel}","templated":true}]}}