{"id":101744,"date":"2023-04-26T15:02:35","date_gmt":"2023-04-26T13:02:35","guid":{"rendered":"https:\/\/neocarbone.com\/?post_type=product&#038;p=101744"},"modified":"2025-11-07T21:50:58","modified_gmt":"2025-11-07T19:50:58","slug":"elysium-black-70m","status":"publish","type":"product","link":"https:\/\/neocarbone.com\/fr\/product\/elysium-black-70m\/","title":{"rendered":"\u00c9lys\u00e9e Noir 70m"},"content":{"rendered":"<p>Enrouleur ultra compact, disponible en 3 versions anodis\u00e9es : aluminium, noir et rouge d&#039;une capacit\u00e9 de 15, 30, 50 et 70 m\u00e8tres pour cordes d&#039;\u00e9paisseur 1,5 mm ;<br \/>\nBobine en aluminium, tambour et guide en acier inoxydable. Poign\u00e9e pliable pour r\u00e9duire le volume. Disponible en versions avec kit de montage ou base plate.<\/p>","protected":false},"excerpt":{"rendered":"<p>Ultra kompaktni mulinel, dostupan u 3 anodizirane verzije : aluminij, crna i crvena kapaciteta 15, 30, 50 i 70 metara za konope debljine 1,5mm; Aluminijski kalem, te bubanj i vodilica od nehr\u0111aju\u0107eg \u010delikasklopiva ru\u010dica zbog smanjenja obujmaDostupno u verzijama sa kitom za monta\u017eu ili ravnom bazom.<\/p>","protected":false},"featured_media":101762,"template":"","meta":{"_et_pb_use_builder":"","_et_pb_old_content":"","_et_gb_content_width":""},"product_brand":[],"product_cat":[131,85],"product_tag":[],"class_list":{"0":"post-101744","1":"product","2":"type-product","3":"status-publish","4":"has-post-thumbnail","6":"product_cat-akcija","7":"product_cat-mulineli-reels","9":"first","10":"instock","11":"sale","12":"shipping-taxable","13":"purchasable","14":"product-type-simple"},"_links":{"self":[{"href":"https:\/\/neocarbone.com\/fr\/wp-json\/wp\/v2\/product\/101744","targetHints":{"allow":["GET"]}}],"collection":[{"href":"https:\/\/neocarbone.com\/fr\/wp-json\/wp\/v2\/product"}],"about":[{"href":"https:\/\/neocarbone.com\/fr\/wp-json\/wp\/v2\/types\/product"}],"wp:featuredmedia":[{"embeddable":true,"href":"https:\/\/neocarbone.com\/fr\/wp-json\/wp\/v2\/media\/101762"}],"wp:attachment":[{"href":"https:\/\/neocarbone.com\/fr\/wp-json\/wp\/v2\/media?parent=101744"}],"wp:term":[{"taxonomy":"product_brand","embeddable":true,"href":"https:\/\/neocarbone.com\/fr\/wp-json\/wp\/v2\/product_brand?post=101744"},{"taxonomy":"product_cat","embeddable":true,"href":"https:\/\/neocarbone.com\/fr\/wp-json\/wp\/v2\/product_cat?post=101744"},{"taxonomy":"product_tag","embeddable":true,"href":"https:\/\/neocarbone.com\/fr\/wp-json\/wp\/v2\/product_tag?post=101744"}],"curies":[{"name":"wp","href":"https:\/\/api.w.org\/{rel}","templated":true}]}}