{"id":101803,"date":"2023-04-26T15:08:10","date_gmt":"2023-04-26T13:08:10","guid":{"rendered":"https:\/\/neocarbone.com\/?post_type=product&#038;p=101803"},"modified":"2025-01-31T00:02:00","modified_gmt":"2025-01-30T22:02:00","slug":"microsub-teflon","status":"publish","type":"product","link":"https:\/\/neocarbone.com\/fr\/product\/microsub-teflon\/","title":{"rendered":"Microsub t\u00e9flon"},"content":{"rendered":"<p>Lame disponible avec rev\u00eatement en t\u00e9flon\u00a0;<\/p>\n<p>acier inoxydable W 1.4116\u00a0;<\/p>\n<p>duret\u00e9 HRC 56-58\u00a0;<\/p>\n<p>Poign\u00e9e ABS \/ coque rigide Poulies PP \/ PVC avec clips plastiques ;<\/p>\n<p>le trou au centre de la lame vous aidera \u00e0 saisir et \u00e0 tirer la fl\u00e8che ;<\/p>\n<p>longueur totale du couteau : 14,5 cm ;<\/p>\n<p>longueur de la lame : 6 cm ;<\/p>\n<p>\u00e9paisseur du couteau : 3,8 mm ;<\/p>\n<p>largeur de la lame : 23 mm ;<\/p>\n<p>poids total : 77g ;<\/p>\n<p>poids du couteau : 52g.<\/p>","protected":false},"excerpt":{"rendered":"<p>O\u0161trica dostupna u teflonskom premazu; nehr\u0111aju\u0107i \u010delik W 1,4116; krutost HRC 56-58; ABS ru\u010dica \/ kruti omota\u010d PP \/ PVC remenice s plasti\u010dnim kop\u010dama; rupa u sredini o\u0161trice pomo\u0107i \u0107e vam da zgrabite i izvu\u010dete strelicu; ukupna duljina no\u017ea: 14.5 cm; o\u0161trica du\u017eina: 6 cm; debljina no\u017ea: 3.8 mm; \u0161irina no\u017ea: 23 mm; ukupna te\u017eina: [&hellip;]<\/p>\n","protected":false},"featured_media":101820,"template":"","meta":{"_et_pb_use_builder":"","_et_pb_old_content":"","_et_gb_content_width":""},"product_brand":[],"product_cat":[131,87],"product_tag":[],"class_list":{"0":"post-101803","1":"product","2":"type-product","3":"status-publish","4":"has-post-thumbnail","6":"product_cat-akcija","7":"product_cat-nozevi","9":"first","10":"instock","11":"shipping-taxable","12":"purchasable","13":"product-type-simple"},"_links":{"self":[{"href":"https:\/\/neocarbone.com\/fr\/wp-json\/wp\/v2\/product\/101803","targetHints":{"allow":["GET"]}}],"collection":[{"href":"https:\/\/neocarbone.com\/fr\/wp-json\/wp\/v2\/product"}],"about":[{"href":"https:\/\/neocarbone.com\/fr\/wp-json\/wp\/v2\/types\/product"}],"wp:featuredmedia":[{"embeddable":true,"href":"https:\/\/neocarbone.com\/fr\/wp-json\/wp\/v2\/media\/101820"}],"wp:attachment":[{"href":"https:\/\/neocarbone.com\/fr\/wp-json\/wp\/v2\/media?parent=101803"}],"wp:term":[{"taxonomy":"product_brand","embeddable":true,"href":"https:\/\/neocarbone.com\/fr\/wp-json\/wp\/v2\/product_brand?post=101803"},{"taxonomy":"product_cat","embeddable":true,"href":"https:\/\/neocarbone.com\/fr\/wp-json\/wp\/v2\/product_cat?post=101803"},{"taxonomy":"product_tag","embeddable":true,"href":"https:\/\/neocarbone.com\/fr\/wp-json\/wp\/v2\/product_tag?post=101803"}],"curies":[{"name":"wp","href":"https:\/\/api.w.org\/{rel}","templated":true}]}}