{"id":101842,"date":"2023-04-26T15:11:23","date_gmt":"2023-04-26T13:11:23","guid":{"rendered":"https:\/\/neocarbone.com\/?post_type=product&#038;p=101842"},"modified":"2023-04-26T15:13:18","modified_gmt":"2023-04-26T13:13:18","slug":"fins-footpocket-legends","status":"publish","type":"product","link":"https:\/\/neocarbone.com\/fr\/product\/fins-footpocket-legends\/","title":{"rendered":"Chausson pour palmes LEGENDS"},"content":{"rendered":"<ul>\n<li>Les palmes LEGENDS sont le r\u00e9sultat d&#039;un \u00e9quilibre parfait entre performance, puissance et maniabilit\u00e9,<\/li>\n<li>Le chausson LEGENDS est r\u00e9alis\u00e9 de mani\u00e8re artisanale selon un savoir-faire unique qui permet de m\u00e9langer,<\/li>\n<li>3 types de duret\u00e9 pour un rendement, un confort et une l\u00e9g\u00e8ret\u00e9 optimale,<\/li>\n<li>Con\u00e7u selon l&#039;architecture unique du chausson LEGENDS.<\/li>\n<\/ul>","protected":false},"excerpt":{"rendered":"<p>The LEGENDS fins are the result of a perfect balance between performance, power, and maneuverability, The LEGENDS foot pocket is produced in a traditional way according to unique know-how which allows to mix, 3 types of hardness for a yield, comfort, and optimum lightness, Designed according to the unique architecture of the LEGENDS foot pocket.<\/p>","protected":false},"featured_media":101872,"template":"","meta":{"_et_pb_use_builder":"","_et_pb_old_content":"","_et_gb_content_width":""},"product_brand":[],"product_cat":[110],"product_tag":[],"class_list":{"0":"post-101842","1":"product","2":"type-product","3":"status-publish","4":"has-post-thumbnail","6":"product_cat-peraje","8":"first","9":"instock","10":"shipping-taxable","11":"purchasable","12":"product-type-variable"},"_links":{"self":[{"href":"https:\/\/neocarbone.com\/fr\/wp-json\/wp\/v2\/product\/101842","targetHints":{"allow":["GET"]}}],"collection":[{"href":"https:\/\/neocarbone.com\/fr\/wp-json\/wp\/v2\/product"}],"about":[{"href":"https:\/\/neocarbone.com\/fr\/wp-json\/wp\/v2\/types\/product"}],"wp:featuredmedia":[{"embeddable":true,"href":"https:\/\/neocarbone.com\/fr\/wp-json\/wp\/v2\/media\/101872"}],"wp:attachment":[{"href":"https:\/\/neocarbone.com\/fr\/wp-json\/wp\/v2\/media?parent=101842"}],"wp:term":[{"taxonomy":"product_brand","embeddable":true,"href":"https:\/\/neocarbone.com\/fr\/wp-json\/wp\/v2\/product_brand?post=101842"},{"taxonomy":"product_cat","embeddable":true,"href":"https:\/\/neocarbone.com\/fr\/wp-json\/wp\/v2\/product_cat?post=101842"},{"taxonomy":"product_tag","embeddable":true,"href":"https:\/\/neocarbone.com\/fr\/wp-json\/wp\/v2\/product_tag?post=101842"}],"curies":[{"name":"wp","href":"https:\/\/api.w.org\/{rel}","templated":true}]}}