{"id":101846,"date":"2023-04-26T15:11:23","date_gmt":"2023-04-26T13:11:23","guid":{"rendered":"https:\/\/neocarbone.com\/?post_type=product&#038;p=101846"},"modified":"2025-12-31T06:16:59","modified_gmt":"2025-12-31T04:16:59","slug":"magnum-fins","status":"publish","type":"product","link":"https:\/\/neocarbone.com\/fr\/product\/magnum-fins\/","title":{"rendered":"Palmes Magnum"},"content":{"rendered":"<p>Palmes de chasse sous-marine avec pinces stabilisatrices et lames rempla\u00e7ables.<br \/>\n\u2013 Disponible en 4 tailles.<br \/>\n\u2013 Longueur du drap de rechange 61 cm (soit environ 30\u201d pour la taille 43-45).<br \/>\n\u2013 Longueur totale : 87 cm (soit environ 35\u2033 pour la taille 43-44).<br \/>\n\u2013 Poids : 1,15 kg = 2,53 lbs pour une paire de taille 43-44.<br \/>\n- Couleur noire.<br \/>\n\u2013 Tarif avec un syst\u00e8me d\u2019\u00e9gouts et un drive uniques.<br \/>\n\u2013 \u00c9galement disponible pour le syst\u00e8me POWER MAX pour plus de puissance.<\/p>","protected":false},"excerpt":{"rendered":"<p>Peraje za podvodni ribolov sa stabilizatorskim stezaljkama i izmjenjivim listovima. &#8211; Dostupne u 4 veli\u010dine. &#8211; Du\u017eina rezervnog lista 61 cm (ili oko 30\u201d za veli\u010dinu 43-45). &#8211; Ukupna du\u017eina: 87 cm (ili cca 35&#8243; za veli\u010dinu 43-44). &#8211; Te\u017eina: 1,15 kg = 2,53 lbs za par veli\u010dine 43-44. &#8211; Crna boja. &#8211; Stopa s [&hellip;]<\/p>\n","protected":false},"featured_media":101889,"template":"","meta":{"_et_pb_use_builder":"","_et_pb_old_content":"","_et_gb_content_width":""},"product_brand":[],"product_cat":[131,110],"product_tag":[],"class_list":{"0":"post-101846","1":"product","2":"type-product","3":"status-publish","4":"has-post-thumbnail","6":"product_cat-akcija","7":"product_cat-peraje","9":"first","10":"outofstock","11":"shipping-taxable","12":"purchasable","13":"product-type-variable"},"_links":{"self":[{"href":"https:\/\/neocarbone.com\/fr\/wp-json\/wp\/v2\/product\/101846","targetHints":{"allow":["GET"]}}],"collection":[{"href":"https:\/\/neocarbone.com\/fr\/wp-json\/wp\/v2\/product"}],"about":[{"href":"https:\/\/neocarbone.com\/fr\/wp-json\/wp\/v2\/types\/product"}],"wp:featuredmedia":[{"embeddable":true,"href":"https:\/\/neocarbone.com\/fr\/wp-json\/wp\/v2\/media\/101889"}],"wp:attachment":[{"href":"https:\/\/neocarbone.com\/fr\/wp-json\/wp\/v2\/media?parent=101846"}],"wp:term":[{"taxonomy":"product_brand","embeddable":true,"href":"https:\/\/neocarbone.com\/fr\/wp-json\/wp\/v2\/product_brand?post=101846"},{"taxonomy":"product_cat","embeddable":true,"href":"https:\/\/neocarbone.com\/fr\/wp-json\/wp\/v2\/product_cat?post=101846"},{"taxonomy":"product_tag","embeddable":true,"href":"https:\/\/neocarbone.com\/fr\/wp-json\/wp\/v2\/product_tag?post=101846"}],"curies":[{"name":"wp","href":"https:\/\/api.w.org\/{rel}","templated":true}]}}